{"id":1336,"date":"2018-01-11T11:38:50","date_gmt":"2018-01-11T10:38:50","guid":{"rendered":"https:\/\/www.mzclp.de\/?page_id=1336"},"modified":"2020-06-30T21:13:04","modified_gmt":"2020-06-30T19:13:04","slug":"support","status":"publish","type":"page","link":"https:\/\/www.mzclp.de\/?page_id=1336","title":{"rendered":"IT-Support"},"content":{"rendered":"<div class=\"tx-spacer clearfix\" style=\"height: 32px\"><\/div>\n<div class=\"tx-heading\" style=\"margin-bottom:24px; text-align: left;\"><h2 class=\"tx-heading-tag\" style=\"font-size:24px;\">IT Support f\u00fcr Schulen in Tr\u00e4gerschaft des Landkreises Cloppenburg<\/h2><\/div>\n<div class=\"tx-row \">\n<div class=\"tx-column tx-column-size-1-3\">\n<img loading=\"lazy\" decoding=\"async\" class=\"alignnone wp-image-1478 size-medium\" src=\"https:\/\/www.mzclp.de\/wp-content\/uploads\/2018\/01\/support-300x300.png\" alt=\"\" width=\"300\" height=\"300\" srcset=\"https:\/\/www.mzclp.de\/wp-content\/uploads\/2018\/01\/support-300x300.png 300w, https:\/\/www.mzclp.de\/wp-content\/uploads\/2018\/01\/support-150x150.png 150w, https:\/\/www.mzclp.de\/wp-content\/uploads\/2018\/01\/support.png 600w\" sizes=\"auto, (max-width: 300px) 100vw, 300px\" \/><br \/>\n<\/div>\n<div class=\"tx-column tx-column-size-2-3\">\n<h2 style=\"font-weight: 500;margin-bottom: 16px;margin-top: 0px;font-size: 26px;text-align: left\">Wie funktioniert unser Support?<\/h2>\n<p>Mit den Schulen ist individuell ein Meldesystem vereinbart. 1st-Level-Probleme werden i.d.R. durch die Schule selbst behoben, w\u00e4hrend komplexere F\u00e4lle durch Mitarbeitende externer Fachfirmen in Koordination mit unseren Technikern bearbeitet werden.<\/p>\n<p>Das sorgt i.d.R. f\u00fcr eine schnelle, reibungslose und vollst\u00e4ndig dokumentierte L\u00f6sung Ihrer Anfrage. So wird nichts vergessen und Sie haben jederzeit eine ganzheitliche \u00dcbersicht \u00fcber alle von Ihnen aufgegebenen Anfragen.<\/p>\n<\/div>\n<\/div>\n<div class=\"tx-spacer clearfix\" style=\"height: 64px\"><\/div>\n<div class=\"tx-cta\" style=\"\"><div class=\"tx-cta-text\">Wir unterst\u00fctzen Sie gerne per Fernwartung<\/div><a href=\"\" class=\"cta-button\"><\/a><div class=\"clear\"><\/div><\/div>\n<div class=\"tx-row \">\n<div class=\"tx-column tx-column-size-1-3\">\n<a href=\"https:\/\/www.mzclp.de\/wp-content\/downloads\/TeamViewerQS.exe\"><img loading=\"lazy\" decoding=\"async\" class=\"alignnone size-full wp-image-1389\" src=\"https:\/\/www.mzclp.de\/wp-content\/uploads\/2018\/01\/tv_programm.png\" alt=\"\" width=\"273\" height=\"402\" srcset=\"https:\/\/www.mzclp.de\/wp-content\/uploads\/2018\/01\/tv_programm.png 273w, https:\/\/www.mzclp.de\/wp-content\/uploads\/2018\/01\/tv_programm-204x300.png 204w\" sizes=\"auto, (max-width: 273px) 100vw, 273px\" \/><\/a><br \/>\n<\/div>\n<div class=\"tx-column tx-column-size-2-3\">\nTeamviewer ist ein Programm zur Fernwartung Ihres Arbeitsplatzes. Benutzen Sie dieses Programm, wenn Sie jemand anderem die M\u00f6glichket geben m\u00f6chten, zusammen mit Ihnen Ihren PC einzurichten. Installation und Nutzung ist denkbar einfach gehalten:<\/p>\n<ol>\n<li>Klicken Sie auf das Bild links oder den Download Button unten.<\/li>\n<li>Best\u00e4tigen Sie ggf. den Download der ausf\u00fchrbaren Datei &#8222;TeamViewerQS.exe&#8220;<\/li>\n<li>Nach erfolgreichen Download starten sie Datei.<\/li>\n<\/ol>\n<p>Nun sehen Sie das Programmfenster. So wie links zu sehen zeigt es 2 Nummern an. Das erste ist Ihre ID, diese wird ben\u00f6tigt um die Verbindung zu Ihrem PC aufzubauen. Das zweite ist Ihr Passwort, dieses ben\u00f6tigt der Supporttechniker, um die SItzung aufbauen zu d\u00fcrfen. <strong>Die ID bleibt im Regelfall gleich, das Passwort wird bei jedem Start neu generiert!<\/strong><\/p>\n<p><a href=\"https:\/\/www.teamviewer.com\/de\/\">zur Homepage des Herstellers<\/a><\/p>\n<a class=\"tx-button\" href=\"https:\/\/www.mzclp.de\/wp-content\/downloads\/TeamViewerQS.exe\" target=\"_self\" style=\"color: #FFFFFF; background-color: #f11303\">Download Teamviewer<\/a>\n<\/div>\n<\/div>\n","protected":false},"excerpt":{"rendered":"<a class=\"moretag noptoppad\" href=\"https:\/\/www.mzclp.de\/?page_id=1336\">Read More...<\/a>","protected":false},"author":2,"featured_media":313,"parent":0,"menu_order":0,"comment_status":"closed","ping_status":"closed","template":"","meta":{"_crdt_document":"","footnotes":""},"class_list":["post-1336","page","type-page","status-publish","has-post-thumbnail","hentry"],"yoast_head":"<!-- This site is optimized with the Yoast SEO plugin v27.5 - https:\/\/yoast.com\/product\/yoast-seo-wordpress\/ -->\n<title>IT-Support - Medienzentrum Cloppenburg<\/title>\n<meta name=\"robots\" content=\"index, follow, max-snippet:-1, max-image-preview:large, max-video-preview:-1\" \/>\n<link rel=\"canonical\" href=\"https:\/\/www.mzclp.de\/?page_id=1336\" \/>\n<meta property=\"og:locale\" content=\"de_DE\" \/>\n<meta property=\"og:type\" content=\"article\" \/>\n<meta property=\"og:title\" content=\"IT-Support - Medienzentrum Cloppenburg\" \/>\n<meta property=\"og:url\" content=\"https:\/\/www.mzclp.de\/?page_id=1336\" \/>\n<meta property=\"og:site_name\" content=\"Medienzentrum Cloppenburg\" \/>\n<meta property=\"article:modified_time\" content=\"2020-06-30T19:13:04+00:00\" \/>\n<meta property=\"og:image\" content=\"https:\/\/www.mzclp.de\/wp-content\/uploads\/2018\/01\/slide2.jpg\" \/>\n\t<meta property=\"og:image:width\" content=\"2000\" \/>\n\t<meta property=\"og:image:height\" content=\"1400\" \/>\n\t<meta property=\"og:image:type\" content=\"image\/jpeg\" \/>\n<meta name=\"twitter:card\" content=\"summary_large_image\" \/>\n<meta name=\"twitter:label1\" content=\"Gesch\u00e4tzte Lesezeit\" \/>\n\t<meta name=\"twitter:data1\" content=\"1\u00a0Minute\" \/>\n<script type=\"application\/ld+json\" class=\"yoast-schema-graph\">{\"@context\":\"https:\\\/\\\/schema.org\",\"@graph\":[{\"@type\":\"WebPage\",\"@id\":\"https:\\\/\\\/www.mzclp.de\\\/?page_id=1336\",\"url\":\"https:\\\/\\\/www.mzclp.de\\\/?page_id=1336\",\"name\":\"IT-Support - Medienzentrum Cloppenburg\",\"isPartOf\":{\"@id\":\"https:\\\/\\\/www.mzclp.de\\\/#website\"},\"primaryImageOfPage\":{\"@id\":\"https:\\\/\\\/www.mzclp.de\\\/?page_id=1336#primaryimage\"},\"image\":{\"@id\":\"https:\\\/\\\/www.mzclp.de\\\/?page_id=1336#primaryimage\"},\"thumbnailUrl\":\"https:\\\/\\\/www.mzclp.de\\\/wp-content\\\/uploads\\\/2018\\\/01\\\/slide2.jpg\",\"datePublished\":\"2018-01-11T10:38:50+00:00\",\"dateModified\":\"2020-06-30T19:13:04+00:00\",\"breadcrumb\":{\"@id\":\"https:\\\/\\\/www.mzclp.de\\\/?page_id=1336#breadcrumb\"},\"inLanguage\":\"de\",\"potentialAction\":[{\"@type\":\"ReadAction\",\"target\":[\"https:\\\/\\\/www.mzclp.de\\\/?page_id=1336\"]}]},{\"@type\":\"ImageObject\",\"inLanguage\":\"de\",\"@id\":\"https:\\\/\\\/www.mzclp.de\\\/?page_id=1336#primaryimage\",\"url\":\"https:\\\/\\\/www.mzclp.de\\\/wp-content\\\/uploads\\\/2018\\\/01\\\/slide2.jpg\",\"contentUrl\":\"https:\\\/\\\/www.mzclp.de\\\/wp-content\\\/uploads\\\/2018\\\/01\\\/slide2.jpg\",\"width\":2000,\"height\":1400},{\"@type\":\"BreadcrumbList\",\"@id\":\"https:\\\/\\\/www.mzclp.de\\\/?page_id=1336#breadcrumb\",\"itemListElement\":[{\"@type\":\"ListItem\",\"position\":1,\"name\":\"Startseite\",\"item\":\"https:\\\/\\\/www.mzclp.de\\\/\"},{\"@type\":\"ListItem\",\"position\":2,\"name\":\"IT-Support\"}]},{\"@type\":\"WebSite\",\"@id\":\"https:\\\/\\\/www.mzclp.de\\\/#website\",\"url\":\"https:\\\/\\\/www.mzclp.de\\\/\",\"name\":\"Medienzentrum Cloppenburg\",\"description\":\"Beratung - Medien - Technik\",\"publisher\":{\"@id\":\"https:\\\/\\\/www.mzclp.de\\\/#organization\"},\"potentialAction\":[{\"@type\":\"SearchAction\",\"target\":{\"@type\":\"EntryPoint\",\"urlTemplate\":\"https:\\\/\\\/www.mzclp.de\\\/?s={search_term_string}\"},\"query-input\":{\"@type\":\"PropertyValueSpecification\",\"valueRequired\":true,\"valueName\":\"search_term_string\"}}],\"inLanguage\":\"de\"},{\"@type\":\"Organization\",\"@id\":\"https:\\\/\\\/www.mzclp.de\\\/#organization\",\"name\":\"Medienzentrum Cloppenburg\",\"url\":\"https:\\\/\\\/www.mzclp.de\\\/\",\"logo\":{\"@type\":\"ImageObject\",\"inLanguage\":\"de\",\"@id\":\"https:\\\/\\\/www.mzclp.de\\\/#\\\/schema\\\/logo\\\/image\\\/\",\"url\":\"https:\\\/\\\/www.mzclp.de\\\/wp-content\\\/uploads\\\/2020\\\/06\\\/cropped-lkclpmzclpf-1.png\",\"contentUrl\":\"https:\\\/\\\/www.mzclp.de\\\/wp-content\\\/uploads\\\/2020\\\/06\\\/cropped-lkclpmzclpf-1.png\",\"width\":3195,\"height\":606,\"caption\":\"Medienzentrum Cloppenburg\"},\"image\":{\"@id\":\"https:\\\/\\\/www.mzclp.de\\\/#\\\/schema\\\/logo\\\/image\\\/\"}}]}<\/script>\n<!-- \/ Yoast SEO plugin. -->","yoast_head_json":{"title":"IT-Support - Medienzentrum Cloppenburg","robots":{"index":"index","follow":"follow","max-snippet":"max-snippet:-1","max-image-preview":"max-image-preview:large","max-video-preview":"max-video-preview:-1"},"canonical":"https:\/\/www.mzclp.de\/?page_id=1336","og_locale":"de_DE","og_type":"article","og_title":"IT-Support - Medienzentrum Cloppenburg","og_url":"https:\/\/www.mzclp.de\/?page_id=1336","og_site_name":"Medienzentrum Cloppenburg","article_modified_time":"2020-06-30T19:13:04+00:00","og_image":[{"width":2000,"height":1400,"url":"https:\/\/www.mzclp.de\/wp-content\/uploads\/2018\/01\/slide2.jpg","type":"image\/jpeg"}],"twitter_card":"summary_large_image","twitter_misc":{"Gesch\u00e4tzte Lesezeit":"1\u00a0Minute"},"schema":{"@context":"https:\/\/schema.org","@graph":[{"@type":"WebPage","@id":"https:\/\/www.mzclp.de\/?page_id=1336","url":"https:\/\/www.mzclp.de\/?page_id=1336","name":"IT-Support - Medienzentrum Cloppenburg","isPartOf":{"@id":"https:\/\/www.mzclp.de\/#website"},"primaryImageOfPage":{"@id":"https:\/\/www.mzclp.de\/?page_id=1336#primaryimage"},"image":{"@id":"https:\/\/www.mzclp.de\/?page_id=1336#primaryimage"},"thumbnailUrl":"https:\/\/www.mzclp.de\/wp-content\/uploads\/2018\/01\/slide2.jpg","datePublished":"2018-01-11T10:38:50+00:00","dateModified":"2020-06-30T19:13:04+00:00","breadcrumb":{"@id":"https:\/\/www.mzclp.de\/?page_id=1336#breadcrumb"},"inLanguage":"de","potentialAction":[{"@type":"ReadAction","target":["https:\/\/www.mzclp.de\/?page_id=1336"]}]},{"@type":"ImageObject","inLanguage":"de","@id":"https:\/\/www.mzclp.de\/?page_id=1336#primaryimage","url":"https:\/\/www.mzclp.de\/wp-content\/uploads\/2018\/01\/slide2.jpg","contentUrl":"https:\/\/www.mzclp.de\/wp-content\/uploads\/2018\/01\/slide2.jpg","width":2000,"height":1400},{"@type":"BreadcrumbList","@id":"https:\/\/www.mzclp.de\/?page_id=1336#breadcrumb","itemListElement":[{"@type":"ListItem","position":1,"name":"Startseite","item":"https:\/\/www.mzclp.de\/"},{"@type":"ListItem","position":2,"name":"IT-Support"}]},{"@type":"WebSite","@id":"https:\/\/www.mzclp.de\/#website","url":"https:\/\/www.mzclp.de\/","name":"Medienzentrum Cloppenburg","description":"Beratung - Medien - Technik","publisher":{"@id":"https:\/\/www.mzclp.de\/#organization"},"potentialAction":[{"@type":"SearchAction","target":{"@type":"EntryPoint","urlTemplate":"https:\/\/www.mzclp.de\/?s={search_term_string}"},"query-input":{"@type":"PropertyValueSpecification","valueRequired":true,"valueName":"search_term_string"}}],"inLanguage":"de"},{"@type":"Organization","@id":"https:\/\/www.mzclp.de\/#organization","name":"Medienzentrum Cloppenburg","url":"https:\/\/www.mzclp.de\/","logo":{"@type":"ImageObject","inLanguage":"de","@id":"https:\/\/www.mzclp.de\/#\/schema\/logo\/image\/","url":"https:\/\/www.mzclp.de\/wp-content\/uploads\/2020\/06\/cropped-lkclpmzclpf-1.png","contentUrl":"https:\/\/www.mzclp.de\/wp-content\/uploads\/2020\/06\/cropped-lkclpmzclpf-1.png","width":3195,"height":606,"caption":"Medienzentrum Cloppenburg"},"image":{"@id":"https:\/\/www.mzclp.de\/#\/schema\/logo\/image\/"}}]}},"_links":{"self":[{"href":"https:\/\/www.mzclp.de\/index.php?rest_route=\/wp\/v2\/pages\/1336","targetHints":{"allow":["GET"]}}],"collection":[{"href":"https:\/\/www.mzclp.de\/index.php?rest_route=\/wp\/v2\/pages"}],"about":[{"href":"https:\/\/www.mzclp.de\/index.php?rest_route=\/wp\/v2\/types\/page"}],"author":[{"embeddable":true,"href":"https:\/\/www.mzclp.de\/index.php?rest_route=\/wp\/v2\/users\/2"}],"replies":[{"embeddable":true,"href":"https:\/\/www.mzclp.de\/index.php?rest_route=%2Fwp%2Fv2%2Fcomments&post=1336"}],"version-history":[{"count":11,"href":"https:\/\/www.mzclp.de\/index.php?rest_route=\/wp\/v2\/pages\/1336\/revisions"}],"predecessor-version":[{"id":2329,"href":"https:\/\/www.mzclp.de\/index.php?rest_route=\/wp\/v2\/pages\/1336\/revisions\/2329"}],"wp:featuredmedia":[{"embeddable":true,"href":"https:\/\/www.mzclp.de\/index.php?rest_route=\/wp\/v2\/media\/313"}],"wp:attachment":[{"href":"https:\/\/www.mzclp.de\/index.php?rest_route=%2Fwp%2Fv2%2Fmedia&parent=1336"}],"curies":[{"name":"wp","href":"https:\/\/api.w.org\/{rel}","templated":true}]}}