{"id":1346,"date":"2018-01-11T13:10:21","date_gmt":"2018-01-11T12:10:21","guid":{"rendered":"https:\/\/www.mzclp.de\/?page_id=1346"},"modified":"2022-04-25T10:36:03","modified_gmt":"2022-04-25T08:36:03","slug":"beratung","status":"publish","type":"page","link":"https:\/\/www.mzclp.de\/?page_id=1346","title":{"rendered":"Beratung"},"content":{"rendered":"<div class=\"tx-row \">\n<div class=\"tx-column tx-column-size-1-4\">\n<div class=\"tx-spacer clearfix\" style=\"height: 16px\"><\/div>\n<p><img loading=\"lazy\" decoding=\"async\" class=\"alignnone size-medium wp-image-1636\" src=\"https:\/\/www.mzclp.de\/wp-content\/uploads\/2018\/01\/meeting2-286x300.png\" alt=\"\" width=\"286\" height=\"300\" srcset=\"https:\/\/www.mzclp.de\/wp-content\/uploads\/2018\/01\/meeting2-286x300.png 286w, https:\/\/www.mzclp.de\/wp-content\/uploads\/2018\/01\/meeting2.png 716w\" sizes=\"auto, (max-width: 286px) 100vw, 286px\" \/><\/p>\n<\/div>\n<div class=\"tx-column tx-column-size-3-4\">\n<h3>Der Beratungsbedarf in Schulen hinsichtlich der unterrichtlichen Einsatzm\u00f6glichkeiten und der Auswahl von neuen Medien steigt stetig.<\/h3>\n<p>Zur Erf\u00fcllung der didaktisch-methodischen Anforderungen an einen ver\u00e4nderten, st\u00e4rker sch\u00fclerorientierten Unterricht sowie der in den Nieders\u00e4chsischen Lehrpl\u00e4nen festgeschriebenen Erwartungen hinsichtlich der Vermittlung von Medienkompetenz bieten wir ein fachkompetentes Beratungssystem f\u00fcr alle schulischen und au\u00dferschulischen Bildungseinrichtungen.<br \/>\nLehren und Lernen ver\u00e4ndert sich; das p\u00e4dagogische Denkmuster wandelt sich \u201evon der Instruktion zur Konstruktion\u201c. Damit verbunden ist eine Ver\u00e4nderung der Lehrerrolle, \u201evom Wissensvermittler zum Moderator und Begleiter des Lernprozesses\u201c. <strong>Der Wechsel in den Zielorientierungen verdeutlicht den gemeinten Paradigmenwechsel:<\/strong><\/p>\n<ul>\n<li>vom lehrerzentrierten zum sch\u00fclerorientierten Unterricht<\/li>\n<li>von der Informationsaufnahme und -verarbeitung zum eigenverantwortlichen Lernen<\/li>\n<li>von der Rezeption zur Konstruktion<\/li>\n<li>von der Konsumtion zur Produktion.<\/li>\n<\/ul>\n<\/div>\n<div class=\"tx-spacer clearfix\" style=\"height: 32px\"><\/div>\n<div class=\"tx-heading\" style=\"margin-bottom:24px; text-align: left;\"><h3 class=\"tx-heading-tag\" style=\"font-size:24px;\">Hier finden Sie unsere aktuellen Flyer zum Download<\/h3><\/div>\n<div class=\"tx-row \"><\/div>\n<div class=\"tx-column tx-column-size-\"><a class=\"tx-button\" href=\"\" target=\"_self\" style=\"color: #FFFFFF; background-color: #f11303\">Medienzentrum Cloppenburg<\/a><\/div>\n<div class=\"tx-column tx-column-size-\"><a class=\"tx-button\" href=\"https:\/\/www.mzclp.de\/wp-content\/uploads\/2018\/02\/Flyer-MEP.pdf\" target=\"_self\" style=\"color: #FFFFFF; background-color: #f11303\">Medienentwicklungsplan<\/a><\/div>\n<div class=\"tx-column tx-column-size-\"><a class=\"tx-button\" href=\"https:\/\/www.mzclp.de\/wp-content\/uploads\/2018\/02\/Flyer-UDM-Final.pdf\" target=\"_self\" style=\"color: #FFFFFF; background-color: #f11303\">Unterrichtsentwicklung mit Digitale Medien<\/a><\/div>\n<\/div>\n<div class=\"tx-row \">\n<div class=\"tx-column tx-column-size-\">\nin Bearbeitung<br \/>\n<\/div>\n<div class=\"tx-column tx-column-size-\"><\/div>\n<div class=\"tx-column tx-column-size-\"><\/div>\n<\/div>\n<div class=\"tx-spacer clearfix\" style=\"height: 48px\"><\/div>\n<div class=\"tx-cta\" style=\"\"><div class=\"tx-cta-text\">Aktueller Medienentwicklungsplan (Stand 2022) als PDF<\/div><a href=\"https:\/\/www.mzclp.de\/wp-content\/uploads\/2022\/04\/20220125_SZ_LK-CLP-MEP-2.0_oeffentl-Vers.pdf\" class=\"cta-button\">Download<\/a><div class=\"clear\"><\/div><\/div>\n<strong>Das Medienzentrum Cloppenburg bietet ein umfangreiches Fortbildungsangebot\u00a0 zum sinnvollen Einsatz analoger \/ digitaler Technik.<\/strong><br \/>\nZu aktuellen Angeboten informieren wir sie gerne \u00fcber unseren separaten Newsletter \u201eFortbildung\u201c oder hier auf unserer Homepage.<\/p>\n","protected":false},"excerpt":{"rendered":"<p>Das Medienzentrum Cloppenburg bietet ein umfangreiches Fortbildungsangebot\u00a0 zum sinnvollen Einsatz analoger \/ digitaler Technik. Zu aktuellen Angeboten informieren wir sie gerne \u00fcber unseren separaten Newsletter \u201eFortbildung\u201c oder hier auf unserer Homepage.<\/p>\n<a class=\"moretag noptoppad\" href=\"https:\/\/www.mzclp.de\/?page_id=1346\">Read More...<\/a>","protected":false},"author":2,"featured_media":310,"parent":0,"menu_order":0,"comment_status":"closed","ping_status":"closed","template":"","meta":{"_crdt_document":"","footnotes":""},"class_list":["post-1346","page","type-page","status-publish","has-post-thumbnail","hentry"],"yoast_head":"<!-- This site is optimized with the Yoast SEO plugin v27.5 - https:\/\/yoast.com\/product\/yoast-seo-wordpress\/ -->\n<title>Beratung - Medienzentrum Cloppenburg<\/title>\n<meta name=\"robots\" content=\"index, follow, max-snippet:-1, max-image-preview:large, max-video-preview:-1\" \/>\n<link rel=\"canonical\" href=\"https:\/\/www.mzclp.de\/?page_id=1346\" \/>\n<meta property=\"og:locale\" content=\"de_DE\" \/>\n<meta property=\"og:type\" content=\"article\" \/>\n<meta property=\"og:title\" content=\"Beratung - Medienzentrum Cloppenburg\" \/>\n<meta property=\"og:description\" content=\"Das Medienzentrum Cloppenburg bietet ein umfangreiches Fortbildungsangebot\u00a0 zum sinnvollen Einsatz analoger \/ digitaler Technik. Zu aktuellen Angeboten informieren wir sie gerne \u00fcber unseren separaten Newsletter \u201eFortbildung\u201c oder hier auf unserer Homepage.\" \/>\n<meta property=\"og:url\" content=\"https:\/\/www.mzclp.de\/?page_id=1346\" \/>\n<meta property=\"og:site_name\" content=\"Medienzentrum Cloppenburg\" \/>\n<meta property=\"article:modified_time\" content=\"2022-04-25T08:36:03+00:00\" \/>\n<meta property=\"og:image\" content=\"https:\/\/www.mzclp.de\/wp-content\/uploads\/2018\/01\/slide1.jpg\" \/>\n\t<meta property=\"og:image:width\" content=\"2000\" \/>\n\t<meta property=\"og:image:height\" content=\"1400\" \/>\n\t<meta property=\"og:image:type\" content=\"image\/jpeg\" \/>\n<meta name=\"twitter:card\" content=\"summary_large_image\" \/>\n<meta name=\"twitter:label1\" content=\"Gesch\u00e4tzte Lesezeit\" \/>\n\t<meta name=\"twitter:data1\" content=\"2\u00a0Minuten\" \/>\n<script type=\"application\/ld+json\" class=\"yoast-schema-graph\">{\"@context\":\"https:\\\/\\\/schema.org\",\"@graph\":[{\"@type\":\"WebPage\",\"@id\":\"https:\\\/\\\/www.mzclp.de\\\/?page_id=1346\",\"url\":\"https:\\\/\\\/www.mzclp.de\\\/?page_id=1346\",\"name\":\"Beratung - Medienzentrum Cloppenburg\",\"isPartOf\":{\"@id\":\"https:\\\/\\\/www.mzclp.de\\\/#website\"},\"primaryImageOfPage\":{\"@id\":\"https:\\\/\\\/www.mzclp.de\\\/?page_id=1346#primaryimage\"},\"image\":{\"@id\":\"https:\\\/\\\/www.mzclp.de\\\/?page_id=1346#primaryimage\"},\"thumbnailUrl\":\"https:\\\/\\\/www.mzclp.de\\\/wp-content\\\/uploads\\\/2018\\\/01\\\/slide1.jpg\",\"datePublished\":\"2018-01-11T12:10:21+00:00\",\"dateModified\":\"2022-04-25T08:36:03+00:00\",\"breadcrumb\":{\"@id\":\"https:\\\/\\\/www.mzclp.de\\\/?page_id=1346#breadcrumb\"},\"inLanguage\":\"de\",\"potentialAction\":[{\"@type\":\"ReadAction\",\"target\":[\"https:\\\/\\\/www.mzclp.de\\\/?page_id=1346\"]}]},{\"@type\":\"ImageObject\",\"inLanguage\":\"de\",\"@id\":\"https:\\\/\\\/www.mzclp.de\\\/?page_id=1346#primaryimage\",\"url\":\"https:\\\/\\\/www.mzclp.de\\\/wp-content\\\/uploads\\\/2018\\\/01\\\/slide1.jpg\",\"contentUrl\":\"https:\\\/\\\/www.mzclp.de\\\/wp-content\\\/uploads\\\/2018\\\/01\\\/slide1.jpg\",\"width\":2000,\"height\":1400},{\"@type\":\"BreadcrumbList\",\"@id\":\"https:\\\/\\\/www.mzclp.de\\\/?page_id=1346#breadcrumb\",\"itemListElement\":[{\"@type\":\"ListItem\",\"position\":1,\"name\":\"Startseite\",\"item\":\"https:\\\/\\\/www.mzclp.de\\\/\"},{\"@type\":\"ListItem\",\"position\":2,\"name\":\"Beratung\"}]},{\"@type\":\"WebSite\",\"@id\":\"https:\\\/\\\/www.mzclp.de\\\/#website\",\"url\":\"https:\\\/\\\/www.mzclp.de\\\/\",\"name\":\"Medienzentrum Cloppenburg\",\"description\":\"Beratung - Medien - Technik\",\"publisher\":{\"@id\":\"https:\\\/\\\/www.mzclp.de\\\/#organization\"},\"potentialAction\":[{\"@type\":\"SearchAction\",\"target\":{\"@type\":\"EntryPoint\",\"urlTemplate\":\"https:\\\/\\\/www.mzclp.de\\\/?s={search_term_string}\"},\"query-input\":{\"@type\":\"PropertyValueSpecification\",\"valueRequired\":true,\"valueName\":\"search_term_string\"}}],\"inLanguage\":\"de\"},{\"@type\":\"Organization\",\"@id\":\"https:\\\/\\\/www.mzclp.de\\\/#organization\",\"name\":\"Medienzentrum Cloppenburg\",\"url\":\"https:\\\/\\\/www.mzclp.de\\\/\",\"logo\":{\"@type\":\"ImageObject\",\"inLanguage\":\"de\",\"@id\":\"https:\\\/\\\/www.mzclp.de\\\/#\\\/schema\\\/logo\\\/image\\\/\",\"url\":\"https:\\\/\\\/www.mzclp.de\\\/wp-content\\\/uploads\\\/2020\\\/06\\\/cropped-lkclpmzclpf-1.png\",\"contentUrl\":\"https:\\\/\\\/www.mzclp.de\\\/wp-content\\\/uploads\\\/2020\\\/06\\\/cropped-lkclpmzclpf-1.png\",\"width\":3195,\"height\":606,\"caption\":\"Medienzentrum Cloppenburg\"},\"image\":{\"@id\":\"https:\\\/\\\/www.mzclp.de\\\/#\\\/schema\\\/logo\\\/image\\\/\"}}]}<\/script>\n<!-- \/ Yoast SEO plugin. -->","yoast_head_json":{"title":"Beratung - Medienzentrum Cloppenburg","robots":{"index":"index","follow":"follow","max-snippet":"max-snippet:-1","max-image-preview":"max-image-preview:large","max-video-preview":"max-video-preview:-1"},"canonical":"https:\/\/www.mzclp.de\/?page_id=1346","og_locale":"de_DE","og_type":"article","og_title":"Beratung - Medienzentrum Cloppenburg","og_description":"Das Medienzentrum Cloppenburg bietet ein umfangreiches Fortbildungsangebot\u00a0 zum sinnvollen Einsatz analoger \/ digitaler Technik. Zu aktuellen Angeboten informieren wir sie gerne \u00fcber unseren separaten Newsletter \u201eFortbildung\u201c oder hier auf unserer Homepage.","og_url":"https:\/\/www.mzclp.de\/?page_id=1346","og_site_name":"Medienzentrum Cloppenburg","article_modified_time":"2022-04-25T08:36:03+00:00","og_image":[{"width":2000,"height":1400,"url":"https:\/\/www.mzclp.de\/wp-content\/uploads\/2018\/01\/slide1.jpg","type":"image\/jpeg"}],"twitter_card":"summary_large_image","twitter_misc":{"Gesch\u00e4tzte Lesezeit":"2\u00a0Minuten"},"schema":{"@context":"https:\/\/schema.org","@graph":[{"@type":"WebPage","@id":"https:\/\/www.mzclp.de\/?page_id=1346","url":"https:\/\/www.mzclp.de\/?page_id=1346","name":"Beratung - Medienzentrum Cloppenburg","isPartOf":{"@id":"https:\/\/www.mzclp.de\/#website"},"primaryImageOfPage":{"@id":"https:\/\/www.mzclp.de\/?page_id=1346#primaryimage"},"image":{"@id":"https:\/\/www.mzclp.de\/?page_id=1346#primaryimage"},"thumbnailUrl":"https:\/\/www.mzclp.de\/wp-content\/uploads\/2018\/01\/slide1.jpg","datePublished":"2018-01-11T12:10:21+00:00","dateModified":"2022-04-25T08:36:03+00:00","breadcrumb":{"@id":"https:\/\/www.mzclp.de\/?page_id=1346#breadcrumb"},"inLanguage":"de","potentialAction":[{"@type":"ReadAction","target":["https:\/\/www.mzclp.de\/?page_id=1346"]}]},{"@type":"ImageObject","inLanguage":"de","@id":"https:\/\/www.mzclp.de\/?page_id=1346#primaryimage","url":"https:\/\/www.mzclp.de\/wp-content\/uploads\/2018\/01\/slide1.jpg","contentUrl":"https:\/\/www.mzclp.de\/wp-content\/uploads\/2018\/01\/slide1.jpg","width":2000,"height":1400},{"@type":"BreadcrumbList","@id":"https:\/\/www.mzclp.de\/?page_id=1346#breadcrumb","itemListElement":[{"@type":"ListItem","position":1,"name":"Startseite","item":"https:\/\/www.mzclp.de\/"},{"@type":"ListItem","position":2,"name":"Beratung"}]},{"@type":"WebSite","@id":"https:\/\/www.mzclp.de\/#website","url":"https:\/\/www.mzclp.de\/","name":"Medienzentrum Cloppenburg","description":"Beratung - Medien - Technik","publisher":{"@id":"https:\/\/www.mzclp.de\/#organization"},"potentialAction":[{"@type":"SearchAction","target":{"@type":"EntryPoint","urlTemplate":"https:\/\/www.mzclp.de\/?s={search_term_string}"},"query-input":{"@type":"PropertyValueSpecification","valueRequired":true,"valueName":"search_term_string"}}],"inLanguage":"de"},{"@type":"Organization","@id":"https:\/\/www.mzclp.de\/#organization","name":"Medienzentrum Cloppenburg","url":"https:\/\/www.mzclp.de\/","logo":{"@type":"ImageObject","inLanguage":"de","@id":"https:\/\/www.mzclp.de\/#\/schema\/logo\/image\/","url":"https:\/\/www.mzclp.de\/wp-content\/uploads\/2020\/06\/cropped-lkclpmzclpf-1.png","contentUrl":"https:\/\/www.mzclp.de\/wp-content\/uploads\/2020\/06\/cropped-lkclpmzclpf-1.png","width":3195,"height":606,"caption":"Medienzentrum Cloppenburg"},"image":{"@id":"https:\/\/www.mzclp.de\/#\/schema\/logo\/image\/"}}]}},"_links":{"self":[{"href":"https:\/\/www.mzclp.de\/index.php?rest_route=\/wp\/v2\/pages\/1346","targetHints":{"allow":["GET"]}}],"collection":[{"href":"https:\/\/www.mzclp.de\/index.php?rest_route=\/wp\/v2\/pages"}],"about":[{"href":"https:\/\/www.mzclp.de\/index.php?rest_route=\/wp\/v2\/types\/page"}],"author":[{"embeddable":true,"href":"https:\/\/www.mzclp.de\/index.php?rest_route=\/wp\/v2\/users\/2"}],"replies":[{"embeddable":true,"href":"https:\/\/www.mzclp.de\/index.php?rest_route=%2Fwp%2Fv2%2Fcomments&post=1346"}],"version-history":[{"count":10,"href":"https:\/\/www.mzclp.de\/index.php?rest_route=\/wp\/v2\/pages\/1346\/revisions"}],"predecessor-version":[{"id":5199,"href":"https:\/\/www.mzclp.de\/index.php?rest_route=\/wp\/v2\/pages\/1346\/revisions\/5199"}],"wp:featuredmedia":[{"embeddable":true,"href":"https:\/\/www.mzclp.de\/index.php?rest_route=\/wp\/v2\/media\/310"}],"wp:attachment":[{"href":"https:\/\/www.mzclp.de\/index.php?rest_route=%2Fwp%2Fv2%2Fmedia&parent=1346"}],"curies":[{"name":"wp","href":"https:\/\/api.w.org\/{rel}","templated":true}]}}