{"id":1348,"date":"2018-01-11T13:11:02","date_gmt":"2018-01-11T12:11:02","guid":{"rendered":"https:\/\/www.mzclp.de\/?page_id=1348"},"modified":"2025-07-04T10:06:35","modified_gmt":"2025-07-04T08:06:35","slug":"audiovideo","status":"publish","type":"page","link":"https:\/\/www.mzclp.de\/?page_id=1348","title":{"rendered":"Audiovisuelle Technik"},"content":{"rendered":"<div class=\"tx-spacer clearfix\" style=\"height: 32px\"><\/div>\n<div class=\"tx-heading\" style=\"margin-bottom:24px; text-align: left;\"><h2 class=\"tx-heading-tag\" style=\"font-size:24px;\">Audiovisuelle Technik zum Verleih<\/h2><\/div>\n<div class=\"tx-row \">\n<div class=\"tx-column tx-column-size-1-3\">\n<p><img loading=\"lazy\" decoding=\"async\" class=\"alignnone size-large wp-image-1661\" src=\"https:\/\/www.mzclp.de\/wp-content\/uploads\/2018\/01\/people-festival-party-dancing-1024x683.jpg\" alt=\"\" width=\"604\" height=\"403\" srcset=\"https:\/\/www.mzclp.de\/wp-content\/uploads\/2018\/01\/people-festival-party-dancing-1024x683.jpg 1024w, https:\/\/www.mzclp.de\/wp-content\/uploads\/2018\/01\/people-festival-party-dancing-300x200.jpg 300w, https:\/\/www.mzclp.de\/wp-content\/uploads\/2018\/01\/people-festival-party-dancing-768x512.jpg 768w, https:\/\/www.mzclp.de\/wp-content\/uploads\/2018\/01\/people-festival-party-dancing-272x182.jpg 272w\" sizes=\"auto, (max-width: 604px) 100vw, 604px\" \/><\/p>\n<\/div>\n<div class=\"tx-column tx-column-size-2-3\">\n<h2 style=\"font-weight: 500;margin-bottom: 16px;margin-top: 0px;font-size: 26px;text-align: left\">Sie ben\u00f6tigen ein B\u00fchnenlicht? M\u00f6chten einen Film erstellen oder planen eine Theaterauff\u00fchrung?<\/h2>\n<p>Wir beraten Sie bei der Umsetzung Ihres Projektes und bieten Ihnen Audio- und Videotechnologie zur Ausleihe. Dieses Angebot richtet sich an\u00a0Schulen, Kinderg\u00e4rten, Bildungseinrichtungen, kirchliche Einrichtungen, gemeinn\u00fctzig eingetragene Vereine, Gemeinden und\u00a0St\u00e4dte des Landkreises Cloppenburg.<\/p>\n<h4 style=\"font-weight: 500;margin-bottom: 0px;margin-top: 0px;font-size: 18px;text-align: left\">Wir bieten Equipment in folgenden Bereichen<\/h4>\n<div class=\"tx-col-1-3\" style=\"display: block;float: left\">\n<ul>\n<li><a href=\"https:\/\/www.mzclp.de\/?page_id=6197\">Licht &amp; B\u00fchne<\/a><\/li>\n<li><a href=\"https:\/\/www.mzclp.de\/?page_id=6234\">Studio &amp; Recording<\/a><\/li>\n<\/ul>\n<\/div>\n<div class=\"tx-col-1-3\" style=\"display: block;float: left\">\n<ul>\n<li><a href=\"https:\/\/www.mzclp.de\/?page_id=6262\">Pr\u00e4sentation<\/a><\/li>\n<li><a href=\"https:\/\/www.mzclp.de\/?page_id=6200\">Foto &amp; Video<\/a><\/li>\n<\/ul>\n<\/div>\n<div class=\"tx-col-1-3\" style=\"display: block;float: left\">\n<ul>\n<li><a href=\"https:\/\/www.mzclp.de\/?page_id=6193\">PA-Equipment<\/a><\/li>\n<li><a href=\"https:\/\/www.mzclp.de\/?page_id=6269\">Sonstiges<\/a><\/li>\n<\/ul>\n<\/div>\n<\/div>\n<\/div>\n<h3 style=\"text-align: center;\">Fordern Sie Informationen zur Ger\u00e4teausleihe<br \/>\nbitte telefonisch bei <span style=\"color: #ff0000;\">Thomas Ast (04471 \/ 159091) <\/span>an.<br \/>\nWir bitten Sie, die Ger\u00e4tebestellungen nur telefonisch zu vereinbaren.<\/h3>\n<div class=\"tx-spacer clearfix\" style=\"height: 64px\"><\/div>\n<div class=\"tx-heading\" style=\"margin-bottom:24px; text-align: left;\"><h3 class=\"tx-heading-tag\" style=\"font-size:24px;\">Hier finden Sie unsere aktuellen Dokumente f\u00fcr die Ger\u00e4teausleihe zum Download<\/h3><\/div>\n<div class=\"tx-row \">\n<div class=\"tx-column tx-column-size-\"><a class=\"tx-button\" href=\"https:\/\/www.mzclp.de\/wp-content\/uploads\/2022\/03\/Geraeteantrag.pdf\" target=\"_blank\" style=\"color: #FFFFFF; background-color: #f11303\">Ger\u00e4teantrag<\/a><\/div>\n<div class=\"tx-column tx-column-size-\"><a class=\"tx-button\" href=\"https:\/\/www.mzclp.de\/wp-content\/uploads\/2018\/02\/Vertretungsvollmacht.pdf\" target=\"_blank\" style=\"color: #FFFFFF; background-color: #f11303\">Vertretungsvollmacht<\/a><\/div>\n<\/div>\n<div class=\"tx-spacer clearfix\" style=\"height: 64px\"><\/div>\n<div class=\"tx-cta\" style=\"\"><div class=\"tx-cta-text\">\u00dcbersicht \u00fcber unsere Ger\u00e4te zur Ausleihe als PDF<\/div><a href=\"https:\/\/www.mzclp.de\/wp-content\/uploads\/2018\/03\/Geraeteliste.pdf\" class=\"cta-button\">Ger\u00e4tekatalog<\/a><div class=\"clear\"><\/div><\/div>\n","protected":false},"excerpt":{"rendered":"<p>Fordern Sie Informationen zur Ger\u00e4teausleihe bitte telefonisch bei Thomas Ast (04471 \/ 159091) an. Wir bitten Sie, die Ger\u00e4tebestellungen nur telefonisch zu vereinbaren.<\/p>\n<a class=\"moretag noptoppad\" href=\"https:\/\/www.mzclp.de\/?page_id=1348\">Read More...<\/a>","protected":false},"author":2,"featured_media":314,"parent":0,"menu_order":0,"comment_status":"closed","ping_status":"closed","template":"","meta":{"_crdt_document":"","footnotes":""},"class_list":["post-1348","page","type-page","status-publish","has-post-thumbnail","hentry"],"yoast_head":"<!-- This site is optimized with the Yoast SEO plugin v27.4 - https:\/\/yoast.com\/product\/yoast-seo-wordpress\/ -->\n<title>Audiovisuelle Technik - Medienzentrum Cloppenburg<\/title>\n<meta name=\"robots\" content=\"index, follow, max-snippet:-1, max-image-preview:large, max-video-preview:-1\" \/>\n<link rel=\"canonical\" href=\"https:\/\/www.mzclp.de\/?page_id=1348\" \/>\n<meta property=\"og:locale\" content=\"de_DE\" \/>\n<meta property=\"og:type\" content=\"article\" \/>\n<meta property=\"og:title\" content=\"Audiovisuelle Technik - Medienzentrum Cloppenburg\" \/>\n<meta property=\"og:description\" content=\"Fordern Sie Informationen zur Ger\u00e4teausleihe bitte telefonisch bei Thomas Ast (04471 \/ 159091) an. Wir bitten Sie, die Ger\u00e4tebestellungen nur telefonisch zu vereinbaren.\" \/>\n<meta property=\"og:url\" content=\"https:\/\/www.mzclp.de\/?page_id=1348\" \/>\n<meta property=\"og:site_name\" content=\"Medienzentrum Cloppenburg\" \/>\n<meta property=\"article:modified_time\" content=\"2025-07-04T08:06:35+00:00\" \/>\n<meta property=\"og:image\" content=\"https:\/\/www.mzclp.de\/wp-content\/uploads\/2018\/01\/slide3.jpg\" \/>\n\t<meta property=\"og:image:width\" content=\"2000\" \/>\n\t<meta property=\"og:image:height\" content=\"1400\" \/>\n\t<meta property=\"og:image:type\" content=\"image\/jpeg\" \/>\n<meta name=\"twitter:card\" content=\"summary_large_image\" \/>\n<meta name=\"twitter:label1\" content=\"Gesch\u00e4tzte Lesezeit\" \/>\n\t<meta name=\"twitter:data1\" content=\"2\u00a0Minuten\" \/>\n<script type=\"application\/ld+json\" class=\"yoast-schema-graph\">{\"@context\":\"https:\\\/\\\/schema.org\",\"@graph\":[{\"@type\":\"WebPage\",\"@id\":\"https:\\\/\\\/www.mzclp.de\\\/?page_id=1348\",\"url\":\"https:\\\/\\\/www.mzclp.de\\\/?page_id=1348\",\"name\":\"Audiovisuelle Technik - Medienzentrum Cloppenburg\",\"isPartOf\":{\"@id\":\"https:\\\/\\\/www.mzclp.de\\\/#website\"},\"primaryImageOfPage\":{\"@id\":\"https:\\\/\\\/www.mzclp.de\\\/?page_id=1348#primaryimage\"},\"image\":{\"@id\":\"https:\\\/\\\/www.mzclp.de\\\/?page_id=1348#primaryimage\"},\"thumbnailUrl\":\"https:\\\/\\\/www.mzclp.de\\\/wp-content\\\/uploads\\\/2018\\\/01\\\/slide3.jpg\",\"datePublished\":\"2018-01-11T12:11:02+00:00\",\"dateModified\":\"2025-07-04T08:06:35+00:00\",\"breadcrumb\":{\"@id\":\"https:\\\/\\\/www.mzclp.de\\\/?page_id=1348#breadcrumb\"},\"inLanguage\":\"de\",\"potentialAction\":[{\"@type\":\"ReadAction\",\"target\":[\"https:\\\/\\\/www.mzclp.de\\\/?page_id=1348\"]}]},{\"@type\":\"ImageObject\",\"inLanguage\":\"de\",\"@id\":\"https:\\\/\\\/www.mzclp.de\\\/?page_id=1348#primaryimage\",\"url\":\"https:\\\/\\\/www.mzclp.de\\\/wp-content\\\/uploads\\\/2018\\\/01\\\/slide3.jpg\",\"contentUrl\":\"https:\\\/\\\/www.mzclp.de\\\/wp-content\\\/uploads\\\/2018\\\/01\\\/slide3.jpg\",\"width\":2000,\"height\":1400},{\"@type\":\"BreadcrumbList\",\"@id\":\"https:\\\/\\\/www.mzclp.de\\\/?page_id=1348#breadcrumb\",\"itemListElement\":[{\"@type\":\"ListItem\",\"position\":1,\"name\":\"Startseite\",\"item\":\"https:\\\/\\\/www.mzclp.de\\\/\"},{\"@type\":\"ListItem\",\"position\":2,\"name\":\"Audiovisuelle Technik\"}]},{\"@type\":\"WebSite\",\"@id\":\"https:\\\/\\\/www.mzclp.de\\\/#website\",\"url\":\"https:\\\/\\\/www.mzclp.de\\\/\",\"name\":\"Medienzentrum Cloppenburg\",\"description\":\"Beratung - Medien - Technik\",\"publisher\":{\"@id\":\"https:\\\/\\\/www.mzclp.de\\\/#organization\"},\"potentialAction\":[{\"@type\":\"SearchAction\",\"target\":{\"@type\":\"EntryPoint\",\"urlTemplate\":\"https:\\\/\\\/www.mzclp.de\\\/?s={search_term_string}\"},\"query-input\":{\"@type\":\"PropertyValueSpecification\",\"valueRequired\":true,\"valueName\":\"search_term_string\"}}],\"inLanguage\":\"de\"},{\"@type\":\"Organization\",\"@id\":\"https:\\\/\\\/www.mzclp.de\\\/#organization\",\"name\":\"Medienzentrum Cloppenburg\",\"url\":\"https:\\\/\\\/www.mzclp.de\\\/\",\"logo\":{\"@type\":\"ImageObject\",\"inLanguage\":\"de\",\"@id\":\"https:\\\/\\\/www.mzclp.de\\\/#\\\/schema\\\/logo\\\/image\\\/\",\"url\":\"https:\\\/\\\/www.mzclp.de\\\/wp-content\\\/uploads\\\/2020\\\/06\\\/cropped-lkclpmzclpf-1.png\",\"contentUrl\":\"https:\\\/\\\/www.mzclp.de\\\/wp-content\\\/uploads\\\/2020\\\/06\\\/cropped-lkclpmzclpf-1.png\",\"width\":3195,\"height\":606,\"caption\":\"Medienzentrum Cloppenburg\"},\"image\":{\"@id\":\"https:\\\/\\\/www.mzclp.de\\\/#\\\/schema\\\/logo\\\/image\\\/\"}}]}<\/script>\n<!-- \/ Yoast SEO plugin. -->","yoast_head_json":{"title":"Audiovisuelle Technik - Medienzentrum Cloppenburg","robots":{"index":"index","follow":"follow","max-snippet":"max-snippet:-1","max-image-preview":"max-image-preview:large","max-video-preview":"max-video-preview:-1"},"canonical":"https:\/\/www.mzclp.de\/?page_id=1348","og_locale":"de_DE","og_type":"article","og_title":"Audiovisuelle Technik - Medienzentrum Cloppenburg","og_description":"Fordern Sie Informationen zur Ger\u00e4teausleihe bitte telefonisch bei Thomas Ast (04471 \/ 159091) an. Wir bitten Sie, die Ger\u00e4tebestellungen nur telefonisch zu vereinbaren.","og_url":"https:\/\/www.mzclp.de\/?page_id=1348","og_site_name":"Medienzentrum Cloppenburg","article_modified_time":"2025-07-04T08:06:35+00:00","og_image":[{"width":2000,"height":1400,"url":"https:\/\/www.mzclp.de\/wp-content\/uploads\/2018\/01\/slide3.jpg","type":"image\/jpeg"}],"twitter_card":"summary_large_image","twitter_misc":{"Gesch\u00e4tzte Lesezeit":"2\u00a0Minuten"},"schema":{"@context":"https:\/\/schema.org","@graph":[{"@type":"WebPage","@id":"https:\/\/www.mzclp.de\/?page_id=1348","url":"https:\/\/www.mzclp.de\/?page_id=1348","name":"Audiovisuelle Technik - Medienzentrum Cloppenburg","isPartOf":{"@id":"https:\/\/www.mzclp.de\/#website"},"primaryImageOfPage":{"@id":"https:\/\/www.mzclp.de\/?page_id=1348#primaryimage"},"image":{"@id":"https:\/\/www.mzclp.de\/?page_id=1348#primaryimage"},"thumbnailUrl":"https:\/\/www.mzclp.de\/wp-content\/uploads\/2018\/01\/slide3.jpg","datePublished":"2018-01-11T12:11:02+00:00","dateModified":"2025-07-04T08:06:35+00:00","breadcrumb":{"@id":"https:\/\/www.mzclp.de\/?page_id=1348#breadcrumb"},"inLanguage":"de","potentialAction":[{"@type":"ReadAction","target":["https:\/\/www.mzclp.de\/?page_id=1348"]}]},{"@type":"ImageObject","inLanguage":"de","@id":"https:\/\/www.mzclp.de\/?page_id=1348#primaryimage","url":"https:\/\/www.mzclp.de\/wp-content\/uploads\/2018\/01\/slide3.jpg","contentUrl":"https:\/\/www.mzclp.de\/wp-content\/uploads\/2018\/01\/slide3.jpg","width":2000,"height":1400},{"@type":"BreadcrumbList","@id":"https:\/\/www.mzclp.de\/?page_id=1348#breadcrumb","itemListElement":[{"@type":"ListItem","position":1,"name":"Startseite","item":"https:\/\/www.mzclp.de\/"},{"@type":"ListItem","position":2,"name":"Audiovisuelle Technik"}]},{"@type":"WebSite","@id":"https:\/\/www.mzclp.de\/#website","url":"https:\/\/www.mzclp.de\/","name":"Medienzentrum Cloppenburg","description":"Beratung - Medien - Technik","publisher":{"@id":"https:\/\/www.mzclp.de\/#organization"},"potentialAction":[{"@type":"SearchAction","target":{"@type":"EntryPoint","urlTemplate":"https:\/\/www.mzclp.de\/?s={search_term_string}"},"query-input":{"@type":"PropertyValueSpecification","valueRequired":true,"valueName":"search_term_string"}}],"inLanguage":"de"},{"@type":"Organization","@id":"https:\/\/www.mzclp.de\/#organization","name":"Medienzentrum Cloppenburg","url":"https:\/\/www.mzclp.de\/","logo":{"@type":"ImageObject","inLanguage":"de","@id":"https:\/\/www.mzclp.de\/#\/schema\/logo\/image\/","url":"https:\/\/www.mzclp.de\/wp-content\/uploads\/2020\/06\/cropped-lkclpmzclpf-1.png","contentUrl":"https:\/\/www.mzclp.de\/wp-content\/uploads\/2020\/06\/cropped-lkclpmzclpf-1.png","width":3195,"height":606,"caption":"Medienzentrum Cloppenburg"},"image":{"@id":"https:\/\/www.mzclp.de\/#\/schema\/logo\/image\/"}}]}},"_links":{"self":[{"href":"https:\/\/www.mzclp.de\/index.php?rest_route=\/wp\/v2\/pages\/1348","targetHints":{"allow":["GET"]}}],"collection":[{"href":"https:\/\/www.mzclp.de\/index.php?rest_route=\/wp\/v2\/pages"}],"about":[{"href":"https:\/\/www.mzclp.de\/index.php?rest_route=\/wp\/v2\/types\/page"}],"author":[{"embeddable":true,"href":"https:\/\/www.mzclp.de\/index.php?rest_route=\/wp\/v2\/users\/2"}],"replies":[{"embeddable":true,"href":"https:\/\/www.mzclp.de\/index.php?rest_route=%2Fwp%2Fv2%2Fcomments&post=1348"}],"version-history":[{"count":11,"href":"https:\/\/www.mzclp.de\/index.php?rest_route=\/wp\/v2\/pages\/1348\/revisions"}],"predecessor-version":[{"id":6272,"href":"https:\/\/www.mzclp.de\/index.php?rest_route=\/wp\/v2\/pages\/1348\/revisions\/6272"}],"wp:featuredmedia":[{"embeddable":true,"href":"https:\/\/www.mzclp.de\/index.php?rest_route=\/wp\/v2\/media\/314"}],"wp:attachment":[{"href":"https:\/\/www.mzclp.de\/index.php?rest_route=%2Fwp%2Fv2%2Fmedia&parent=1348"}],"curies":[{"name":"wp","href":"https:\/\/api.w.org\/{rel}","templated":true}]}}