{"id":1427,"date":"2018-01-12T09:16:53","date_gmt":"2018-01-12T08:16:53","guid":{"rendered":"https:\/\/www.mzclp.de\/?page_id=1427"},"modified":"2025-02-17T12:21:29","modified_gmt":"2025-02-17T11:21:29","slug":"medien","status":"publish","type":"page","link":"https:\/\/www.mzclp.de\/?page_id=1427","title":{"rendered":"Medien"},"content":{"rendered":"<div class=\"tx-spacer clearfix\" style=\"height: 32px\"><\/div>\n<div class=\"tx-row \">\n<div class=\"tx-column tx-column-size-1-3\"><img loading=\"lazy\" decoding=\"async\" class=\"alignnone wp-image-1718\" src=\"https:\/\/www.mzclp.de\/wp-content\/uploads\/2018\/01\/antraege-300x300.jpg\" alt=\"\" width=\"450\" height=\"450\" srcset=\"https:\/\/www.mzclp.de\/wp-content\/uploads\/2018\/01\/antraege-300x300.jpg 300w, https:\/\/www.mzclp.de\/wp-content\/uploads\/2018\/01\/antraege-150x150.jpg 150w, https:\/\/www.mzclp.de\/wp-content\/uploads\/2018\/01\/antraege.jpg 600w\" sizes=\"auto, (max-width: 450px) 100vw, 450px\" \/><\/div>\n<div class=\"tx-column tx-column-size-2-3\">\n<h2 style=\"font-weight: 500;margin-bottom: 16px;margin-top: 0px;font-size: 26px;text-align: left\">Hier finden Sie alle Antr\u00e4ge, die Sie zur Ausleihe ben\u00f6tigen!<\/h2>\n<p>F\u00fcr (neue) Lehrkr\u00e4fte, welche noch keinen Zugang bei uns haben:<br \/>\n<div class=\"tx-spacer clearfix\" style=\"height: 5px\"><\/div>\n<a href=\"https:\/\/www.mzclp.de\/wp-content\/uploads\/2019\/10\/KundenantragMZCLP.pdf\"><img decoding=\"async\" style=\"width: 17px;height: 17px;float: left;margin: 5px\" src=\"https:\/\/www.mzclp.de\/wp-content\/uploads\/2018\/02\/pdficon_large.png\" alt=\"\" \/><\/a> <a href=\"https:\/\/www.mzclp.de\/wp-content\/uploads\/2019\/10\/KundenantragMZCLP.pdf\" target=\"_blank\" rel=\"noopener\">Kundenantrag<\/a><br \/>\n<div class=\"tx-spacer clearfix\" style=\"height: 15px\"><\/div>\nF\u00fcr Lehrkr\u00e4fte, welche auf das audiovisuelle Equipment des Medienzentrum Cloppenburg zur\u00fcckgreifen m\u00f6chten:<br \/>\n<div class=\"tx-spacer clearfix\" style=\"height: 5px\"><\/div>\n<a href=\"https:\/\/www.mzclp.de\/wp-content\/uploads\/2018\/01\/Geraeteantrag.pdf\"><img decoding=\"async\" style=\"width: 17px;height: 17px;float: left;margin: 5px\" src=\"https:\/\/www.mzclp.de\/wp-content\/uploads\/2018\/02\/pdficon_large.png\" alt=\"\" \/><\/a> <a href=\"https:\/\/www.mzclp.de\/wp-content\/uploads\/2022\/03\/Geraeteantrag.pdf\" target=\"blank\">Ger\u00e4teantrag<\/a><br \/>\n<div class=\"tx-spacer clearfix\" style=\"height: 15px\"><\/div>\nF\u00fcr die Ausleihe von Medien physischer Art wie auch f\u00fcr das Angebot an Online-Medien, welches wir vorhalten,<br \/>\nund Ger\u00e4ten gelten bestimmte Leih- und Nutzungsbestimmungen:<br \/>\n<div class=\"tx-spacer clearfix\" style=\"height: 5px\"><\/div>\n<a href=\"https:\/\/www.mzclp.de\/wp-content\/uploads\/2018\/01\/Nutzungsbedingungen-Medien.pdf\"><img decoding=\"async\" style=\"width: 17px;height: 17px;float: left;margin: 5px\" src=\"https:\/\/www.mzclp.de\/wp-content\/uploads\/2018\/02\/pdficon_large.png\" alt=\"\" \/><\/a> <a href=\"https:\/\/www.mzclp.de\/wp-content\/uploads\/2018\/01\/Nutzungsbedingungen-Medien.pdf\" target=\"blank\">Verleih- und Nutzungsbedingungen (Medien)<\/a><br \/>\n<div class=\"tx-spacer clearfix\" style=\"height: 15px\"><\/div>\nF\u00fcr Lehrkr\u00e4fte, welche es nicht schaffen, die physikalischen Medien oder audiovisuellen Ger\u00e4te pers\u00f6nlich abzuholen:<br \/>\n<div class=\"tx-spacer clearfix\" style=\"height: 5px\"><\/div>\n<a href=\"https:\/\/www.mzclp.de\/wp-content\/uploads\/2018\/02\/Vertretungsvollmacht.pdf\"><img decoding=\"async\" style=\"width: 17px;height: 17px;float: left;margin: 5px\" src=\"https:\/\/www.mzclp.de\/wp-content\/uploads\/2018\/02\/pdficon_large.png\" alt=\"\" \/><\/a>\u00a0<a href=\"https:\/\/www.mzclp.de\/wp-content\/uploads\/2018\/02\/Vertretungsvollmacht.pdf\" target=\"blank\">Vertretungsvollmacht f\u00fcr Ger\u00e4te und Medien<\/a><br \/>\n<\/div>\n<\/div>\n<h5><strong>Sollten Sie noch Fragen zum Thema Medien und Verleih haben, rufen Sie Dirk Paetow unter <span style=\"color: #ff0000;\">04471 &#8211; 159067<\/span> an oder schreiben eine <a href=\"mailto:d.paetow@lkclp.de\"><span style=\"color: #ff0000;\">Email<\/span><\/a>.<\/strong><\/h5>\n<div class=\"tx-spacer clearfix\" style=\"height: 64px\"><\/div>\n<iframe loading=\"lazy\" style=\"border: 0;\" src=\"https:\/\/nds.edupool.de\/home?standort=CLP\" width=\"100%\" height=\"1000\" frameborder=\"0\" allowfullscreen=\"allowfullscreen\"><span data-mce-type=\"bookmark\" style=\"display: inline-block; width: 0px; overflow: hidden; line-height: 0;\" class=\"mce_SELRES_start\">\ufeff<\/span><\/iframe><\/p>\n","protected":false},"excerpt":{"rendered":"<p>Sollten Sie noch Fragen zum Thema Medien und Verleih haben, rufen Sie Dirk Paetow unter 04471 &#8211; 159067 an oder schreiben eine Email. \ufeff<\/p>\n<a class=\"moretag noptoppad\" href=\"https:\/\/www.mzclp.de\/?page_id=1427\">Read More...<\/a>","protected":false},"author":2,"featured_media":1755,"parent":0,"menu_order":0,"comment_status":"closed","ping_status":"closed","template":"","meta":{"_crdt_document":"","footnotes":""},"class_list":["post-1427","page","type-page","status-publish","has-post-thumbnail","hentry"],"yoast_head":"<!-- This site is optimized with the Yoast SEO plugin v27.5 - https:\/\/yoast.com\/product\/yoast-seo-wordpress\/ -->\n<title>Medien - Medienzentrum Cloppenburg<\/title>\n<meta name=\"robots\" content=\"index, follow, max-snippet:-1, max-image-preview:large, max-video-preview:-1\" \/>\n<link rel=\"canonical\" href=\"https:\/\/www.mzclp.de\/?page_id=1427\" \/>\n<meta property=\"og:locale\" content=\"de_DE\" \/>\n<meta property=\"og:type\" content=\"article\" \/>\n<meta property=\"og:title\" content=\"Medien - Medienzentrum Cloppenburg\" \/>\n<meta property=\"og:description\" content=\"Sollten Sie noch Fragen zum Thema Medien und Verleih haben, rufen Sie Dirk Paetow unter 04471 &#8211; 159067 an oder schreiben eine Email. \ufeff\" \/>\n<meta property=\"og:url\" content=\"https:\/\/www.mzclp.de\/?page_id=1427\" \/>\n<meta property=\"og:site_name\" content=\"Medienzentrum Cloppenburg\" \/>\n<meta property=\"article:modified_time\" content=\"2025-02-17T11:21:29+00:00\" \/>\n<meta property=\"og:image\" content=\"https:\/\/www.mzclp.de\/wp-content\/uploads\/2018\/02\/mbild02.jpg\" \/>\n\t<meta property=\"og:image:width\" content=\"2000\" \/>\n\t<meta property=\"og:image:height\" content=\"1400\" \/>\n\t<meta property=\"og:image:type\" content=\"image\/jpeg\" \/>\n<meta name=\"twitter:card\" content=\"summary_large_image\" \/>\n<meta name=\"twitter:label1\" content=\"Gesch\u00e4tzte Lesezeit\" \/>\n\t<meta name=\"twitter:data1\" content=\"2\u00a0Minuten\" \/>\n<script type=\"application\/ld+json\" class=\"yoast-schema-graph\">{\"@context\":\"https:\\\/\\\/schema.org\",\"@graph\":[{\"@type\":\"WebPage\",\"@id\":\"https:\\\/\\\/www.mzclp.de\\\/?page_id=1427\",\"url\":\"https:\\\/\\\/www.mzclp.de\\\/?page_id=1427\",\"name\":\"Medien - Medienzentrum Cloppenburg\",\"isPartOf\":{\"@id\":\"https:\\\/\\\/www.mzclp.de\\\/#website\"},\"primaryImageOfPage\":{\"@id\":\"https:\\\/\\\/www.mzclp.de\\\/?page_id=1427#primaryimage\"},\"image\":{\"@id\":\"https:\\\/\\\/www.mzclp.de\\\/?page_id=1427#primaryimage\"},\"thumbnailUrl\":\"https:\\\/\\\/www.mzclp.de\\\/wp-content\\\/uploads\\\/2018\\\/02\\\/mbild02.jpg\",\"datePublished\":\"2018-01-12T08:16:53+00:00\",\"dateModified\":\"2025-02-17T11:21:29+00:00\",\"breadcrumb\":{\"@id\":\"https:\\\/\\\/www.mzclp.de\\\/?page_id=1427#breadcrumb\"},\"inLanguage\":\"de\",\"potentialAction\":[{\"@type\":\"ReadAction\",\"target\":[\"https:\\\/\\\/www.mzclp.de\\\/?page_id=1427\"]}]},{\"@type\":\"ImageObject\",\"inLanguage\":\"de\",\"@id\":\"https:\\\/\\\/www.mzclp.de\\\/?page_id=1427#primaryimage\",\"url\":\"https:\\\/\\\/www.mzclp.de\\\/wp-content\\\/uploads\\\/2018\\\/02\\\/mbild02.jpg\",\"contentUrl\":\"https:\\\/\\\/www.mzclp.de\\\/wp-content\\\/uploads\\\/2018\\\/02\\\/mbild02.jpg\",\"width\":2000,\"height\":1400},{\"@type\":\"BreadcrumbList\",\"@id\":\"https:\\\/\\\/www.mzclp.de\\\/?page_id=1427#breadcrumb\",\"itemListElement\":[{\"@type\":\"ListItem\",\"position\":1,\"name\":\"Startseite\",\"item\":\"https:\\\/\\\/www.mzclp.de\\\/\"},{\"@type\":\"ListItem\",\"position\":2,\"name\":\"Medien\"}]},{\"@type\":\"WebSite\",\"@id\":\"https:\\\/\\\/www.mzclp.de\\\/#website\",\"url\":\"https:\\\/\\\/www.mzclp.de\\\/\",\"name\":\"Medienzentrum Cloppenburg\",\"description\":\"Beratung - Medien - Technik\",\"publisher\":{\"@id\":\"https:\\\/\\\/www.mzclp.de\\\/#organization\"},\"potentialAction\":[{\"@type\":\"SearchAction\",\"target\":{\"@type\":\"EntryPoint\",\"urlTemplate\":\"https:\\\/\\\/www.mzclp.de\\\/?s={search_term_string}\"},\"query-input\":{\"@type\":\"PropertyValueSpecification\",\"valueRequired\":true,\"valueName\":\"search_term_string\"}}],\"inLanguage\":\"de\"},{\"@type\":\"Organization\",\"@id\":\"https:\\\/\\\/www.mzclp.de\\\/#organization\",\"name\":\"Medienzentrum Cloppenburg\",\"url\":\"https:\\\/\\\/www.mzclp.de\\\/\",\"logo\":{\"@type\":\"ImageObject\",\"inLanguage\":\"de\",\"@id\":\"https:\\\/\\\/www.mzclp.de\\\/#\\\/schema\\\/logo\\\/image\\\/\",\"url\":\"https:\\\/\\\/www.mzclp.de\\\/wp-content\\\/uploads\\\/2020\\\/06\\\/cropped-lkclpmzclpf-1.png\",\"contentUrl\":\"https:\\\/\\\/www.mzclp.de\\\/wp-content\\\/uploads\\\/2020\\\/06\\\/cropped-lkclpmzclpf-1.png\",\"width\":3195,\"height\":606,\"caption\":\"Medienzentrum Cloppenburg\"},\"image\":{\"@id\":\"https:\\\/\\\/www.mzclp.de\\\/#\\\/schema\\\/logo\\\/image\\\/\"}}]}<\/script>\n<!-- \/ Yoast SEO plugin. -->","yoast_head_json":{"title":"Medien - Medienzentrum Cloppenburg","robots":{"index":"index","follow":"follow","max-snippet":"max-snippet:-1","max-image-preview":"max-image-preview:large","max-video-preview":"max-video-preview:-1"},"canonical":"https:\/\/www.mzclp.de\/?page_id=1427","og_locale":"de_DE","og_type":"article","og_title":"Medien - Medienzentrum Cloppenburg","og_description":"Sollten Sie noch Fragen zum Thema Medien und Verleih haben, rufen Sie Dirk Paetow unter 04471 &#8211; 159067 an oder schreiben eine Email. \ufeff","og_url":"https:\/\/www.mzclp.de\/?page_id=1427","og_site_name":"Medienzentrum Cloppenburg","article_modified_time":"2025-02-17T11:21:29+00:00","og_image":[{"width":2000,"height":1400,"url":"https:\/\/www.mzclp.de\/wp-content\/uploads\/2018\/02\/mbild02.jpg","type":"image\/jpeg"}],"twitter_card":"summary_large_image","twitter_misc":{"Gesch\u00e4tzte Lesezeit":"2\u00a0Minuten"},"schema":{"@context":"https:\/\/schema.org","@graph":[{"@type":"WebPage","@id":"https:\/\/www.mzclp.de\/?page_id=1427","url":"https:\/\/www.mzclp.de\/?page_id=1427","name":"Medien - Medienzentrum Cloppenburg","isPartOf":{"@id":"https:\/\/www.mzclp.de\/#website"},"primaryImageOfPage":{"@id":"https:\/\/www.mzclp.de\/?page_id=1427#primaryimage"},"image":{"@id":"https:\/\/www.mzclp.de\/?page_id=1427#primaryimage"},"thumbnailUrl":"https:\/\/www.mzclp.de\/wp-content\/uploads\/2018\/02\/mbild02.jpg","datePublished":"2018-01-12T08:16:53+00:00","dateModified":"2025-02-17T11:21:29+00:00","breadcrumb":{"@id":"https:\/\/www.mzclp.de\/?page_id=1427#breadcrumb"},"inLanguage":"de","potentialAction":[{"@type":"ReadAction","target":["https:\/\/www.mzclp.de\/?page_id=1427"]}]},{"@type":"ImageObject","inLanguage":"de","@id":"https:\/\/www.mzclp.de\/?page_id=1427#primaryimage","url":"https:\/\/www.mzclp.de\/wp-content\/uploads\/2018\/02\/mbild02.jpg","contentUrl":"https:\/\/www.mzclp.de\/wp-content\/uploads\/2018\/02\/mbild02.jpg","width":2000,"height":1400},{"@type":"BreadcrumbList","@id":"https:\/\/www.mzclp.de\/?page_id=1427#breadcrumb","itemListElement":[{"@type":"ListItem","position":1,"name":"Startseite","item":"https:\/\/www.mzclp.de\/"},{"@type":"ListItem","position":2,"name":"Medien"}]},{"@type":"WebSite","@id":"https:\/\/www.mzclp.de\/#website","url":"https:\/\/www.mzclp.de\/","name":"Medienzentrum Cloppenburg","description":"Beratung - Medien - Technik","publisher":{"@id":"https:\/\/www.mzclp.de\/#organization"},"potentialAction":[{"@type":"SearchAction","target":{"@type":"EntryPoint","urlTemplate":"https:\/\/www.mzclp.de\/?s={search_term_string}"},"query-input":{"@type":"PropertyValueSpecification","valueRequired":true,"valueName":"search_term_string"}}],"inLanguage":"de"},{"@type":"Organization","@id":"https:\/\/www.mzclp.de\/#organization","name":"Medienzentrum Cloppenburg","url":"https:\/\/www.mzclp.de\/","logo":{"@type":"ImageObject","inLanguage":"de","@id":"https:\/\/www.mzclp.de\/#\/schema\/logo\/image\/","url":"https:\/\/www.mzclp.de\/wp-content\/uploads\/2020\/06\/cropped-lkclpmzclpf-1.png","contentUrl":"https:\/\/www.mzclp.de\/wp-content\/uploads\/2020\/06\/cropped-lkclpmzclpf-1.png","width":3195,"height":606,"caption":"Medienzentrum Cloppenburg"},"image":{"@id":"https:\/\/www.mzclp.de\/#\/schema\/logo\/image\/"}}]}},"_links":{"self":[{"href":"https:\/\/www.mzclp.de\/index.php?rest_route=\/wp\/v2\/pages\/1427","targetHints":{"allow":["GET"]}}],"collection":[{"href":"https:\/\/www.mzclp.de\/index.php?rest_route=\/wp\/v2\/pages"}],"about":[{"href":"https:\/\/www.mzclp.de\/index.php?rest_route=\/wp\/v2\/types\/page"}],"author":[{"embeddable":true,"href":"https:\/\/www.mzclp.de\/index.php?rest_route=\/wp\/v2\/users\/2"}],"replies":[{"embeddable":true,"href":"https:\/\/www.mzclp.de\/index.php?rest_route=%2Fwp%2Fv2%2Fcomments&post=1427"}],"version-history":[{"count":10,"href":"https:\/\/www.mzclp.de\/index.php?rest_route=\/wp\/v2\/pages\/1427\/revisions"}],"predecessor-version":[{"id":6094,"href":"https:\/\/www.mzclp.de\/index.php?rest_route=\/wp\/v2\/pages\/1427\/revisions\/6094"}],"wp:featuredmedia":[{"embeddable":true,"href":"https:\/\/www.mzclp.de\/index.php?rest_route=\/wp\/v2\/media\/1755"}],"wp:attachment":[{"href":"https:\/\/www.mzclp.de\/index.php?rest_route=%2Fwp%2Fv2%2Fmedia&parent=1427"}],"curies":[{"name":"wp","href":"https:\/\/api.w.org\/{rel}","templated":true}]}}