{"id":1507,"date":"2018-01-16T09:54:44","date_gmt":"2018-01-16T08:54:44","guid":{"rendered":"https:\/\/www.mzclp.de\/?page_id=1507"},"modified":"2025-02-25T15:24:36","modified_gmt":"2025-02-25T14:24:36","slug":"impressum","status":"publish","type":"page","link":"https:\/\/www.mzclp.de\/?page_id=1507","title":{"rendered":"Impressum"},"content":{"rendered":"<header class=\"entry-header\">\n<h2 class=\"entry-title\">Impressum<\/h2>\n<\/header>\n<div class=\"entry-content\">\n<p><strong>Verantwortlich f\u00fcr den Inhalt:<\/strong><\/p>\n<p>Medienzentrum Cloppenburg<br \/>\nBahnhofstr. 57<br \/>\n49661 Cloppenburg<\/p>\n<p>Telefon: 04471-159091<\/p>\n<p>e-mail: <a href=\"mailto:medienzentrum@lkclp.de\"><span style=\"color: #0F63FF;\">medienzentrum@lkclp.de<\/span><\/a><\/p>\n<p><strong>Rechteinhaber:<\/strong><\/p>\n<div class=\"tx-row \">\n<div class=\"tx-column tx-column-size-\"><img loading=\"lazy\" decoding=\"async\" class=\"size-full wp-image-1517 alignnone\" src=\"https:\/\/www.mzclp.de\/wp-content\/uploads\/2018\/01\/Wimberg-Johann.jpg\" alt=\"\" width=\"157\" height=\"250\" \/><\/div>\n<div class=\"tx-column tx-column-size-\"><img loading=\"lazy\" decoding=\"async\" class=\"alignleft size-medium wp-image-4437\" src=\"https:\/\/www.mzclp.de\/wp-content\/uploads\/2020\/06\/LK_CLP_Logo_breit_blau_2018-transparent-300x118.png\" alt=\"\" width=\"300\" height=\"118\" srcset=\"https:\/\/www.mzclp.de\/wp-content\/uploads\/2020\/06\/LK_CLP_Logo_breit_blau_2018-transparent-300x118.png 300w, https:\/\/www.mzclp.de\/wp-content\/uploads\/2020\/06\/LK_CLP_Logo_breit_blau_2018-transparent-1024x402.png 1024w, https:\/\/www.mzclp.de\/wp-content\/uploads\/2020\/06\/LK_CLP_Logo_breit_blau_2018-transparent-768x301.png 768w, https:\/\/www.mzclp.de\/wp-content\/uploads\/2020\/06\/LK_CLP_Logo_breit_blau_2018-transparent-1320x518.png 1320w, https:\/\/www.mzclp.de\/wp-content\/uploads\/2020\/06\/LK_CLP_Logo_breit_blau_2018-transparent.png 1443w\" sizes=\"auto, (max-width: 300px) 100vw, 300px\" \/><\/div>\n<div class=\"tx-column tx-column-size-\">\n<p>&nbsp;<\/p>\n<p><strong>Alle Rechte dieser Internetpr\u00e4sentation liegen beim Medienzentrum des Landkreises Cloppenburg.<\/strong><br \/>\n<strong> Der Landkreis Cloppenburg ist eine K\u00f6rperschaft des \u00d6ffentlichen Rechts.<\/strong><br \/>\n<strong> Er wird vertreten durch den Landrat Johann Wimberg.<\/strong><\/div>\n<\/div>\n<p>&nbsp;<\/p>\n<\/div>\n<h2>Disclaimer \u2013 rechtliche Hinweise<\/h2>\n<hr \/>\n<p><strong>\u00a7 1 Haftungsbeschr\u00e4nkung<\/strong><\/p>\n<p>Die Inhalte dieser Website werden mit gr\u00f6\u00dftm\u00f6glicher Sorgfalt erstellt. Der\u00a0Anbieter \u00fcbernimmt jedoch keine Gew\u00e4hr f\u00fcr die Richtigkeit, Vollst\u00e4ndigkeit\u00a0und Aktualit\u00e4t der bereitgestellten Inhalte. Die Nutzung der Inhalte der\u00a0Website erfolgt auf eigene Gefahr des Nutzers. Namentlich gekennzeichnete\u00a0Beitr\u00e4ge geben die Meinung des jeweiligen Autors und nicht immer die Meinung\u00a0des Anbieters wieder. Mit der reinen Nutzung der Website des Anbieters kommt\u00a0keinerlei Vertragsverh\u00e4ltnis zwischen dem Nutzer und dem Anbieter zustande.<\/p>\n<p><strong>\u00a7 2 Externe Links<\/strong><\/p>\n<p>Diese Website enth\u00e4lt Verkn\u00fcpfungen zu Websites Dritter (\u201eexterne Links\u201c).\u00a0Diese Websites unterliegen der Haftung der jeweiligen Betreiber. Der\u00a0Anbieter hat bei der erstmaligen Verkn\u00fcpfung der externen Links die fremden\u00a0Inhalte daraufhin \u00fcberpr\u00fcft, ob etwaige Rechtsverst\u00f6\u00dfe bestehen. Zu dem\u00a0Zeitpunkt waren keine Rechtsverst\u00f6\u00dfe ersichtlich. Der Anbieter hat keinerlei\u00a0Einfluss auf die aktuelle und zuk\u00fcnftige Gestaltung und auf die Inhalte der\u00a0verkn\u00fcpften Seiten. Das Setzen von externen Links bedeutet nicht, dass sich\u00a0der Anbieter die hinter dem Verweis oder Link liegenden Inhalte zu Eigen\u00a0macht. Eine st\u00e4ndige Kontrolle der externen Links ist f\u00fcr den Anbieter ohne\u00a0konkrete Hinweise auf Rechtsverst\u00f6\u00dfe nicht zumutbar. Bei Kenntnis von\u00a0Rechtsverst\u00f6\u00dfen werden jedoch derartige externe Links unverz\u00fcglich gel\u00f6scht.<\/p>\n<p><strong>\u00a7 3 Urheber- und Leistungsschutzrechte<\/strong><\/p>\n<p>Die auf dieser Website ver\u00f6ffentlichten Inhalte unterliegen dem deutschen\u00a0Urheber- und Leistungsschutzrecht. Jede vom deutschen Urheber- und\u00a0Leistungsschutzrecht nicht zugelassene Verwertung bedarf der vorherigen\u00a0schriftlichen Zustimmung des Anbieters oder jeweiligen Rechteinhabers. Dies\u00a0gilt insbesondere f\u00fcr Vervielf\u00e4ltigung, Bearbeitung, \u00dcbersetzung,\u00a0Einspeicherung, Verarbeitung bzw. Wiedergabe von Inhalten in Datenbanken\u00a0oder anderen elektronischen Medien und Systemen. Inhalte und Rechte Dritter\u00a0sind dabei als solche gekennzeichnet. Die unerlaubte Vervielf\u00e4ltigung oder\u00a0Weitergabe einzelner Inhalte oder kompletter Seiten ist nicht gestattet undstrafbar. Lediglich die Herstellung von Kopien und Downloads f\u00fcr den\u00a0pers\u00f6nlichen, privaten und nicht kommerziellen Gebrauch ist erlaubt.<\/p>\n<p>Die Darstellung dieser Website in fremden Frames ist nur mit schriftlicher\u00a0Erlaubnis zul\u00e4ssig.<\/p>\n<p><strong>\u00a7 4 Besondere Nutzungsbedingungen<\/strong><\/p>\n<p>Soweit besondere Bedingungen f\u00fcr einzelne Nutzungen dieser Website von den\u00a0vorgenannten Paragraphen abweichen, wird an entsprechender Stelle\u00a0ausdr\u00fccklich darauf hingewiesen. In diesem Falle gelten im jeweiligen\u00a0Einzelfall die besonderen Nutzungsbedingungen.<\/p>\n<p>&nbsp;<\/p>\n<h2>Verwendetes WordPress-Template:<\/h2>\n<p><a href=\"http:\/\/templatesnext.org\/idesign\/\">i-Design von TemplatesNext<\/a><\/p>\n<p>&nbsp;<\/p>\n<h2>Verwendete Bildquellen:<\/h2>\n<div class=\"tx-row \">\n<div class=\"tx-column tx-column-size-1-4\"><a href=\"https:\/\/www.pexels.com\/de-de\/foto\/bewegung-draussen-erholung-erwachsener-710743\/\"><img loading=\"lazy\" decoding=\"async\" class=\"alignnone size-thumbnail wp-image-310\" src=\"https:\/\/www.mzclp.de\/wp-content\/uploads\/2020\/06\/photo-of-four-girls-wearing-school-uniform-doing-hand-signs-710743-scaled.jpg\" alt=\"\" width=\"150\" height=\"150\" \/><\/a><\/div>\n<div class=\"tx-column tx-column-size-1-4\"><a href=\"https:\/\/www.pexels.com\/de-de\/foto\/bucher-fokus-haufen-nahansicht-159866\/\"><img loading=\"lazy\" decoding=\"async\" class=\"alignnone size-thumbnail wp-image-310\" src=\"https:\/\/www.mzclp.de\/wp-content\/uploads\/2020\/06\/pile-of-books-159866-scaled.jpg\" alt=\"\" width=\"150\" height=\"150\" \/><\/a><\/div>\n<div class=\"tx-column tx-column-size-1-4\"><a href=\"https:\/\/www.pexels.com\/de-de\/foto\/ausbildung-bildung-bucher-daten-289737\/\"><img loading=\"lazy\" decoding=\"async\" class=\"alignnone size-thumbnail wp-image-310\" src=\"https:\/\/www.mzclp.de\/wp-content\/uploads\/2020\/06\/books-classroom-close-up-college-289737-scaled.jpg\" alt=\"\" width=\"150\" height=\"150\" \/><\/a><\/div>\n<div class=\"tx-column tx-column-size-1-4\"><a href=\"https:\/\/www.pexels.com\/de-de\/foto\/verwischen-verschwimmen-mikrofon-mikro-3710191\/\"><img loading=\"lazy\" decoding=\"async\" class=\"alignnone size-thumbnail wp-image-310\" src=\"https:\/\/www.mzclp.de\/wp-content\/uploads\/2020\/06\/close-up-photo-of-microphone-3710191-scaled.jpg\" alt=\"\" width=\"150\" height=\"150\" \/><\/a><\/div>\n<\/div>\n<div class=\"tx-row \">\n<div class=\"tx-column tx-column-size-1-4\"><a href=\"https:\/\/www.pexels.com\/photo\/abc-books-chalk-chalkboard-265076\/\"><img loading=\"lazy\" decoding=\"async\" class=\"alignnone size-thumbnail wp-image-310\" src=\"https:\/\/www.mzclp.de\/wp-content\/uploads\/2018\/01\/slide1-150x150.jpg\" alt=\"\" width=\"150\" height=\"150\" \/><\/a><\/div>\n<div class=\"tx-column tx-column-size-1-4\"><a href=\"https:\/\/www.pexels.com\/photo\/people-coffee-meeting-team-7096\/\"><img loading=\"lazy\" decoding=\"async\" class=\"alignnone size-thumbnail wp-image-310\" src=\"https:\/\/www.mzclp.de\/wp-content\/uploads\/2018\/01\/meeting-150x150.jpg\" alt=\"\" width=\"150\" height=\"150\" \/><\/a><\/div>\n<div class=\"tx-column tx-column-size-1-4\"><a href=\"https:\/\/www.pexels.com\/photo\/macro-shot-audio-equalizer-744318\/\"><img loading=\"lazy\" decoding=\"async\" class=\"alignnone size-thumbnail wp-image-310\" src=\"https:\/\/www.mzclp.de\/wp-content\/uploads\/2018\/01\/slide3-150x150.jpg\" alt=\"\" width=\"150\" height=\"150\" \/><\/a><\/div>\n<div class=\"tx-column tx-column-size-1-4\"><a href=\"https:\/\/www.pexels.com\/photo\/people-festival-party-dancing-849\/\"><img loading=\"lazy\" decoding=\"async\" class=\"alignnone size-thumbnail wp-image-310\" src=\"https:\/\/www.mzclp.de\/wp-content\/uploads\/2018\/01\/people-festival-party-dancing.jpg\" alt=\"\" width=\"150\" height=\"150\" \/><\/a><\/div>\n<\/div>\n<div class=\"tx-row \">\n<div class=\"tx-column tx-column-size-1-4\"><a href=\"https:\/\/www.pexels.com\/photo\/apple-desk-laptop-working-6565\/\"><img loading=\"lazy\" decoding=\"async\" class=\"alignnone size-thumbnail wp-image-310\" src=\"https:\/\/www.mzclp.de\/wp-content\/uploads\/2018\/01\/slide2-150x150.jpg\" alt=\"\" width=\"150\" height=\"150\" \/><\/a><\/div>\n<div class=\"tx-column tx-column-size-1-4\"><a href=\"https:\/\/unsplash.com\/photos\/5fNmWej4tAA\"><img loading=\"lazy\" decoding=\"async\" class=\"alignnone size-thumbnail wp-image-310\" src=\"https:\/\/www.mzclp.de\/wp-content\/uploads\/2018\/01\/support-150x150.png\" alt=\"\" width=\"150\" height=\"150\" \/><\/a><\/div>\n<div class=\"tx-column tx-column-size-1-4\"><a href=\"https:\/\/unsplash.com\/photos\/-vLFQe6h1cM\"><img loading=\"lazy\" decoding=\"async\" class=\"alignnone size-thumbnail wp-image-310\" src=\"https:\/\/www.mzclp.de\/wp-content\/uploads\/2018\/02\/mbild02-150x150.jpg\" alt=\"\" width=\"150\" height=\"150\" \/><\/a><\/div>\n<div class=\"tx-column tx-column-size-1-4\"><a href=\"https:\/\/www.pexels.com\/photo\/woman-writing-on-a-notebook-beside-teacup-and-tablet-computer-733856\/\"><img loading=\"lazy\" decoding=\"async\" class=\"alignnone size-thumbnail wp-image-310\" src=\"https:\/\/www.mzclp.de\/wp-content\/uploads\/2018\/01\/antraege.jpg\" alt=\"\" width=\"150\" height=\"150\" \/><\/a><\/div>\n<\/div>\n<div class=\"tx-row \">\n<div class=\"tx-column tx-column-size-1-4\"><a href=\"https:\/\/unsplash.com\/photos\/SYTO3xs06fU\"><img loading=\"lazy\" decoding=\"async\" class=\"alignnone size-thumbnail wp-image-310\" src=\"https:\/\/www.mzclp.de\/wp-content\/uploads\/2018\/03\/projekte-150x150.png\" alt=\"\" width=\"150\" height=\"150\" \/><\/a><\/div>\n<\/div>\n","protected":false},"excerpt":{"rendered":"<p>Impressum Verantwortlich f\u00fcr den Inhalt: Medienzentrum Cloppenburg Bahnhofstr. 57 49661 Cloppenburg Telefon: 04471-159091 e-mail: medienzentrum@lkclp.de Rechteinhaber: &nbsp; Disclaimer \u2013 rechtliche Hinweise \u00a7 1 Haftungsbeschr\u00e4nkung Die Inhalte dieser Website werden mit gr\u00f6\u00dftm\u00f6glicher Sorgfalt<\/p>\n<a class=\"moretag noptoppad\" href=\"https:\/\/www.mzclp.de\/?page_id=1507\">Read More...<\/a>","protected":false},"author":2,"featured_media":0,"parent":0,"menu_order":0,"comment_status":"closed","ping_status":"closed","template":"","meta":{"_crdt_document":"","footnotes":""},"class_list":["post-1507","page","type-page","status-publish","hentry"],"yoast_head":"<!-- This site is optimized with the Yoast SEO plugin v27.3 - https:\/\/yoast.com\/product\/yoast-seo-wordpress\/ -->\n<title>Impressum - Medienzentrum Cloppenburg<\/title>\n<meta name=\"robots\" content=\"index, follow, max-snippet:-1, max-image-preview:large, max-video-preview:-1\" \/>\n<link rel=\"canonical\" href=\"https:\/\/www.mzclp.de\/?page_id=1507\" \/>\n<meta property=\"og:locale\" content=\"de_DE\" \/>\n<meta property=\"og:type\" content=\"article\" \/>\n<meta property=\"og:title\" content=\"Impressum - Medienzentrum Cloppenburg\" \/>\n<meta property=\"og:description\" content=\"Impressum Verantwortlich f\u00fcr den Inhalt: Medienzentrum Cloppenburg Bahnhofstr. 57 49661 Cloppenburg Telefon: 04471-159091 e-mail: medienzentrum@lkclp.de Rechteinhaber: &nbsp; Disclaimer \u2013 rechtliche Hinweise \u00a7 1 Haftungsbeschr\u00e4nkung Die Inhalte dieser Website werden mit gr\u00f6\u00dftm\u00f6glicher Sorgfalt\" \/>\n<meta property=\"og:url\" content=\"https:\/\/www.mzclp.de\/?page_id=1507\" \/>\n<meta property=\"og:site_name\" content=\"Medienzentrum Cloppenburg\" \/>\n<meta property=\"article:modified_time\" content=\"2025-02-25T14:24:36+00:00\" \/>\n<meta property=\"og:image\" content=\"https:\/\/www.mzclp.de\/wp-content\/uploads\/2018\/01\/Wimberg-Johann.jpg\" \/>\n\t<meta property=\"og:image:width\" content=\"157\" \/>\n\t<meta property=\"og:image:height\" content=\"250\" \/>\n\t<meta property=\"og:image:type\" content=\"image\/jpeg\" \/>\n<meta name=\"twitter:card\" content=\"summary_large_image\" \/>\n<meta name=\"twitter:label1\" content=\"Gesch\u00e4tzte Lesezeit\" \/>\n\t<meta name=\"twitter:data1\" content=\"6\u00a0Minuten\" \/>\n<script type=\"application\/ld+json\" class=\"yoast-schema-graph\">{\"@context\":\"https:\\\/\\\/schema.org\",\"@graph\":[{\"@type\":\"WebPage\",\"@id\":\"https:\\\/\\\/www.mzclp.de\\\/?page_id=1507\",\"url\":\"https:\\\/\\\/www.mzclp.de\\\/?page_id=1507\",\"name\":\"Impressum - Medienzentrum Cloppenburg\",\"isPartOf\":{\"@id\":\"https:\\\/\\\/www.mzclp.de\\\/#website\"},\"primaryImageOfPage\":{\"@id\":\"https:\\\/\\\/www.mzclp.de\\\/?page_id=1507#primaryimage\"},\"image\":{\"@id\":\"https:\\\/\\\/www.mzclp.de\\\/?page_id=1507#primaryimage\"},\"thumbnailUrl\":\"https:\\\/\\\/www.mzclp.de\\\/wp-content\\\/uploads\\\/2018\\\/01\\\/Wimberg-Johann.jpg\",\"datePublished\":\"2018-01-16T08:54:44+00:00\",\"dateModified\":\"2025-02-25T14:24:36+00:00\",\"breadcrumb\":{\"@id\":\"https:\\\/\\\/www.mzclp.de\\\/?page_id=1507#breadcrumb\"},\"inLanguage\":\"de\",\"potentialAction\":[{\"@type\":\"ReadAction\",\"target\":[\"https:\\\/\\\/www.mzclp.de\\\/?page_id=1507\"]}]},{\"@type\":\"ImageObject\",\"inLanguage\":\"de\",\"@id\":\"https:\\\/\\\/www.mzclp.de\\\/?page_id=1507#primaryimage\",\"url\":\"https:\\\/\\\/www.mzclp.de\\\/wp-content\\\/uploads\\\/2018\\\/01\\\/Wimberg-Johann.jpg\",\"contentUrl\":\"https:\\\/\\\/www.mzclp.de\\\/wp-content\\\/uploads\\\/2018\\\/01\\\/Wimberg-Johann.jpg\",\"width\":157,\"height\":250},{\"@type\":\"BreadcrumbList\",\"@id\":\"https:\\\/\\\/www.mzclp.de\\\/?page_id=1507#breadcrumb\",\"itemListElement\":[{\"@type\":\"ListItem\",\"position\":1,\"name\":\"Startseite\",\"item\":\"https:\\\/\\\/www.mzclp.de\\\/\"},{\"@type\":\"ListItem\",\"position\":2,\"name\":\"Impressum\"}]},{\"@type\":\"WebSite\",\"@id\":\"https:\\\/\\\/www.mzclp.de\\\/#website\",\"url\":\"https:\\\/\\\/www.mzclp.de\\\/\",\"name\":\"Medienzentrum Cloppenburg\",\"description\":\"Beratung - Medien - Technik\",\"publisher\":{\"@id\":\"https:\\\/\\\/www.mzclp.de\\\/#organization\"},\"potentialAction\":[{\"@type\":\"SearchAction\",\"target\":{\"@type\":\"EntryPoint\",\"urlTemplate\":\"https:\\\/\\\/www.mzclp.de\\\/?s={search_term_string}\"},\"query-input\":{\"@type\":\"PropertyValueSpecification\",\"valueRequired\":true,\"valueName\":\"search_term_string\"}}],\"inLanguage\":\"de\"},{\"@type\":\"Organization\",\"@id\":\"https:\\\/\\\/www.mzclp.de\\\/#organization\",\"name\":\"Medienzentrum Cloppenburg\",\"url\":\"https:\\\/\\\/www.mzclp.de\\\/\",\"logo\":{\"@type\":\"ImageObject\",\"inLanguage\":\"de\",\"@id\":\"https:\\\/\\\/www.mzclp.de\\\/#\\\/schema\\\/logo\\\/image\\\/\",\"url\":\"https:\\\/\\\/www.mzclp.de\\\/wp-content\\\/uploads\\\/2020\\\/06\\\/cropped-lkclpmzclpf-1.png\",\"contentUrl\":\"https:\\\/\\\/www.mzclp.de\\\/wp-content\\\/uploads\\\/2020\\\/06\\\/cropped-lkclpmzclpf-1.png\",\"width\":3195,\"height\":606,\"caption\":\"Medienzentrum Cloppenburg\"},\"image\":{\"@id\":\"https:\\\/\\\/www.mzclp.de\\\/#\\\/schema\\\/logo\\\/image\\\/\"}}]}<\/script>\n<!-- \/ Yoast SEO plugin. -->","yoast_head_json":{"title":"Impressum - Medienzentrum Cloppenburg","robots":{"index":"index","follow":"follow","max-snippet":"max-snippet:-1","max-image-preview":"max-image-preview:large","max-video-preview":"max-video-preview:-1"},"canonical":"https:\/\/www.mzclp.de\/?page_id=1507","og_locale":"de_DE","og_type":"article","og_title":"Impressum - Medienzentrum Cloppenburg","og_description":"Impressum Verantwortlich f\u00fcr den Inhalt: Medienzentrum Cloppenburg Bahnhofstr. 57 49661 Cloppenburg Telefon: 04471-159091 e-mail: medienzentrum@lkclp.de Rechteinhaber: &nbsp; Disclaimer \u2013 rechtliche Hinweise \u00a7 1 Haftungsbeschr\u00e4nkung Die Inhalte dieser Website werden mit gr\u00f6\u00dftm\u00f6glicher Sorgfalt","og_url":"https:\/\/www.mzclp.de\/?page_id=1507","og_site_name":"Medienzentrum Cloppenburg","article_modified_time":"2025-02-25T14:24:36+00:00","og_image":[{"width":157,"height":250,"url":"https:\/\/www.mzclp.de\/wp-content\/uploads\/2018\/01\/Wimberg-Johann.jpg","type":"image\/jpeg"}],"twitter_card":"summary_large_image","twitter_misc":{"Gesch\u00e4tzte Lesezeit":"6\u00a0Minuten"},"schema":{"@context":"https:\/\/schema.org","@graph":[{"@type":"WebPage","@id":"https:\/\/www.mzclp.de\/?page_id=1507","url":"https:\/\/www.mzclp.de\/?page_id=1507","name":"Impressum - Medienzentrum Cloppenburg","isPartOf":{"@id":"https:\/\/www.mzclp.de\/#website"},"primaryImageOfPage":{"@id":"https:\/\/www.mzclp.de\/?page_id=1507#primaryimage"},"image":{"@id":"https:\/\/www.mzclp.de\/?page_id=1507#primaryimage"},"thumbnailUrl":"https:\/\/www.mzclp.de\/wp-content\/uploads\/2018\/01\/Wimberg-Johann.jpg","datePublished":"2018-01-16T08:54:44+00:00","dateModified":"2025-02-25T14:24:36+00:00","breadcrumb":{"@id":"https:\/\/www.mzclp.de\/?page_id=1507#breadcrumb"},"inLanguage":"de","potentialAction":[{"@type":"ReadAction","target":["https:\/\/www.mzclp.de\/?page_id=1507"]}]},{"@type":"ImageObject","inLanguage":"de","@id":"https:\/\/www.mzclp.de\/?page_id=1507#primaryimage","url":"https:\/\/www.mzclp.de\/wp-content\/uploads\/2018\/01\/Wimberg-Johann.jpg","contentUrl":"https:\/\/www.mzclp.de\/wp-content\/uploads\/2018\/01\/Wimberg-Johann.jpg","width":157,"height":250},{"@type":"BreadcrumbList","@id":"https:\/\/www.mzclp.de\/?page_id=1507#breadcrumb","itemListElement":[{"@type":"ListItem","position":1,"name":"Startseite","item":"https:\/\/www.mzclp.de\/"},{"@type":"ListItem","position":2,"name":"Impressum"}]},{"@type":"WebSite","@id":"https:\/\/www.mzclp.de\/#website","url":"https:\/\/www.mzclp.de\/","name":"Medienzentrum Cloppenburg","description":"Beratung - Medien - Technik","publisher":{"@id":"https:\/\/www.mzclp.de\/#organization"},"potentialAction":[{"@type":"SearchAction","target":{"@type":"EntryPoint","urlTemplate":"https:\/\/www.mzclp.de\/?s={search_term_string}"},"query-input":{"@type":"PropertyValueSpecification","valueRequired":true,"valueName":"search_term_string"}}],"inLanguage":"de"},{"@type":"Organization","@id":"https:\/\/www.mzclp.de\/#organization","name":"Medienzentrum Cloppenburg","url":"https:\/\/www.mzclp.de\/","logo":{"@type":"ImageObject","inLanguage":"de","@id":"https:\/\/www.mzclp.de\/#\/schema\/logo\/image\/","url":"https:\/\/www.mzclp.de\/wp-content\/uploads\/2020\/06\/cropped-lkclpmzclpf-1.png","contentUrl":"https:\/\/www.mzclp.de\/wp-content\/uploads\/2020\/06\/cropped-lkclpmzclpf-1.png","width":3195,"height":606,"caption":"Medienzentrum Cloppenburg"},"image":{"@id":"https:\/\/www.mzclp.de\/#\/schema\/logo\/image\/"}}]}},"_links":{"self":[{"href":"https:\/\/www.mzclp.de\/index.php?rest_route=\/wp\/v2\/pages\/1507","targetHints":{"allow":["GET"]}}],"collection":[{"href":"https:\/\/www.mzclp.de\/index.php?rest_route=\/wp\/v2\/pages"}],"about":[{"href":"https:\/\/www.mzclp.de\/index.php?rest_route=\/wp\/v2\/types\/page"}],"author":[{"embeddable":true,"href":"https:\/\/www.mzclp.de\/index.php?rest_route=\/wp\/v2\/users\/2"}],"replies":[{"embeddable":true,"href":"https:\/\/www.mzclp.de\/index.php?rest_route=%2Fwp%2Fv2%2Fcomments&post=1507"}],"version-history":[{"count":10,"href":"https:\/\/www.mzclp.de\/index.php?rest_route=\/wp\/v2\/pages\/1507\/revisions"}],"predecessor-version":[{"id":6098,"href":"https:\/\/www.mzclp.de\/index.php?rest_route=\/wp\/v2\/pages\/1507\/revisions\/6098"}],"wp:attachment":[{"href":"https:\/\/www.mzclp.de\/index.php?rest_route=%2Fwp%2Fv2%2Fmedia&parent=1507"}],"curies":[{"name":"wp","href":"https:\/\/api.w.org\/{rel}","templated":true}]}}