{"id":2088,"date":"2018-03-01T13:42:17","date_gmt":"2018-03-01T12:42:17","guid":{"rendered":"https:\/\/www.mzclp.de\/?page_id=2088"},"modified":"2026-04-22T09:19:47","modified_gmt":"2026-04-22T07:19:47","slug":"projekte","status":"publish","type":"page","link":"https:\/\/www.mzclp.de\/?page_id=2088","title":{"rendered":"Projekte"},"content":{"rendered":"<p style=\"text-align: left;\"><div class=\"tx-spacer clearfix\" style=\"height: 32px\"><\/div>\n<div class=\"tx-heading\" style=\"margin-bottom:24px; text-align: left;\"><h2 class=\"tx-heading-tag\" style=\"font-size:24px;\">Aktionen, Wettbewerbe<\/h2><\/div>\n<div class=\"tx-row \">\n<div class=\"tx-column tx-column-size-1-4\"><a href=\"https:\/\/www.mzclp.de\/?page_id=5806\"><img loading=\"lazy\" decoding=\"async\" class=\"aligncenter wp-image-4788\" src=\"https:\/\/www.mzclp.de\/wp-content\/uploads\/2021\/04\/Logo_mb21_Quadrat2-300x300.jpg\" alt=\"\" width=\"164\" height=\"164\" srcset=\"https:\/\/www.mzclp.de\/wp-content\/uploads\/2021\/04\/Logo_mb21_Quadrat2-300x300.jpg 300w, https:\/\/www.mzclp.de\/wp-content\/uploads\/2021\/04\/Logo_mb21_Quadrat2-150x150.jpg 150w, https:\/\/www.mzclp.de\/wp-content\/uploads\/2021\/04\/Logo_mb21_Quadrat2-768x768.jpg 768w, https:\/\/www.mzclp.de\/wp-content\/uploads\/2021\/04\/Logo_mb21_Quadrat2.jpg 945w\" sizes=\"auto, (max-width: 164px) 100vw, 164px\" \/><\/a><br \/>\n<\/div>\n<div class=\"tx-column tx-column-size-3-4\"><strong>28. Deutscher Multimediapreis mb21<\/strong><\/p>\n<p>Ab sofort k\u00f6nnen junge Medienmacher*innen bis 25 Jahre ihre digitalen, netzbasierten oder interaktiven Projekte wieder beim Deutschen Multimediapreis mb21 einreichen. Der bundesweite Kreativwettbewerb f\u00fcr Kinder, Jugendliche und junge Erwachsene pr\u00e4miert herausragende Medienprojekte mit Preisgeldern im Gesamtwert von 11.000 Euro. Einsendeschluss ist der 20. Juli 2026.<br \/>\n<\/div>\n<\/div>\n<div class=\"tx-row \">\n<div class=\"tx-column tx-column-size-1-4\">\n<\/div>\n<div class=\"tx-column tx-column-size-3-4\">\n<\/div>\n<\/div>\n<div class=\"tx-row \">\n<div class=\"tx-column tx-column-size-1-4\"><\/div>\n<div class=\"tx-column tx-column-size-3-4\">\n<\/div>\n<\/div>\n<div class=\"tx-row \">\n<div class=\"tx-column tx-column-size-1-4\">\n<\/div>\n<div class=\"tx-column tx-column-size-3-4\">\n<\/div>\n<\/div>\n<div class=\"tx-row \">\n<div class=\"tx-column tx-column-size-1-4\">\n<\/div>\n<div class=\"tx-column tx-column-size-3-4\">\n<\/div>\n<\/div>\n<div class=\"tx-row \">\n<div class=\"tx-column tx-column-size-1-4\"><\/div>\n<div class=\"tx-column tx-column-size-3-4\"><\/div>\n<\/div>\n<div class=\"tx-row \">\n<div class=\"tx-column tx-column-size-1-4\">\n<\/div>\n<div class=\"tx-column tx-column-size-3-4\"><\/div>\n<\/div>\n<div class=\"tx-spacer clearfix\" style=\"height: 20px\"><\/div>\n<div class=\"tx-heading\" style=\"margin-bottom:24px; text-align: left;\"><h2 class=\"tx-heading-tag\" style=\"font-size:24px;\">Veranstaltungen, Fortbildungen, Tagungen, Workshops<\/h2><\/div>\n<div class=\"tx-row \">\n<div class=\"tx-column tx-column-size-1-4\"><a href=\"https:\/\/www.mzclp.de\/?page_id=2622\"><img loading=\"lazy\" decoding=\"async\" class=\"size-full wp-image-2658 aligncenter\" src=\"https:\/\/www.mzclp.de\/wp-content\/uploads\/2018\/04\/UDM-Logoq.png\" alt=\"\" width=\"150\" height=\"180\" \/><\/a><\/div>\n<div class=\"tx-column tx-column-size-3-4\"><strong>Zertifizierte Fortbildungsma\u00dfnahme 2025\/2026<\/strong><\/p>\n<p style=\"text-align: left\">Der Umgang mit digitalen Medien sowie deren inhaltliche Reflexion ist zu einer Schl\u00fcsselkompetenz wie Lesen, Schreiben und Rechnen geworden. Insbesondere das Lernen \u00fcber Medien und der damit verbundene starke Anteil an inhaltlicher Reflexion wird in der didaktischen Konsequenz f\u00fcr Schule neu durchdacht und umgesetzt, um den aktuellen schulischen Anforderungen zu entsprechen.<\/div>\n<\/div>\n<div class=\"tx-row \">\n<div class=\"tx-column tx-column-size-1-4\"><a href=\"https:\/\/www.mzclp.de\/?page_id=6352\"><img loading=\"lazy\" decoding=\"async\" class=\"aligncenter size-full wp-image-6347\" src=\"https:\/\/www.mzclp.de\/wp-content\/uploads\/2025\/10\/Xperiment-1.png\" alt=\"\" width=\"280\" height=\"192\" \/><\/a><br \/>\n<\/div>\n<div class=\"tx-column tx-column-size-3-4\"><strong>Xperiment! &#8211; &#8222;meet a scientist&#8220;<\/strong><br \/>\nXperimenT! ist auf die individuelle F\u00f6rderung Sch\u00fcler*innen f\u00fcr den MINT-Bereich ausgerichtet. Es geht um die F\u00f6rderung von Interessen und auch Begabungen, nicht jedoch einzig um die Spitzenf\u00f6rderung von wenigen. XperimenT! soll es Jugendlichen erm\u00f6glichen, in ihrer Freizeit in kleinen Gruppen an eigenen Projekten zu arbeiten, themenbezogen im MINT-Bereich selbstst\u00e4ndig zu experimentieren und Ideen zu entwickeln.<br \/>\n<\/div>\n<\/div>\n<div class=\"tx-row \">\n<div class=\"tx-column tx-column-size-1-4\"><a href=\"https:\/\/www.mzclp.de\/?page_id=6439\"><img loading=\"lazy\" decoding=\"async\" class=\"aligncenter size-medium wp-image-6436\" src=\"https:\/\/www.mzclp.de\/wp-content\/uploads\/2026\/04\/logo_nlm-300x225.png\" alt=\"\" width=\"300\" height=\"225\" srcset=\"https:\/\/www.mzclp.de\/wp-content\/uploads\/2026\/04\/logo_nlm-300x225.png 300w, https:\/\/www.mzclp.de\/wp-content\/uploads\/2026\/04\/logo_nlm.png 400w\" sizes=\"auto, (max-width: 300px) 100vw, 300px\" \/><\/a><br \/>\n<\/div>\n<div class=\"tx-column tx-column-size-3-4\"><strong>Fortbildungsreihe \u201eMedienkompetenz an der Grundschule\u201c<\/strong><br \/>\nMit dieser Initiative wird die p\u00e4dagogische Begleitung von Sch\u00fcler*innen im Umgang mit digitalen Medien systematisch gest\u00e4rkt. Die Fortbildungen sind kostenfrei und tragen dazu bei, medienp\u00e4dagogisches Denken als festen Bestandteil des Grundschulalltags zu etablieren. Die NLM leistet damit gemeinsam mit ihren Projektpartnern einen wichtigen Beitrag zur nachhaltigen Verankerung von Medienkompetenz im Schulalltag.<br \/>\n<\/div>\n<\/div>\n<div class=\"tx-spacer clearfix\" style=\"height: 50px\"><\/div>\n","protected":false},"excerpt":{"rendered":"<a class=\"moretag noptoppad\" href=\"https:\/\/www.mzclp.de\/?page_id=2088\">Read More...<\/a>","protected":false},"author":2,"featured_media":2312,"parent":0,"menu_order":0,"comment_status":"closed","ping_status":"closed","template":"","meta":{"_crdt_document":"","footnotes":""},"class_list":["post-2088","page","type-page","status-publish","has-post-thumbnail","hentry"],"yoast_head":"<!-- This site is optimized with the Yoast SEO plugin v27.4 - https:\/\/yoast.com\/product\/yoast-seo-wordpress\/ -->\n<title>Projekte - Medienzentrum Cloppenburg<\/title>\n<meta name=\"robots\" content=\"index, follow, max-snippet:-1, max-image-preview:large, max-video-preview:-1\" \/>\n<link rel=\"canonical\" href=\"https:\/\/www.mzclp.de\/?page_id=2088\" \/>\n<meta property=\"og:locale\" content=\"de_DE\" \/>\n<meta property=\"og:type\" content=\"article\" \/>\n<meta property=\"og:title\" content=\"Projekte - Medienzentrum Cloppenburg\" \/>\n<meta property=\"og:url\" content=\"https:\/\/www.mzclp.de\/?page_id=2088\" \/>\n<meta property=\"og:site_name\" content=\"Medienzentrum Cloppenburg\" \/>\n<meta property=\"article:modified_time\" content=\"2026-04-22T07:19:47+00:00\" \/>\n<meta property=\"og:image\" content=\"https:\/\/www.mzclp.de\/wp-content\/uploads\/2018\/03\/projekte.png\" \/>\n\t<meta property=\"og:image:width\" content=\"1200\" \/>\n\t<meta property=\"og:image:height\" content=\"480\" \/>\n\t<meta property=\"og:image:type\" content=\"image\/png\" \/>\n<meta name=\"twitter:card\" content=\"summary_large_image\" \/>\n<meta name=\"twitter:label1\" content=\"Gesch\u00e4tzte Lesezeit\" \/>\n\t<meta name=\"twitter:data1\" content=\"3\u00a0Minuten\" \/>\n<script type=\"application\/ld+json\" class=\"yoast-schema-graph\">{\"@context\":\"https:\\\/\\\/schema.org\",\"@graph\":[{\"@type\":\"WebPage\",\"@id\":\"https:\\\/\\\/www.mzclp.de\\\/?page_id=2088\",\"url\":\"https:\\\/\\\/www.mzclp.de\\\/?page_id=2088\",\"name\":\"Projekte - Medienzentrum Cloppenburg\",\"isPartOf\":{\"@id\":\"https:\\\/\\\/www.mzclp.de\\\/#website\"},\"primaryImageOfPage\":{\"@id\":\"https:\\\/\\\/www.mzclp.de\\\/?page_id=2088#primaryimage\"},\"image\":{\"@id\":\"https:\\\/\\\/www.mzclp.de\\\/?page_id=2088#primaryimage\"},\"thumbnailUrl\":\"https:\\\/\\\/www.mzclp.de\\\/wp-content\\\/uploads\\\/2018\\\/03\\\/projekte.png\",\"datePublished\":\"2018-03-01T12:42:17+00:00\",\"dateModified\":\"2026-04-22T07:19:47+00:00\",\"breadcrumb\":{\"@id\":\"https:\\\/\\\/www.mzclp.de\\\/?page_id=2088#breadcrumb\"},\"inLanguage\":\"de\",\"potentialAction\":[{\"@type\":\"ReadAction\",\"target\":[\"https:\\\/\\\/www.mzclp.de\\\/?page_id=2088\"]}]},{\"@type\":\"ImageObject\",\"inLanguage\":\"de\",\"@id\":\"https:\\\/\\\/www.mzclp.de\\\/?page_id=2088#primaryimage\",\"url\":\"https:\\\/\\\/www.mzclp.de\\\/wp-content\\\/uploads\\\/2018\\\/03\\\/projekte.png\",\"contentUrl\":\"https:\\\/\\\/www.mzclp.de\\\/wp-content\\\/uploads\\\/2018\\\/03\\\/projekte.png\",\"width\":1200,\"height\":480},{\"@type\":\"BreadcrumbList\",\"@id\":\"https:\\\/\\\/www.mzclp.de\\\/?page_id=2088#breadcrumb\",\"itemListElement\":[{\"@type\":\"ListItem\",\"position\":1,\"name\":\"Startseite\",\"item\":\"https:\\\/\\\/www.mzclp.de\\\/\"},{\"@type\":\"ListItem\",\"position\":2,\"name\":\"Projekte\"}]},{\"@type\":\"WebSite\",\"@id\":\"https:\\\/\\\/www.mzclp.de\\\/#website\",\"url\":\"https:\\\/\\\/www.mzclp.de\\\/\",\"name\":\"Medienzentrum Cloppenburg\",\"description\":\"Beratung - Medien - Technik\",\"publisher\":{\"@id\":\"https:\\\/\\\/www.mzclp.de\\\/#organization\"},\"potentialAction\":[{\"@type\":\"SearchAction\",\"target\":{\"@type\":\"EntryPoint\",\"urlTemplate\":\"https:\\\/\\\/www.mzclp.de\\\/?s={search_term_string}\"},\"query-input\":{\"@type\":\"PropertyValueSpecification\",\"valueRequired\":true,\"valueName\":\"search_term_string\"}}],\"inLanguage\":\"de\"},{\"@type\":\"Organization\",\"@id\":\"https:\\\/\\\/www.mzclp.de\\\/#organization\",\"name\":\"Medienzentrum Cloppenburg\",\"url\":\"https:\\\/\\\/www.mzclp.de\\\/\",\"logo\":{\"@type\":\"ImageObject\",\"inLanguage\":\"de\",\"@id\":\"https:\\\/\\\/www.mzclp.de\\\/#\\\/schema\\\/logo\\\/image\\\/\",\"url\":\"https:\\\/\\\/www.mzclp.de\\\/wp-content\\\/uploads\\\/2020\\\/06\\\/cropped-lkclpmzclpf-1.png\",\"contentUrl\":\"https:\\\/\\\/www.mzclp.de\\\/wp-content\\\/uploads\\\/2020\\\/06\\\/cropped-lkclpmzclpf-1.png\",\"width\":3195,\"height\":606,\"caption\":\"Medienzentrum Cloppenburg\"},\"image\":{\"@id\":\"https:\\\/\\\/www.mzclp.de\\\/#\\\/schema\\\/logo\\\/image\\\/\"}}]}<\/script>\n<!-- \/ Yoast SEO plugin. -->","yoast_head_json":{"title":"Projekte - Medienzentrum Cloppenburg","robots":{"index":"index","follow":"follow","max-snippet":"max-snippet:-1","max-image-preview":"max-image-preview:large","max-video-preview":"max-video-preview:-1"},"canonical":"https:\/\/www.mzclp.de\/?page_id=2088","og_locale":"de_DE","og_type":"article","og_title":"Projekte - Medienzentrum Cloppenburg","og_url":"https:\/\/www.mzclp.de\/?page_id=2088","og_site_name":"Medienzentrum Cloppenburg","article_modified_time":"2026-04-22T07:19:47+00:00","og_image":[{"width":1200,"height":480,"url":"https:\/\/www.mzclp.de\/wp-content\/uploads\/2018\/03\/projekte.png","type":"image\/png"}],"twitter_card":"summary_large_image","twitter_misc":{"Gesch\u00e4tzte Lesezeit":"3\u00a0Minuten"},"schema":{"@context":"https:\/\/schema.org","@graph":[{"@type":"WebPage","@id":"https:\/\/www.mzclp.de\/?page_id=2088","url":"https:\/\/www.mzclp.de\/?page_id=2088","name":"Projekte - Medienzentrum Cloppenburg","isPartOf":{"@id":"https:\/\/www.mzclp.de\/#website"},"primaryImageOfPage":{"@id":"https:\/\/www.mzclp.de\/?page_id=2088#primaryimage"},"image":{"@id":"https:\/\/www.mzclp.de\/?page_id=2088#primaryimage"},"thumbnailUrl":"https:\/\/www.mzclp.de\/wp-content\/uploads\/2018\/03\/projekte.png","datePublished":"2018-03-01T12:42:17+00:00","dateModified":"2026-04-22T07:19:47+00:00","breadcrumb":{"@id":"https:\/\/www.mzclp.de\/?page_id=2088#breadcrumb"},"inLanguage":"de","potentialAction":[{"@type":"ReadAction","target":["https:\/\/www.mzclp.de\/?page_id=2088"]}]},{"@type":"ImageObject","inLanguage":"de","@id":"https:\/\/www.mzclp.de\/?page_id=2088#primaryimage","url":"https:\/\/www.mzclp.de\/wp-content\/uploads\/2018\/03\/projekte.png","contentUrl":"https:\/\/www.mzclp.de\/wp-content\/uploads\/2018\/03\/projekte.png","width":1200,"height":480},{"@type":"BreadcrumbList","@id":"https:\/\/www.mzclp.de\/?page_id=2088#breadcrumb","itemListElement":[{"@type":"ListItem","position":1,"name":"Startseite","item":"https:\/\/www.mzclp.de\/"},{"@type":"ListItem","position":2,"name":"Projekte"}]},{"@type":"WebSite","@id":"https:\/\/www.mzclp.de\/#website","url":"https:\/\/www.mzclp.de\/","name":"Medienzentrum Cloppenburg","description":"Beratung - Medien - Technik","publisher":{"@id":"https:\/\/www.mzclp.de\/#organization"},"potentialAction":[{"@type":"SearchAction","target":{"@type":"EntryPoint","urlTemplate":"https:\/\/www.mzclp.de\/?s={search_term_string}"},"query-input":{"@type":"PropertyValueSpecification","valueRequired":true,"valueName":"search_term_string"}}],"inLanguage":"de"},{"@type":"Organization","@id":"https:\/\/www.mzclp.de\/#organization","name":"Medienzentrum Cloppenburg","url":"https:\/\/www.mzclp.de\/","logo":{"@type":"ImageObject","inLanguage":"de","@id":"https:\/\/www.mzclp.de\/#\/schema\/logo\/image\/","url":"https:\/\/www.mzclp.de\/wp-content\/uploads\/2020\/06\/cropped-lkclpmzclpf-1.png","contentUrl":"https:\/\/www.mzclp.de\/wp-content\/uploads\/2020\/06\/cropped-lkclpmzclpf-1.png","width":3195,"height":606,"caption":"Medienzentrum Cloppenburg"},"image":{"@id":"https:\/\/www.mzclp.de\/#\/schema\/logo\/image\/"}}]}},"_links":{"self":[{"href":"https:\/\/www.mzclp.de\/index.php?rest_route=\/wp\/v2\/pages\/2088","targetHints":{"allow":["GET"]}}],"collection":[{"href":"https:\/\/www.mzclp.de\/index.php?rest_route=\/wp\/v2\/pages"}],"about":[{"href":"https:\/\/www.mzclp.de\/index.php?rest_route=\/wp\/v2\/types\/page"}],"author":[{"embeddable":true,"href":"https:\/\/www.mzclp.de\/index.php?rest_route=\/wp\/v2\/users\/2"}],"replies":[{"embeddable":true,"href":"https:\/\/www.mzclp.de\/index.php?rest_route=%2Fwp%2Fv2%2Fcomments&post=2088"}],"version-history":[{"count":11,"href":"https:\/\/www.mzclp.de\/index.php?rest_route=\/wp\/v2\/pages\/2088\/revisions"}],"predecessor-version":[{"id":6447,"href":"https:\/\/www.mzclp.de\/index.php?rest_route=\/wp\/v2\/pages\/2088\/revisions\/6447"}],"wp:featuredmedia":[{"embeddable":true,"href":"https:\/\/www.mzclp.de\/index.php?rest_route=\/wp\/v2\/media\/2312"}],"wp:attachment":[{"href":"https:\/\/www.mzclp.de\/index.php?rest_route=%2Fwp%2Fv2%2Fmedia&parent=2088"}],"curies":[{"name":"wp","href":"https:\/\/api.w.org\/{rel}","templated":true}]}}