{"id":5623,"date":"2025-05-21T14:00:34","date_gmt":"2025-05-21T12:00:34","guid":{"rendered":"https:\/\/www.mzclp.de\/?page_id=5623"},"modified":"2025-07-03T15:03:47","modified_gmt":"2025-07-03T13:03:47","slug":"ausweggesucht2024","status":"publish","type":"page","link":"https:\/\/www.mzclp.de\/?page_id=5623","title":{"rendered":"AUSWEG GESUCHT 2025"},"content":{"rendered":"<p style=\"text-align: center;\"><span style=\"color: #000080;\"><span style=\"font-size: 16px;\"><strong>KURZFILMWETTBEWERB \u201eAUSWEG GESUCHT\u201c<\/strong><\/span><\/span><\/p>\n<p><img loading=\"lazy\" decoding=\"async\" class=\"wp-image-6149 alignleft\" src=\"https:\/\/www.mzclp.de\/wp-content\/uploads\/2025\/05\/ag25_bildflyer-1024x487.jpg\" alt=\"\" width=\"385\" height=\"183\" srcset=\"https:\/\/www.mzclp.de\/wp-content\/uploads\/2025\/05\/ag25_bildflyer-1024x487.jpg 1024w, https:\/\/www.mzclp.de\/wp-content\/uploads\/2025\/05\/ag25_bildflyer-300x143.jpg 300w, https:\/\/www.mzclp.de\/wp-content\/uploads\/2025\/05\/ag25_bildflyer-768x365.jpg 768w, https:\/\/www.mzclp.de\/wp-content\/uploads\/2025\/05\/ag25_bildflyer-1536x730.jpg 1536w, https:\/\/www.mzclp.de\/wp-content\/uploads\/2025\/05\/ag25_bildflyer-1320x627.jpg 1320w, https:\/\/www.mzclp.de\/wp-content\/uploads\/2025\/05\/ag25_bildflyer.jpg 1679w\" sizes=\"auto, (max-width: 385px) 100vw, 385px\" \/>Ausweg Gesucht richtet sich an dich, wenn du zwischen 15 und 25 Jahre alt bist und aus Bremen, Niedersachsen oder Hamburg kommst. Ihr Beitrag muss das Kernthema \u201cKrise\u201d aufgreifen. Welche Krise dein Film bzw. Text behandelt, bleibt dir \u00fcberlassen. Uns ist nur wichtig, dass es um ein Thema geht, das dich bewegt. Damit ist auch unrelevant, ob du von einer eigenen Erfahrung berichtest oder von etwas, das du durch andere mitbekommen hast oder das du schlichtweg f\u00fcr wichtig h\u00e4ltst. Kannst Du alleine oder im Team arbeiten? Auch hier liegt die Entscheidung bei dir: Du kannst allein, mit deiner Familie oder deinen Mitbewohnis arbeiten! Freund*innen, deine Klasse oder Studienkurse kannst du auch gerne involvieren.<\/p>\n<p>Filme d\u00fcrfen<strong> max. 05:00 Minuten lang<\/strong> sein. Das konkrete Format deines Beitrags kannst du frei w\u00e4hlen. Du kannst z.B. Social Spot, Animation oder Reportage einreichen. Wichtig ist allerdings, dass es sich um einen Kurzfilm handelt. Schwerpunktm\u00e4\u00dfig suchen wir diesmal Literatur- oder Sachtexte. Also Texte, die mehr einen dramaturgischen Anspruch erf\u00fcllen oder eine konkrete Frage journalistisch bearbeiten. M\u00f6glich sind also z.B. Kurzgeschichte, Poetry oder Tagebucheintrag. Au\u00dferd<span class=\"WdYUQQ\">em d\u00fcrfen Texte nach wie vor <strong>nicht mehr als<\/strong> <strong>2.000 W\u00f6rter<\/strong> umfassen.<\/span><\/p>\n<p>Alle Beitr\u00e4ge m\u00fcssen digital \u00fcber unser Einreichungsformular eingereicht werden und sollten in Deutsch oder Englisch produziert bzw. verfasst sein. Au\u00dferdem sollte im Einreichungsformular die Kategorie angegeben werden, in der der Beitrag eingereicht wird: Film oder Text.\u00a0Die max. Dateigr\u00f6\u00dfe liegt bei 500 MB, erlaubte Dateiformate sind: Film mp4, m4v, mov, avi, wmv, mpg | Text pdf.\u00a0<strong>Mehrere Dateien<\/strong>\u00a0m\u00fcssen als<strong>\u00a0ZIP-komprimierter Ordner<\/strong>\u00a0hochgeladen werden.<\/p>\n<h5><span style=\"color: #ff0000;\"><strong>Einsendeschluss: 31. August 2025 um 24 Uhr!<br \/>\nPreisgeld: jeweils 1.000 \u20ac<br \/>\nPreisverleihung: 15. November 2025 im Cinespace Cineplex (Waterfront in Bremen)<\/strong><\/span><\/h5>\n<div class=\"tx-spacer clearfix\" style=\"height: 10px\"><\/div>\n<h3 style=\"color: #000080;\">TRAILER<\/h3>\n<div class=\"tx-youtube-outerwarp\" style=\"width: 100%\"><div class=\"tx-youtube-warp\" style=\"\"><iframe src=\"https:\/\/www.youtube.com\/embed\/RqkEun_7F5I?controls=1&amp;showinfo=0&amp;rel=0&amp;autoplay=0\" frameborder=\"0\" allow=\"autoplay\" allowfullscreen><\/iframe><\/div><\/div>\n<div class=\"tx-spacer clearfix\" style=\"height: 45px\"><\/div>\n<h3 style=\"color: #000080;\">Formulare:<\/h3>\n<div class=\"tx-row \">\n<div class=\"tx-column tx-column-size-1-4\"><a href=\"https:\/\/ausweggesucht.de\/wp-content\/uploads\/2023\/07\/AG_25_Drehgenehmigung.pdf\" target=\"blank\" rel=\"noopener\"><span style=\"color: #0000cd\"><img decoding=\"async\" style=\"width: 32px;height: 26px;margin-left: 5px;margin-right: 5px;float: left\" src=\"https:\/\/www.mzclp.de\/wp-content\/uploads\/2018\/02\/pdficon_large.png\" alt=\"\" \/>Drehgenehmigung<\/span><\/a><\/div>\n<div class=\"tx-column tx-column-size-1-4\"><a href=\"https:\/\/ausweggesucht.de\/wp-content\/uploads\/2023\/07\/AG_25_Einverstaendis_Musikverwendung.pdf\" target=\"blank\" rel=\"noopener\"><span style=\"color: #0000cd\"><img decoding=\"async\" style=\"width: 32px;height: 26px;margin-left: 5px;margin-right: 5px;float: left\" src=\"https:\/\/www.mzclp.de\/wp-content\/uploads\/2018\/02\/pdficon_large.png\" alt=\"\" \/>Musikrechte<\/span><\/a><\/div>\n<div class=\"tx-column tx-column-size-1-4\"><a href=\"https:\/\/ausweggesucht.de\/wp-content\/uploads\/2023\/07\/AG_25_Einverstaendniserklaerung_Personenabbildung.pdf\" target=\"blank\" rel=\"noopener\"><span style=\"color: #0000cd\"><img decoding=\"async\" style=\"width: 32px;height: 26px;margin-left: 5px;margin-right: 5px;float: left\" src=\"https:\/\/www.mzclp.de\/wp-content\/uploads\/2018\/02\/pdficon_large.png\" alt=\"\" \/>Einverst\u00e4ndnis-<br \/>\nerkl\u00e4rung<\/span><\/a><\/div>\n<div class=\"tx-column tx-column-size-1-4\"><a href=\"https:\/\/ausweggesucht.de\/wp-content\/uploads\/2025\/05\/AG-25-Infosheet.pdf\" target=\"blank\" rel=\"noopener\"><span style=\"color: #0000cd\"><img decoding=\"async\" style=\"width: 32px;height: 26px;margin-left: 5px;margin-right: 5px;float: left\" src=\"https:\/\/www.mzclp.de\/wp-content\/uploads\/2018\/02\/pdficon_large.png\" alt=\"\" \/>Infoblatt<\/span><\/a><\/div>\n<\/div>\n<div class=\"tx-spacer clearfix\" style=\"height: 65px\"><\/div>\n<div class=\"tx-cta\" style=\"\"><div class=\"tx-cta-text\">Einreichung<\/div><a href=\"https:\/\/einreichungen.ausweggesucht.de\/teilnahme\/\" class=\"cta-button\">AUSWEG GESUCHT<\/a><div class=\"clear\"><\/div><\/div>\n<p style=\"text-align: right;\"><a class=\"tx-button\" href=\"https:\/\/www.mzclp.de\/?page_id=2088\" target=\"_self\" style=\"color: #ffffff; background-color: #f11303\">zur\u00fcck<\/a>\n<p style=\"text-align: right;\"><span style=\"font-family: 'Courier New', Courier, monospace; font-size: 13px; background-color: #ffffe0;\">\u00a9 paetowd<\/span><\/p>\n","protected":false},"excerpt":{"rendered":"<p>KURZFILMWETTBEWERB \u201eAUSWEG GESUCHT\u201c Ausweg Gesucht richtet sich an dich, wenn du zwischen 15 und 25 Jahre alt bist und aus Bremen, Niedersachsen oder Hamburg kommst. Ihr Beitrag muss das Kernthema \u201cKrise\u201d aufgreifen.<\/p>\n<a class=\"moretag noptoppad\" href=\"https:\/\/www.mzclp.de\/?page_id=5623\">Read More...<\/a>","protected":false},"author":2,"featured_media":0,"parent":2088,"menu_order":0,"comment_status":"closed","ping_status":"closed","template":"","meta":{"_crdt_document":"","footnotes":""},"class_list":["post-5623","page","type-page","status-publish","hentry"],"yoast_head":"<!-- This site is optimized with the Yoast SEO plugin v27.3 - https:\/\/yoast.com\/product\/yoast-seo-wordpress\/ -->\n<title>AUSWEG GESUCHT 2025 - Medienzentrum Cloppenburg<\/title>\n<meta name=\"robots\" content=\"index, follow, max-snippet:-1, max-image-preview:large, max-video-preview:-1\" \/>\n<link rel=\"canonical\" href=\"https:\/\/www.mzclp.de\/?page_id=5623\" \/>\n<meta property=\"og:locale\" content=\"de_DE\" \/>\n<meta property=\"og:type\" content=\"article\" \/>\n<meta property=\"og:title\" content=\"AUSWEG GESUCHT 2025 - Medienzentrum Cloppenburg\" \/>\n<meta property=\"og:description\" content=\"KURZFILMWETTBEWERB \u201eAUSWEG GESUCHT\u201c Ausweg Gesucht richtet sich an dich, wenn du zwischen 15 und 25 Jahre alt bist und aus Bremen, Niedersachsen oder Hamburg kommst. Ihr Beitrag muss das Kernthema \u201cKrise\u201d aufgreifen.\" \/>\n<meta property=\"og:url\" content=\"https:\/\/www.mzclp.de\/?page_id=5623\" \/>\n<meta property=\"og:site_name\" content=\"Medienzentrum Cloppenburg\" \/>\n<meta property=\"article:modified_time\" content=\"2025-07-03T13:03:47+00:00\" \/>\n<meta property=\"og:image\" content=\"https:\/\/www.mzclp.de\/wp-content\/uploads\/2025\/05\/ag25_bildflyer.jpg\" \/>\n\t<meta property=\"og:image:width\" content=\"1679\" \/>\n\t<meta property=\"og:image:height\" content=\"798\" \/>\n\t<meta property=\"og:image:type\" content=\"image\/jpeg\" \/>\n<meta name=\"twitter:card\" content=\"summary_large_image\" \/>\n<meta name=\"twitter:label1\" content=\"Gesch\u00e4tzte Lesezeit\" \/>\n\t<meta name=\"twitter:data1\" content=\"3\u00a0Minuten\" \/>\n<script type=\"application\/ld+json\" class=\"yoast-schema-graph\">{\"@context\":\"https:\\\/\\\/schema.org\",\"@graph\":[{\"@type\":\"WebPage\",\"@id\":\"https:\\\/\\\/www.mzclp.de\\\/?page_id=5623\",\"url\":\"https:\\\/\\\/www.mzclp.de\\\/?page_id=5623\",\"name\":\"AUSWEG GESUCHT 2025 - Medienzentrum Cloppenburg\",\"isPartOf\":{\"@id\":\"https:\\\/\\\/www.mzclp.de\\\/#website\"},\"primaryImageOfPage\":{\"@id\":\"https:\\\/\\\/www.mzclp.de\\\/?page_id=5623#primaryimage\"},\"image\":{\"@id\":\"https:\\\/\\\/www.mzclp.de\\\/?page_id=5623#primaryimage\"},\"thumbnailUrl\":\"https:\\\/\\\/www.mzclp.de\\\/wp-content\\\/uploads\\\/2025\\\/05\\\/ag25_bildflyer-1024x487.jpg\",\"datePublished\":\"2025-05-21T12:00:34+00:00\",\"dateModified\":\"2025-07-03T13:03:47+00:00\",\"breadcrumb\":{\"@id\":\"https:\\\/\\\/www.mzclp.de\\\/?page_id=5623#breadcrumb\"},\"inLanguage\":\"de\",\"potentialAction\":[{\"@type\":\"ReadAction\",\"target\":[\"https:\\\/\\\/www.mzclp.de\\\/?page_id=5623\"]}]},{\"@type\":\"ImageObject\",\"inLanguage\":\"de\",\"@id\":\"https:\\\/\\\/www.mzclp.de\\\/?page_id=5623#primaryimage\",\"url\":\"https:\\\/\\\/www.mzclp.de\\\/wp-content\\\/uploads\\\/2025\\\/05\\\/ag25_bildflyer.jpg\",\"contentUrl\":\"https:\\\/\\\/www.mzclp.de\\\/wp-content\\\/uploads\\\/2025\\\/05\\\/ag25_bildflyer.jpg\",\"width\":1679,\"height\":798},{\"@type\":\"BreadcrumbList\",\"@id\":\"https:\\\/\\\/www.mzclp.de\\\/?page_id=5623#breadcrumb\",\"itemListElement\":[{\"@type\":\"ListItem\",\"position\":1,\"name\":\"Startseite\",\"item\":\"https:\\\/\\\/www.mzclp.de\\\/\"},{\"@type\":\"ListItem\",\"position\":2,\"name\":\"Projekte\",\"item\":\"https:\\\/\\\/www.mzclp.de\\\/?page_id=2088\"},{\"@type\":\"ListItem\",\"position\":3,\"name\":\"AUSWEG GESUCHT 2025\"}]},{\"@type\":\"WebSite\",\"@id\":\"https:\\\/\\\/www.mzclp.de\\\/#website\",\"url\":\"https:\\\/\\\/www.mzclp.de\\\/\",\"name\":\"Medienzentrum Cloppenburg\",\"description\":\"Beratung - Medien - Technik\",\"publisher\":{\"@id\":\"https:\\\/\\\/www.mzclp.de\\\/#organization\"},\"potentialAction\":[{\"@type\":\"SearchAction\",\"target\":{\"@type\":\"EntryPoint\",\"urlTemplate\":\"https:\\\/\\\/www.mzclp.de\\\/?s={search_term_string}\"},\"query-input\":{\"@type\":\"PropertyValueSpecification\",\"valueRequired\":true,\"valueName\":\"search_term_string\"}}],\"inLanguage\":\"de\"},{\"@type\":\"Organization\",\"@id\":\"https:\\\/\\\/www.mzclp.de\\\/#organization\",\"name\":\"Medienzentrum Cloppenburg\",\"url\":\"https:\\\/\\\/www.mzclp.de\\\/\",\"logo\":{\"@type\":\"ImageObject\",\"inLanguage\":\"de\",\"@id\":\"https:\\\/\\\/www.mzclp.de\\\/#\\\/schema\\\/logo\\\/image\\\/\",\"url\":\"https:\\\/\\\/www.mzclp.de\\\/wp-content\\\/uploads\\\/2020\\\/06\\\/cropped-lkclpmzclpf-1.png\",\"contentUrl\":\"https:\\\/\\\/www.mzclp.de\\\/wp-content\\\/uploads\\\/2020\\\/06\\\/cropped-lkclpmzclpf-1.png\",\"width\":3195,\"height\":606,\"caption\":\"Medienzentrum Cloppenburg\"},\"image\":{\"@id\":\"https:\\\/\\\/www.mzclp.de\\\/#\\\/schema\\\/logo\\\/image\\\/\"}}]}<\/script>\n<!-- \/ Yoast SEO plugin. -->","yoast_head_json":{"title":"AUSWEG GESUCHT 2025 - Medienzentrum Cloppenburg","robots":{"index":"index","follow":"follow","max-snippet":"max-snippet:-1","max-image-preview":"max-image-preview:large","max-video-preview":"max-video-preview:-1"},"canonical":"https:\/\/www.mzclp.de\/?page_id=5623","og_locale":"de_DE","og_type":"article","og_title":"AUSWEG GESUCHT 2025 - Medienzentrum Cloppenburg","og_description":"KURZFILMWETTBEWERB \u201eAUSWEG GESUCHT\u201c Ausweg Gesucht richtet sich an dich, wenn du zwischen 15 und 25 Jahre alt bist und aus Bremen, Niedersachsen oder Hamburg kommst. Ihr Beitrag muss das Kernthema \u201cKrise\u201d aufgreifen.","og_url":"https:\/\/www.mzclp.de\/?page_id=5623","og_site_name":"Medienzentrum Cloppenburg","article_modified_time":"2025-07-03T13:03:47+00:00","og_image":[{"width":1679,"height":798,"url":"https:\/\/www.mzclp.de\/wp-content\/uploads\/2025\/05\/ag25_bildflyer.jpg","type":"image\/jpeg"}],"twitter_card":"summary_large_image","twitter_misc":{"Gesch\u00e4tzte Lesezeit":"3\u00a0Minuten"},"schema":{"@context":"https:\/\/schema.org","@graph":[{"@type":"WebPage","@id":"https:\/\/www.mzclp.de\/?page_id=5623","url":"https:\/\/www.mzclp.de\/?page_id=5623","name":"AUSWEG GESUCHT 2025 - Medienzentrum Cloppenburg","isPartOf":{"@id":"https:\/\/www.mzclp.de\/#website"},"primaryImageOfPage":{"@id":"https:\/\/www.mzclp.de\/?page_id=5623#primaryimage"},"image":{"@id":"https:\/\/www.mzclp.de\/?page_id=5623#primaryimage"},"thumbnailUrl":"https:\/\/www.mzclp.de\/wp-content\/uploads\/2025\/05\/ag25_bildflyer-1024x487.jpg","datePublished":"2025-05-21T12:00:34+00:00","dateModified":"2025-07-03T13:03:47+00:00","breadcrumb":{"@id":"https:\/\/www.mzclp.de\/?page_id=5623#breadcrumb"},"inLanguage":"de","potentialAction":[{"@type":"ReadAction","target":["https:\/\/www.mzclp.de\/?page_id=5623"]}]},{"@type":"ImageObject","inLanguage":"de","@id":"https:\/\/www.mzclp.de\/?page_id=5623#primaryimage","url":"https:\/\/www.mzclp.de\/wp-content\/uploads\/2025\/05\/ag25_bildflyer.jpg","contentUrl":"https:\/\/www.mzclp.de\/wp-content\/uploads\/2025\/05\/ag25_bildflyer.jpg","width":1679,"height":798},{"@type":"BreadcrumbList","@id":"https:\/\/www.mzclp.de\/?page_id=5623#breadcrumb","itemListElement":[{"@type":"ListItem","position":1,"name":"Startseite","item":"https:\/\/www.mzclp.de\/"},{"@type":"ListItem","position":2,"name":"Projekte","item":"https:\/\/www.mzclp.de\/?page_id=2088"},{"@type":"ListItem","position":3,"name":"AUSWEG GESUCHT 2025"}]},{"@type":"WebSite","@id":"https:\/\/www.mzclp.de\/#website","url":"https:\/\/www.mzclp.de\/","name":"Medienzentrum Cloppenburg","description":"Beratung - Medien - Technik","publisher":{"@id":"https:\/\/www.mzclp.de\/#organization"},"potentialAction":[{"@type":"SearchAction","target":{"@type":"EntryPoint","urlTemplate":"https:\/\/www.mzclp.de\/?s={search_term_string}"},"query-input":{"@type":"PropertyValueSpecification","valueRequired":true,"valueName":"search_term_string"}}],"inLanguage":"de"},{"@type":"Organization","@id":"https:\/\/www.mzclp.de\/#organization","name":"Medienzentrum Cloppenburg","url":"https:\/\/www.mzclp.de\/","logo":{"@type":"ImageObject","inLanguage":"de","@id":"https:\/\/www.mzclp.de\/#\/schema\/logo\/image\/","url":"https:\/\/www.mzclp.de\/wp-content\/uploads\/2020\/06\/cropped-lkclpmzclpf-1.png","contentUrl":"https:\/\/www.mzclp.de\/wp-content\/uploads\/2020\/06\/cropped-lkclpmzclpf-1.png","width":3195,"height":606,"caption":"Medienzentrum Cloppenburg"},"image":{"@id":"https:\/\/www.mzclp.de\/#\/schema\/logo\/image\/"}}]}},"_links":{"self":[{"href":"https:\/\/www.mzclp.de\/index.php?rest_route=\/wp\/v2\/pages\/5623","targetHints":{"allow":["GET"]}}],"collection":[{"href":"https:\/\/www.mzclp.de\/index.php?rest_route=\/wp\/v2\/pages"}],"about":[{"href":"https:\/\/www.mzclp.de\/index.php?rest_route=\/wp\/v2\/types\/page"}],"author":[{"embeddable":true,"href":"https:\/\/www.mzclp.de\/index.php?rest_route=\/wp\/v2\/users\/2"}],"replies":[{"embeddable":true,"href":"https:\/\/www.mzclp.de\/index.php?rest_route=%2Fwp%2Fv2%2Fcomments&post=5623"}],"version-history":[{"count":10,"href":"https:\/\/www.mzclp.de\/index.php?rest_route=\/wp\/v2\/pages\/5623\/revisions"}],"predecessor-version":[{"id":6252,"href":"https:\/\/www.mzclp.de\/index.php?rest_route=\/wp\/v2\/pages\/5623\/revisions\/6252"}],"up":[{"embeddable":true,"href":"https:\/\/www.mzclp.de\/index.php?rest_route=\/wp\/v2\/pages\/2088"}],"wp:attachment":[{"href":"https:\/\/www.mzclp.de\/index.php?rest_route=%2Fwp%2Fv2%2Fmedia&parent=5623"}],"curies":[{"name":"wp","href":"https:\/\/api.w.org\/{rel}","templated":true}]}}