{"id":6193,"date":"2025-06-23T15:34:11","date_gmt":"2025-06-23T13:34:11","guid":{"rendered":"https:\/\/www.mzclp.de\/?page_id=6193"},"modified":"2025-07-03T15:46:30","modified_gmt":"2025-07-03T13:46:30","slug":"beschallungstechnik","status":"publish","type":"page","link":"https:\/\/www.mzclp.de\/?page_id=6193","title":{"rendered":"Beschallungstechnik"},"content":{"rendered":"<p><span style=\"font-family: Fira Sans, serif;\"><span style=\"font-size: medium;\">Wir verleihen verschiedene Beschallungsanlagen f\u00fcr kleine bis mittlere Veranstaltungen. Die Palette reicht von Anlagen, die nach einer kurzen Einweisung von jedem Interessierten bedient werden k\u00f6nnen, bis zu Anlagen, die fundiertes Vorwissen voraussetzen. Wir verleihen aktive und passive PA-Technik. F\u00fcr kleinere Veranstaltungen bietet sich beispielsweise ein \u201eRoadbuddy\u201d an, eine kleine Beschallungsanlage mit eingebautem Akku und zwei Funkmikrofonen. Wir verleihen Powermischer der Marken Dynacord (z. B. Powermate 1000-3 und 600-3) und Allen &amp; Heath sowie passive Mischpulte (z. B. Allen &amp; Heath Zed 22 FX mit 22 Eingangskan\u00e4len). F\u00fcr den Live- und Studioeinsatz haben wir zwei Digitalmischer von Allen &amp; Heath: das QU16 mit Subwoofern, Lautsprechern und Stageboxen.<\/span><\/span><\/p>\n<p><span style=\"font-family: Fira Sans, serif;\"><span style=\"font-size: medium;\">Auch eine Endstufe von Dynacord, das Modell L3600 FD, kann gebucht werden. Es sind noch viele weitere Beschallungsanlagen f\u00fcr verschiedene Beschallungsm\u00f6glichkeiten im Verleih. Dazu geh\u00f6ren EV-Evolve 50M, 30M, Everse 8, Lucas Nano 600 und 300, um nur einige zu nennen. Wer Veranstaltungen mitschneiden m\u00f6chte, kann beispielsweise auf das Tascam Model 12 zur\u00fcckgreifen, um einzelne Kan\u00e4le auf einer SD-Karte zu speichern. Auch verschiedene Tonaufzeichnungsger\u00e4te von Zoom eignen sich sehr gut f\u00fcr den Tonmitschnitt.<\/span><\/span><\/p>\n<p><span style=\"font-family: Fira Sans, serif;\"><span style=\"font-size: medium;\">Selbstverst\u00e4ndlich k\u00f6nnen auch drahtlose Vocalsets, Headsets sowie kabelgebundene Mikrofone ausgeliehen werden. F\u00fcr die Chorabnahme haben wir acht Kondensatormikrofone Rode NT5 im Verleih. Bitte sprechen Sie uns pers\u00f6nlich an, damit wir die richtigen Ger\u00e4te f\u00fcr Ihre Veranstaltung reservieren k\u00f6nnen.<\/span><\/span><\/p>\n<div class=\"tx-spacer clearfix\" style=\"height: 16px\"><\/div>\n<p style=\"text-align: right;\"><a class=\"tx-button\" href=\"https:\/\/www.mzclp.de\/?page_id=1348\" target=\"_self\" style=\"color: #ffffff; background-color: #f11303\">zur\u00fcck<\/a>\n","protected":false},"excerpt":{"rendered":"<p>Wir verleihen verschiedene Beschallungsanlagen f\u00fcr kleine bis mittlere Veranstaltungen. Die Palette reicht von Anlagen, die nach einer kurzen Einweisung von jedem Interessierten bedient werden k\u00f6nnen, bis zu Anlagen, die fundiertes Vorwissen voraussetzen.<\/p>\n<a class=\"moretag noptoppad\" href=\"https:\/\/www.mzclp.de\/?page_id=6193\">Read More...<\/a>","protected":false},"author":9,"featured_media":6194,"parent":1348,"menu_order":0,"comment_status":"closed","ping_status":"closed","template":"","meta":{"_crdt_document":"","footnotes":""},"class_list":["post-6193","page","type-page","status-publish","has-post-thumbnail","hentry"],"yoast_head":"<!-- This site is optimized with the Yoast SEO plugin v27.4 - https:\/\/yoast.com\/product\/yoast-seo-wordpress\/ -->\n<title>Beschallungstechnik - Medienzentrum Cloppenburg<\/title>\n<meta name=\"robots\" content=\"index, follow, max-snippet:-1, max-image-preview:large, max-video-preview:-1\" \/>\n<link rel=\"canonical\" href=\"https:\/\/www.mzclp.de\/?page_id=6193\" \/>\n<meta property=\"og:locale\" content=\"de_DE\" \/>\n<meta property=\"og:type\" content=\"article\" \/>\n<meta property=\"og:title\" content=\"Beschallungstechnik - Medienzentrum Cloppenburg\" \/>\n<meta property=\"og:description\" content=\"Wir verleihen verschiedene Beschallungsanlagen f\u00fcr kleine bis mittlere Veranstaltungen. Die Palette reicht von Anlagen, die nach einer kurzen Einweisung von jedem Interessierten bedient werden k\u00f6nnen, bis zu Anlagen, die fundiertes Vorwissen voraussetzen.\" \/>\n<meta property=\"og:url\" content=\"https:\/\/www.mzclp.de\/?page_id=6193\" \/>\n<meta property=\"og:site_name\" content=\"Medienzentrum Cloppenburg\" \/>\n<meta property=\"article:modified_time\" content=\"2025-07-03T13:46:30+00:00\" \/>\n<meta property=\"og:image\" content=\"https:\/\/www.mzclp.de\/wp-content\/uploads\/2025\/06\/pa-4009502_1280.jpg\" \/>\n\t<meta property=\"og:image:width\" content=\"1280\" \/>\n\t<meta property=\"og:image:height\" content=\"720\" \/>\n\t<meta property=\"og:image:type\" content=\"image\/jpeg\" \/>\n<meta name=\"twitter:card\" content=\"summary_large_image\" \/>\n<meta name=\"twitter:label1\" content=\"Gesch\u00e4tzte Lesezeit\" \/>\n\t<meta name=\"twitter:data1\" content=\"2\u00a0Minuten\" \/>\n<script type=\"application\/ld+json\" class=\"yoast-schema-graph\">{\"@context\":\"https:\\\/\\\/schema.org\",\"@graph\":[{\"@type\":\"WebPage\",\"@id\":\"https:\\\/\\\/www.mzclp.de\\\/?page_id=6193\",\"url\":\"https:\\\/\\\/www.mzclp.de\\\/?page_id=6193\",\"name\":\"Beschallungstechnik - Medienzentrum Cloppenburg\",\"isPartOf\":{\"@id\":\"https:\\\/\\\/www.mzclp.de\\\/#website\"},\"primaryImageOfPage\":{\"@id\":\"https:\\\/\\\/www.mzclp.de\\\/?page_id=6193#primaryimage\"},\"image\":{\"@id\":\"https:\\\/\\\/www.mzclp.de\\\/?page_id=6193#primaryimage\"},\"thumbnailUrl\":\"https:\\\/\\\/www.mzclp.de\\\/wp-content\\\/uploads\\\/2025\\\/06\\\/pa-4009502_1280.jpg\",\"datePublished\":\"2025-06-23T13:34:11+00:00\",\"dateModified\":\"2025-07-03T13:46:30+00:00\",\"breadcrumb\":{\"@id\":\"https:\\\/\\\/www.mzclp.de\\\/?page_id=6193#breadcrumb\"},\"inLanguage\":\"de\",\"potentialAction\":[{\"@type\":\"ReadAction\",\"target\":[\"https:\\\/\\\/www.mzclp.de\\\/?page_id=6193\"]}]},{\"@type\":\"ImageObject\",\"inLanguage\":\"de\",\"@id\":\"https:\\\/\\\/www.mzclp.de\\\/?page_id=6193#primaryimage\",\"url\":\"https:\\\/\\\/www.mzclp.de\\\/wp-content\\\/uploads\\\/2025\\\/06\\\/pa-4009502_1280.jpg\",\"contentUrl\":\"https:\\\/\\\/www.mzclp.de\\\/wp-content\\\/uploads\\\/2025\\\/06\\\/pa-4009502_1280.jpg\",\"width\":1280,\"height\":720},{\"@type\":\"BreadcrumbList\",\"@id\":\"https:\\\/\\\/www.mzclp.de\\\/?page_id=6193#breadcrumb\",\"itemListElement\":[{\"@type\":\"ListItem\",\"position\":1,\"name\":\"Startseite\",\"item\":\"https:\\\/\\\/www.mzclp.de\\\/\"},{\"@type\":\"ListItem\",\"position\":2,\"name\":\"Audiovisuelle Technik\",\"item\":\"https:\\\/\\\/www.mzclp.de\\\/?page_id=1348\"},{\"@type\":\"ListItem\",\"position\":3,\"name\":\"Beschallungstechnik\"}]},{\"@type\":\"WebSite\",\"@id\":\"https:\\\/\\\/www.mzclp.de\\\/#website\",\"url\":\"https:\\\/\\\/www.mzclp.de\\\/\",\"name\":\"Medienzentrum Cloppenburg\",\"description\":\"Beratung - Medien - Technik\",\"publisher\":{\"@id\":\"https:\\\/\\\/www.mzclp.de\\\/#organization\"},\"potentialAction\":[{\"@type\":\"SearchAction\",\"target\":{\"@type\":\"EntryPoint\",\"urlTemplate\":\"https:\\\/\\\/www.mzclp.de\\\/?s={search_term_string}\"},\"query-input\":{\"@type\":\"PropertyValueSpecification\",\"valueRequired\":true,\"valueName\":\"search_term_string\"}}],\"inLanguage\":\"de\"},{\"@type\":\"Organization\",\"@id\":\"https:\\\/\\\/www.mzclp.de\\\/#organization\",\"name\":\"Medienzentrum Cloppenburg\",\"url\":\"https:\\\/\\\/www.mzclp.de\\\/\",\"logo\":{\"@type\":\"ImageObject\",\"inLanguage\":\"de\",\"@id\":\"https:\\\/\\\/www.mzclp.de\\\/#\\\/schema\\\/logo\\\/image\\\/\",\"url\":\"https:\\\/\\\/www.mzclp.de\\\/wp-content\\\/uploads\\\/2020\\\/06\\\/cropped-lkclpmzclpf-1.png\",\"contentUrl\":\"https:\\\/\\\/www.mzclp.de\\\/wp-content\\\/uploads\\\/2020\\\/06\\\/cropped-lkclpmzclpf-1.png\",\"width\":3195,\"height\":606,\"caption\":\"Medienzentrum Cloppenburg\"},\"image\":{\"@id\":\"https:\\\/\\\/www.mzclp.de\\\/#\\\/schema\\\/logo\\\/image\\\/\"}}]}<\/script>\n<!-- \/ Yoast SEO plugin. -->","yoast_head_json":{"title":"Beschallungstechnik - Medienzentrum Cloppenburg","robots":{"index":"index","follow":"follow","max-snippet":"max-snippet:-1","max-image-preview":"max-image-preview:large","max-video-preview":"max-video-preview:-1"},"canonical":"https:\/\/www.mzclp.de\/?page_id=6193","og_locale":"de_DE","og_type":"article","og_title":"Beschallungstechnik - Medienzentrum Cloppenburg","og_description":"Wir verleihen verschiedene Beschallungsanlagen f\u00fcr kleine bis mittlere Veranstaltungen. Die Palette reicht von Anlagen, die nach einer kurzen Einweisung von jedem Interessierten bedient werden k\u00f6nnen, bis zu Anlagen, die fundiertes Vorwissen voraussetzen.","og_url":"https:\/\/www.mzclp.de\/?page_id=6193","og_site_name":"Medienzentrum Cloppenburg","article_modified_time":"2025-07-03T13:46:30+00:00","og_image":[{"width":1280,"height":720,"url":"https:\/\/www.mzclp.de\/wp-content\/uploads\/2025\/06\/pa-4009502_1280.jpg","type":"image\/jpeg"}],"twitter_card":"summary_large_image","twitter_misc":{"Gesch\u00e4tzte Lesezeit":"2\u00a0Minuten"},"schema":{"@context":"https:\/\/schema.org","@graph":[{"@type":"WebPage","@id":"https:\/\/www.mzclp.de\/?page_id=6193","url":"https:\/\/www.mzclp.de\/?page_id=6193","name":"Beschallungstechnik - Medienzentrum Cloppenburg","isPartOf":{"@id":"https:\/\/www.mzclp.de\/#website"},"primaryImageOfPage":{"@id":"https:\/\/www.mzclp.de\/?page_id=6193#primaryimage"},"image":{"@id":"https:\/\/www.mzclp.de\/?page_id=6193#primaryimage"},"thumbnailUrl":"https:\/\/www.mzclp.de\/wp-content\/uploads\/2025\/06\/pa-4009502_1280.jpg","datePublished":"2025-06-23T13:34:11+00:00","dateModified":"2025-07-03T13:46:30+00:00","breadcrumb":{"@id":"https:\/\/www.mzclp.de\/?page_id=6193#breadcrumb"},"inLanguage":"de","potentialAction":[{"@type":"ReadAction","target":["https:\/\/www.mzclp.de\/?page_id=6193"]}]},{"@type":"ImageObject","inLanguage":"de","@id":"https:\/\/www.mzclp.de\/?page_id=6193#primaryimage","url":"https:\/\/www.mzclp.de\/wp-content\/uploads\/2025\/06\/pa-4009502_1280.jpg","contentUrl":"https:\/\/www.mzclp.de\/wp-content\/uploads\/2025\/06\/pa-4009502_1280.jpg","width":1280,"height":720},{"@type":"BreadcrumbList","@id":"https:\/\/www.mzclp.de\/?page_id=6193#breadcrumb","itemListElement":[{"@type":"ListItem","position":1,"name":"Startseite","item":"https:\/\/www.mzclp.de\/"},{"@type":"ListItem","position":2,"name":"Audiovisuelle Technik","item":"https:\/\/www.mzclp.de\/?page_id=1348"},{"@type":"ListItem","position":3,"name":"Beschallungstechnik"}]},{"@type":"WebSite","@id":"https:\/\/www.mzclp.de\/#website","url":"https:\/\/www.mzclp.de\/","name":"Medienzentrum Cloppenburg","description":"Beratung - Medien - Technik","publisher":{"@id":"https:\/\/www.mzclp.de\/#organization"},"potentialAction":[{"@type":"SearchAction","target":{"@type":"EntryPoint","urlTemplate":"https:\/\/www.mzclp.de\/?s={search_term_string}"},"query-input":{"@type":"PropertyValueSpecification","valueRequired":true,"valueName":"search_term_string"}}],"inLanguage":"de"},{"@type":"Organization","@id":"https:\/\/www.mzclp.de\/#organization","name":"Medienzentrum Cloppenburg","url":"https:\/\/www.mzclp.de\/","logo":{"@type":"ImageObject","inLanguage":"de","@id":"https:\/\/www.mzclp.de\/#\/schema\/logo\/image\/","url":"https:\/\/www.mzclp.de\/wp-content\/uploads\/2020\/06\/cropped-lkclpmzclpf-1.png","contentUrl":"https:\/\/www.mzclp.de\/wp-content\/uploads\/2020\/06\/cropped-lkclpmzclpf-1.png","width":3195,"height":606,"caption":"Medienzentrum Cloppenburg"},"image":{"@id":"https:\/\/www.mzclp.de\/#\/schema\/logo\/image\/"}}]}},"_links":{"self":[{"href":"https:\/\/www.mzclp.de\/index.php?rest_route=\/wp\/v2\/pages\/6193","targetHints":{"allow":["GET"]}}],"collection":[{"href":"https:\/\/www.mzclp.de\/index.php?rest_route=\/wp\/v2\/pages"}],"about":[{"href":"https:\/\/www.mzclp.de\/index.php?rest_route=\/wp\/v2\/types\/page"}],"author":[{"embeddable":true,"href":"https:\/\/www.mzclp.de\/index.php?rest_route=\/wp\/v2\/users\/9"}],"replies":[{"embeddable":true,"href":"https:\/\/www.mzclp.de\/index.php?rest_route=%2Fwp%2Fv2%2Fcomments&post=6193"}],"version-history":[{"count":3,"href":"https:\/\/www.mzclp.de\/index.php?rest_route=\/wp\/v2\/pages\/6193\/revisions"}],"predecessor-version":[{"id":6259,"href":"https:\/\/www.mzclp.de\/index.php?rest_route=\/wp\/v2\/pages\/6193\/revisions\/6259"}],"up":[{"embeddable":true,"href":"https:\/\/www.mzclp.de\/index.php?rest_route=\/wp\/v2\/pages\/1348"}],"wp:featuredmedia":[{"embeddable":true,"href":"https:\/\/www.mzclp.de\/index.php?rest_route=\/wp\/v2\/media\/6194"}],"wp:attachment":[{"href":"https:\/\/www.mzclp.de\/index.php?rest_route=%2Fwp%2Fv2%2Fmedia&parent=6193"}],"curies":[{"name":"wp","href":"https:\/\/api.w.org\/{rel}","templated":true}]}}