{"id":6197,"date":"2025-06-23T15:36:48","date_gmt":"2025-06-23T13:36:48","guid":{"rendered":"https:\/\/www.mzclp.de\/?page_id=6197"},"modified":"2025-07-03T14:57:26","modified_gmt":"2025-07-03T12:57:26","slug":"lichttechnik","status":"publish","type":"page","link":"https:\/\/www.mzclp.de\/?page_id=6197","title":{"rendered":"Lichttechnik"},"content":{"rendered":"<p style=\"text-align: left;\"><span style=\"font-family: Fira Sans, serif;\"><span style=\"font-size: medium;\">Ohne Lichttechnik kommen nur sehr wenige Veranstaltungen aus. Egal ob eine B\u00fchne beleuchtet werden soll oder R\u00e4umlichkeiten in einem sch\u00f6nen Farbambiente erleuchten sollen, ohne die entsprechende Lichttechnik geht es nicht. Wir bieten ihnen viele M\u00f6glichkeiten mit der entsprechenden Lichttechnik ihre Veranstaltung in Szene zu setzen. Wir haben viele Eventspots im Verleih die einen eingebauten Akku besitzen und \u00fcber Fernbedienungen oder Lichtmischpulte gesteuert werden k\u00f6nnen. Als Beispiel sind hier Eventspots der Marken Showtech und BeamZPro zu nennen. Die Eventpots sind in praktischen Koffern untergebracht in denen die Spots auch aufgeladen werden. Auch Washligths f\u00fcr gro\u00dfe Fl\u00e4chen haben wir vorr\u00e4tig. F\u00fcr die B\u00fchne haben wir auch LED-Lichtanlagen die mit einem kleinen Lichtmischpult gesteuert werden k\u00f6nnen. Nebelmaschinen, Stroboskop, UV-Lichter, Partylichter sowie einen Verfolger oder Theaterspots zur punktuellen Ausleuchtung gibt es hier auch auszuleihen. Bitte sprechen Sie uns an, damit wir ihre Veranstaltung mit der richtigen Lichttechnik planen k\u00f6nnen.<\/span><\/span><\/p>\n<div class=\"tx-spacer clearfix\" style=\"height: 16px\"><\/div>\n<p style=\"text-align: right;\"><a class=\"tx-button\" href=\"https:\/\/www.mzclp.de\/?page_id=1348\" target=\"_self\" style=\"color: #ffffff; background-color: #f11303\">zur\u00fcck<\/a>\n","protected":false},"excerpt":{"rendered":"<p>Ohne Lichttechnik kommen nur sehr wenige Veranstaltungen aus. Egal ob eine B\u00fchne beleuchtet werden soll oder R\u00e4umlichkeiten in einem sch\u00f6nen Farbambiente erleuchten sollen, ohne die entsprechende Lichttechnik geht es nicht. Wir bieten<\/p>\n<a class=\"moretag noptoppad\" href=\"https:\/\/www.mzclp.de\/?page_id=6197\">Read More...<\/a>","protected":false},"author":9,"featured_media":6198,"parent":1348,"menu_order":0,"comment_status":"closed","ping_status":"closed","template":"","meta":{"_crdt_document":"","footnotes":""},"class_list":["post-6197","page","type-page","status-publish","has-post-thumbnail","hentry"],"yoast_head":"<!-- This site is optimized with the Yoast SEO plugin v27.4 - https:\/\/yoast.com\/product\/yoast-seo-wordpress\/ -->\n<title>Lichttechnik - Medienzentrum Cloppenburg<\/title>\n<meta name=\"robots\" content=\"index, follow, max-snippet:-1, max-image-preview:large, max-video-preview:-1\" \/>\n<link rel=\"canonical\" href=\"https:\/\/www.mzclp.de\/?page_id=6197\" \/>\n<meta property=\"og:locale\" content=\"de_DE\" \/>\n<meta property=\"og:type\" content=\"article\" \/>\n<meta property=\"og:title\" content=\"Lichttechnik - Medienzentrum Cloppenburg\" \/>\n<meta property=\"og:description\" content=\"Ohne Lichttechnik kommen nur sehr wenige Veranstaltungen aus. Egal ob eine B\u00fchne beleuchtet werden soll oder R\u00e4umlichkeiten in einem sch\u00f6nen Farbambiente erleuchten sollen, ohne die entsprechende Lichttechnik geht es nicht. Wir bieten\" \/>\n<meta property=\"og:url\" content=\"https:\/\/www.mzclp.de\/?page_id=6197\" \/>\n<meta property=\"og:site_name\" content=\"Medienzentrum Cloppenburg\" \/>\n<meta property=\"article:modified_time\" content=\"2025-07-03T12:57:26+00:00\" \/>\n<meta property=\"og:image\" content=\"https:\/\/www.mzclp.de\/wp-content\/uploads\/2025\/06\/spotlight-7501964_1280.jpg\" \/>\n\t<meta property=\"og:image:width\" content=\"1280\" \/>\n\t<meta property=\"og:image:height\" content=\"720\" \/>\n\t<meta property=\"og:image:type\" content=\"image\/jpeg\" \/>\n<meta name=\"twitter:card\" content=\"summary_large_image\" \/>\n<meta name=\"twitter:label1\" content=\"Gesch\u00e4tzte Lesezeit\" \/>\n\t<meta name=\"twitter:data1\" content=\"2\u00a0Minuten\" \/>\n<script type=\"application\/ld+json\" class=\"yoast-schema-graph\">{\"@context\":\"https:\\\/\\\/schema.org\",\"@graph\":[{\"@type\":\"WebPage\",\"@id\":\"https:\\\/\\\/www.mzclp.de\\\/?page_id=6197\",\"url\":\"https:\\\/\\\/www.mzclp.de\\\/?page_id=6197\",\"name\":\"Lichttechnik - Medienzentrum Cloppenburg\",\"isPartOf\":{\"@id\":\"https:\\\/\\\/www.mzclp.de\\\/#website\"},\"primaryImageOfPage\":{\"@id\":\"https:\\\/\\\/www.mzclp.de\\\/?page_id=6197#primaryimage\"},\"image\":{\"@id\":\"https:\\\/\\\/www.mzclp.de\\\/?page_id=6197#primaryimage\"},\"thumbnailUrl\":\"https:\\\/\\\/www.mzclp.de\\\/wp-content\\\/uploads\\\/2025\\\/06\\\/spotlight-7501964_1280.jpg\",\"datePublished\":\"2025-06-23T13:36:48+00:00\",\"dateModified\":\"2025-07-03T12:57:26+00:00\",\"breadcrumb\":{\"@id\":\"https:\\\/\\\/www.mzclp.de\\\/?page_id=6197#breadcrumb\"},\"inLanguage\":\"de\",\"potentialAction\":[{\"@type\":\"ReadAction\",\"target\":[\"https:\\\/\\\/www.mzclp.de\\\/?page_id=6197\"]}]},{\"@type\":\"ImageObject\",\"inLanguage\":\"de\",\"@id\":\"https:\\\/\\\/www.mzclp.de\\\/?page_id=6197#primaryimage\",\"url\":\"https:\\\/\\\/www.mzclp.de\\\/wp-content\\\/uploads\\\/2025\\\/06\\\/spotlight-7501964_1280.jpg\",\"contentUrl\":\"https:\\\/\\\/www.mzclp.de\\\/wp-content\\\/uploads\\\/2025\\\/06\\\/spotlight-7501964_1280.jpg\",\"width\":1280,\"height\":720},{\"@type\":\"BreadcrumbList\",\"@id\":\"https:\\\/\\\/www.mzclp.de\\\/?page_id=6197#breadcrumb\",\"itemListElement\":[{\"@type\":\"ListItem\",\"position\":1,\"name\":\"Startseite\",\"item\":\"https:\\\/\\\/www.mzclp.de\\\/\"},{\"@type\":\"ListItem\",\"position\":2,\"name\":\"Audiovisuelle Technik\",\"item\":\"https:\\\/\\\/www.mzclp.de\\\/?page_id=1348\"},{\"@type\":\"ListItem\",\"position\":3,\"name\":\"Lichttechnik\"}]},{\"@type\":\"WebSite\",\"@id\":\"https:\\\/\\\/www.mzclp.de\\\/#website\",\"url\":\"https:\\\/\\\/www.mzclp.de\\\/\",\"name\":\"Medienzentrum Cloppenburg\",\"description\":\"Beratung - Medien - Technik\",\"publisher\":{\"@id\":\"https:\\\/\\\/www.mzclp.de\\\/#organization\"},\"potentialAction\":[{\"@type\":\"SearchAction\",\"target\":{\"@type\":\"EntryPoint\",\"urlTemplate\":\"https:\\\/\\\/www.mzclp.de\\\/?s={search_term_string}\"},\"query-input\":{\"@type\":\"PropertyValueSpecification\",\"valueRequired\":true,\"valueName\":\"search_term_string\"}}],\"inLanguage\":\"de\"},{\"@type\":\"Organization\",\"@id\":\"https:\\\/\\\/www.mzclp.de\\\/#organization\",\"name\":\"Medienzentrum Cloppenburg\",\"url\":\"https:\\\/\\\/www.mzclp.de\\\/\",\"logo\":{\"@type\":\"ImageObject\",\"inLanguage\":\"de\",\"@id\":\"https:\\\/\\\/www.mzclp.de\\\/#\\\/schema\\\/logo\\\/image\\\/\",\"url\":\"https:\\\/\\\/www.mzclp.de\\\/wp-content\\\/uploads\\\/2020\\\/06\\\/cropped-lkclpmzclpf-1.png\",\"contentUrl\":\"https:\\\/\\\/www.mzclp.de\\\/wp-content\\\/uploads\\\/2020\\\/06\\\/cropped-lkclpmzclpf-1.png\",\"width\":3195,\"height\":606,\"caption\":\"Medienzentrum Cloppenburg\"},\"image\":{\"@id\":\"https:\\\/\\\/www.mzclp.de\\\/#\\\/schema\\\/logo\\\/image\\\/\"}}]}<\/script>\n<!-- \/ Yoast SEO plugin. -->","yoast_head_json":{"title":"Lichttechnik - Medienzentrum Cloppenburg","robots":{"index":"index","follow":"follow","max-snippet":"max-snippet:-1","max-image-preview":"max-image-preview:large","max-video-preview":"max-video-preview:-1"},"canonical":"https:\/\/www.mzclp.de\/?page_id=6197","og_locale":"de_DE","og_type":"article","og_title":"Lichttechnik - Medienzentrum Cloppenburg","og_description":"Ohne Lichttechnik kommen nur sehr wenige Veranstaltungen aus. Egal ob eine B\u00fchne beleuchtet werden soll oder R\u00e4umlichkeiten in einem sch\u00f6nen Farbambiente erleuchten sollen, ohne die entsprechende Lichttechnik geht es nicht. Wir bieten","og_url":"https:\/\/www.mzclp.de\/?page_id=6197","og_site_name":"Medienzentrum Cloppenburg","article_modified_time":"2025-07-03T12:57:26+00:00","og_image":[{"width":1280,"height":720,"url":"https:\/\/www.mzclp.de\/wp-content\/uploads\/2025\/06\/spotlight-7501964_1280.jpg","type":"image\/jpeg"}],"twitter_card":"summary_large_image","twitter_misc":{"Gesch\u00e4tzte Lesezeit":"2\u00a0Minuten"},"schema":{"@context":"https:\/\/schema.org","@graph":[{"@type":"WebPage","@id":"https:\/\/www.mzclp.de\/?page_id=6197","url":"https:\/\/www.mzclp.de\/?page_id=6197","name":"Lichttechnik - Medienzentrum Cloppenburg","isPartOf":{"@id":"https:\/\/www.mzclp.de\/#website"},"primaryImageOfPage":{"@id":"https:\/\/www.mzclp.de\/?page_id=6197#primaryimage"},"image":{"@id":"https:\/\/www.mzclp.de\/?page_id=6197#primaryimage"},"thumbnailUrl":"https:\/\/www.mzclp.de\/wp-content\/uploads\/2025\/06\/spotlight-7501964_1280.jpg","datePublished":"2025-06-23T13:36:48+00:00","dateModified":"2025-07-03T12:57:26+00:00","breadcrumb":{"@id":"https:\/\/www.mzclp.de\/?page_id=6197#breadcrumb"},"inLanguage":"de","potentialAction":[{"@type":"ReadAction","target":["https:\/\/www.mzclp.de\/?page_id=6197"]}]},{"@type":"ImageObject","inLanguage":"de","@id":"https:\/\/www.mzclp.de\/?page_id=6197#primaryimage","url":"https:\/\/www.mzclp.de\/wp-content\/uploads\/2025\/06\/spotlight-7501964_1280.jpg","contentUrl":"https:\/\/www.mzclp.de\/wp-content\/uploads\/2025\/06\/spotlight-7501964_1280.jpg","width":1280,"height":720},{"@type":"BreadcrumbList","@id":"https:\/\/www.mzclp.de\/?page_id=6197#breadcrumb","itemListElement":[{"@type":"ListItem","position":1,"name":"Startseite","item":"https:\/\/www.mzclp.de\/"},{"@type":"ListItem","position":2,"name":"Audiovisuelle Technik","item":"https:\/\/www.mzclp.de\/?page_id=1348"},{"@type":"ListItem","position":3,"name":"Lichttechnik"}]},{"@type":"WebSite","@id":"https:\/\/www.mzclp.de\/#website","url":"https:\/\/www.mzclp.de\/","name":"Medienzentrum Cloppenburg","description":"Beratung - Medien - Technik","publisher":{"@id":"https:\/\/www.mzclp.de\/#organization"},"potentialAction":[{"@type":"SearchAction","target":{"@type":"EntryPoint","urlTemplate":"https:\/\/www.mzclp.de\/?s={search_term_string}"},"query-input":{"@type":"PropertyValueSpecification","valueRequired":true,"valueName":"search_term_string"}}],"inLanguage":"de"},{"@type":"Organization","@id":"https:\/\/www.mzclp.de\/#organization","name":"Medienzentrum Cloppenburg","url":"https:\/\/www.mzclp.de\/","logo":{"@type":"ImageObject","inLanguage":"de","@id":"https:\/\/www.mzclp.de\/#\/schema\/logo\/image\/","url":"https:\/\/www.mzclp.de\/wp-content\/uploads\/2020\/06\/cropped-lkclpmzclpf-1.png","contentUrl":"https:\/\/www.mzclp.de\/wp-content\/uploads\/2020\/06\/cropped-lkclpmzclpf-1.png","width":3195,"height":606,"caption":"Medienzentrum Cloppenburg"},"image":{"@id":"https:\/\/www.mzclp.de\/#\/schema\/logo\/image\/"}}]}},"_links":{"self":[{"href":"https:\/\/www.mzclp.de\/index.php?rest_route=\/wp\/v2\/pages\/6197","targetHints":{"allow":["GET"]}}],"collection":[{"href":"https:\/\/www.mzclp.de\/index.php?rest_route=\/wp\/v2\/pages"}],"about":[{"href":"https:\/\/www.mzclp.de\/index.php?rest_route=\/wp\/v2\/types\/page"}],"author":[{"embeddable":true,"href":"https:\/\/www.mzclp.de\/index.php?rest_route=\/wp\/v2\/users\/9"}],"replies":[{"embeddable":true,"href":"https:\/\/www.mzclp.de\/index.php?rest_route=%2Fwp%2Fv2%2Fcomments&post=6197"}],"version-history":[{"count":4,"href":"https:\/\/www.mzclp.de\/index.php?rest_route=\/wp\/v2\/pages\/6197\/revisions"}],"predecessor-version":[{"id":6248,"href":"https:\/\/www.mzclp.de\/index.php?rest_route=\/wp\/v2\/pages\/6197\/revisions\/6248"}],"up":[{"embeddable":true,"href":"https:\/\/www.mzclp.de\/index.php?rest_route=\/wp\/v2\/pages\/1348"}],"wp:featuredmedia":[{"embeddable":true,"href":"https:\/\/www.mzclp.de\/index.php?rest_route=\/wp\/v2\/media\/6198"}],"wp:attachment":[{"href":"https:\/\/www.mzclp.de\/index.php?rest_route=%2Fwp%2Fv2%2Fmedia&parent=6197"}],"curies":[{"name":"wp","href":"https:\/\/api.w.org\/{rel}","templated":true}]}}