{"id":6200,"date":"2025-06-23T15:37:32","date_gmt":"2025-06-23T13:37:32","guid":{"rendered":"https:\/\/www.mzclp.de\/?page_id=6200"},"modified":"2025-07-03T15:00:04","modified_gmt":"2025-07-03T13:00:04","slug":"videotechnik","status":"publish","type":"page","link":"https:\/\/www.mzclp.de\/?page_id=6200","title":{"rendered":"Videotechnik"},"content":{"rendered":"<p><span style=\"font-family: Fira Sans, serif;\"><span style=\"font-size: medium;\">F\u00fcr die \u00dcbertragung von Livestreams oder auch nur f\u00fcr die \u00dcbertragung von mehreren Videosignalen auf eine oder mehrere Leinw\u00e4nde habe wir auch Videoequipment im Verleih. Hauptakteur ist hier das Videomischpult (AV Mixer Roland VR-4HD). Mit entsprechen HDMI-Extendern kann das Videosignal \u00fcber weite Strecken gesendet werden. \u00dcber einen HDMI-Splitter k\u00f6nnen die Signale auf verschiedene Wiedergabeger\u00e4te verteilt werden. Wer m\u00f6chte kann z.B. die Veranstaltung auch \u00fcber Streamingdienste wie z.B. YouTube der \u00d6ffentlichkeit oder einem eingeschr\u00e4nkten Nutzerkreis zur Verf\u00fcgung stellen. Verschiedene Videokameras und Stative sind nat\u00fcrlich auch ausleihbar. Die Anwendung dieser Ger\u00e4tschaften setzt aber voraus, dass sich die Nutzer in die Technik einarbeiten.<\/span><\/span><\/p>\n<div class=\"tx-spacer clearfix\" style=\"height: 16px\"><\/div>\n<p style=\"text-align: right;\"><a class=\"tx-button\" href=\"https:\/\/www.mzclp.de\/?page_id=1348\" target=\"_self\" style=\"color: #ffffff; background-color: #f11303\">zur\u00fcck<\/a>\n","protected":false},"excerpt":{"rendered":"<p>F\u00fcr die \u00dcbertragung von Livestreams oder auch nur f\u00fcr die \u00dcbertragung von mehreren Videosignalen auf eine oder mehrere Leinw\u00e4nde habe wir auch Videoequipment im Verleih. Hauptakteur ist hier das Videomischpult (AV Mixer<\/p>\n<a class=\"moretag noptoppad\" href=\"https:\/\/www.mzclp.de\/?page_id=6200\">Read More...<\/a>","protected":false},"author":9,"featured_media":6202,"parent":1348,"menu_order":0,"comment_status":"closed","ping_status":"closed","template":"","meta":{"_crdt_document":"","footnotes":""},"class_list":["post-6200","page","type-page","status-publish","has-post-thumbnail","hentry"],"yoast_head":"<!-- This site is optimized with the Yoast SEO plugin v27.4 - https:\/\/yoast.com\/product\/yoast-seo-wordpress\/ -->\n<title>Videotechnik - Medienzentrum Cloppenburg<\/title>\n<meta name=\"robots\" content=\"index, follow, max-snippet:-1, max-image-preview:large, max-video-preview:-1\" \/>\n<link rel=\"canonical\" href=\"https:\/\/www.mzclp.de\/?page_id=6200\" \/>\n<meta property=\"og:locale\" content=\"de_DE\" \/>\n<meta property=\"og:type\" content=\"article\" \/>\n<meta property=\"og:title\" content=\"Videotechnik - Medienzentrum Cloppenburg\" \/>\n<meta property=\"og:description\" content=\"F\u00fcr die \u00dcbertragung von Livestreams oder auch nur f\u00fcr die \u00dcbertragung von mehreren Videosignalen auf eine oder mehrere Leinw\u00e4nde habe wir auch Videoequipment im Verleih. Hauptakteur ist hier das Videomischpult (AV Mixer\" \/>\n<meta property=\"og:url\" content=\"https:\/\/www.mzclp.de\/?page_id=6200\" \/>\n<meta property=\"og:site_name\" content=\"Medienzentrum Cloppenburg\" \/>\n<meta property=\"article:modified_time\" content=\"2025-07-03T13:00:04+00:00\" \/>\n<meta property=\"og:image\" content=\"https:\/\/www.mzclp.de\/wp-content\/uploads\/2025\/06\/camera-2289125_1280-e1750685989731.jpg\" \/>\n\t<meta property=\"og:image:width\" content=\"905\" \/>\n\t<meta property=\"og:image:height\" content=\"614\" \/>\n\t<meta property=\"og:image:type\" content=\"image\/jpeg\" \/>\n<meta name=\"twitter:card\" content=\"summary_large_image\" \/>\n<meta name=\"twitter:label1\" content=\"Gesch\u00e4tzte Lesezeit\" \/>\n\t<meta name=\"twitter:data1\" content=\"1\u00a0Minute\" \/>\n<script type=\"application\/ld+json\" class=\"yoast-schema-graph\">{\"@context\":\"https:\\\/\\\/schema.org\",\"@graph\":[{\"@type\":\"WebPage\",\"@id\":\"https:\\\/\\\/www.mzclp.de\\\/?page_id=6200\",\"url\":\"https:\\\/\\\/www.mzclp.de\\\/?page_id=6200\",\"name\":\"Videotechnik - Medienzentrum Cloppenburg\",\"isPartOf\":{\"@id\":\"https:\\\/\\\/www.mzclp.de\\\/#website\"},\"primaryImageOfPage\":{\"@id\":\"https:\\\/\\\/www.mzclp.de\\\/?page_id=6200#primaryimage\"},\"image\":{\"@id\":\"https:\\\/\\\/www.mzclp.de\\\/?page_id=6200#primaryimage\"},\"thumbnailUrl\":\"https:\\\/\\\/www.mzclp.de\\\/wp-content\\\/uploads\\\/2025\\\/06\\\/camera-2289125_1280-e1750685989731.jpg\",\"datePublished\":\"2025-06-23T13:37:32+00:00\",\"dateModified\":\"2025-07-03T13:00:04+00:00\",\"breadcrumb\":{\"@id\":\"https:\\\/\\\/www.mzclp.de\\\/?page_id=6200#breadcrumb\"},\"inLanguage\":\"de\",\"potentialAction\":[{\"@type\":\"ReadAction\",\"target\":[\"https:\\\/\\\/www.mzclp.de\\\/?page_id=6200\"]}]},{\"@type\":\"ImageObject\",\"inLanguage\":\"de\",\"@id\":\"https:\\\/\\\/www.mzclp.de\\\/?page_id=6200#primaryimage\",\"url\":\"https:\\\/\\\/www.mzclp.de\\\/wp-content\\\/uploads\\\/2025\\\/06\\\/camera-2289125_1280-e1750685989731.jpg\",\"contentUrl\":\"https:\\\/\\\/www.mzclp.de\\\/wp-content\\\/uploads\\\/2025\\\/06\\\/camera-2289125_1280-e1750685989731.jpg\",\"width\":905,\"height\":614},{\"@type\":\"BreadcrumbList\",\"@id\":\"https:\\\/\\\/www.mzclp.de\\\/?page_id=6200#breadcrumb\",\"itemListElement\":[{\"@type\":\"ListItem\",\"position\":1,\"name\":\"Startseite\",\"item\":\"https:\\\/\\\/www.mzclp.de\\\/\"},{\"@type\":\"ListItem\",\"position\":2,\"name\":\"Audiovisuelle Technik\",\"item\":\"https:\\\/\\\/www.mzclp.de\\\/?page_id=1348\"},{\"@type\":\"ListItem\",\"position\":3,\"name\":\"Videotechnik\"}]},{\"@type\":\"WebSite\",\"@id\":\"https:\\\/\\\/www.mzclp.de\\\/#website\",\"url\":\"https:\\\/\\\/www.mzclp.de\\\/\",\"name\":\"Medienzentrum Cloppenburg\",\"description\":\"Beratung - Medien - Technik\",\"publisher\":{\"@id\":\"https:\\\/\\\/www.mzclp.de\\\/#organization\"},\"potentialAction\":[{\"@type\":\"SearchAction\",\"target\":{\"@type\":\"EntryPoint\",\"urlTemplate\":\"https:\\\/\\\/www.mzclp.de\\\/?s={search_term_string}\"},\"query-input\":{\"@type\":\"PropertyValueSpecification\",\"valueRequired\":true,\"valueName\":\"search_term_string\"}}],\"inLanguage\":\"de\"},{\"@type\":\"Organization\",\"@id\":\"https:\\\/\\\/www.mzclp.de\\\/#organization\",\"name\":\"Medienzentrum Cloppenburg\",\"url\":\"https:\\\/\\\/www.mzclp.de\\\/\",\"logo\":{\"@type\":\"ImageObject\",\"inLanguage\":\"de\",\"@id\":\"https:\\\/\\\/www.mzclp.de\\\/#\\\/schema\\\/logo\\\/image\\\/\",\"url\":\"https:\\\/\\\/www.mzclp.de\\\/wp-content\\\/uploads\\\/2020\\\/06\\\/cropped-lkclpmzclpf-1.png\",\"contentUrl\":\"https:\\\/\\\/www.mzclp.de\\\/wp-content\\\/uploads\\\/2020\\\/06\\\/cropped-lkclpmzclpf-1.png\",\"width\":3195,\"height\":606,\"caption\":\"Medienzentrum Cloppenburg\"},\"image\":{\"@id\":\"https:\\\/\\\/www.mzclp.de\\\/#\\\/schema\\\/logo\\\/image\\\/\"}}]}<\/script>\n<!-- \/ Yoast SEO plugin. -->","yoast_head_json":{"title":"Videotechnik - Medienzentrum Cloppenburg","robots":{"index":"index","follow":"follow","max-snippet":"max-snippet:-1","max-image-preview":"max-image-preview:large","max-video-preview":"max-video-preview:-1"},"canonical":"https:\/\/www.mzclp.de\/?page_id=6200","og_locale":"de_DE","og_type":"article","og_title":"Videotechnik - Medienzentrum Cloppenburg","og_description":"F\u00fcr die \u00dcbertragung von Livestreams oder auch nur f\u00fcr die \u00dcbertragung von mehreren Videosignalen auf eine oder mehrere Leinw\u00e4nde habe wir auch Videoequipment im Verleih. Hauptakteur ist hier das Videomischpult (AV Mixer","og_url":"https:\/\/www.mzclp.de\/?page_id=6200","og_site_name":"Medienzentrum Cloppenburg","article_modified_time":"2025-07-03T13:00:04+00:00","og_image":[{"width":905,"height":614,"url":"https:\/\/www.mzclp.de\/wp-content\/uploads\/2025\/06\/camera-2289125_1280-e1750685989731.jpg","type":"image\/jpeg"}],"twitter_card":"summary_large_image","twitter_misc":{"Gesch\u00e4tzte Lesezeit":"1\u00a0Minute"},"schema":{"@context":"https:\/\/schema.org","@graph":[{"@type":"WebPage","@id":"https:\/\/www.mzclp.de\/?page_id=6200","url":"https:\/\/www.mzclp.de\/?page_id=6200","name":"Videotechnik - Medienzentrum Cloppenburg","isPartOf":{"@id":"https:\/\/www.mzclp.de\/#website"},"primaryImageOfPage":{"@id":"https:\/\/www.mzclp.de\/?page_id=6200#primaryimage"},"image":{"@id":"https:\/\/www.mzclp.de\/?page_id=6200#primaryimage"},"thumbnailUrl":"https:\/\/www.mzclp.de\/wp-content\/uploads\/2025\/06\/camera-2289125_1280-e1750685989731.jpg","datePublished":"2025-06-23T13:37:32+00:00","dateModified":"2025-07-03T13:00:04+00:00","breadcrumb":{"@id":"https:\/\/www.mzclp.de\/?page_id=6200#breadcrumb"},"inLanguage":"de","potentialAction":[{"@type":"ReadAction","target":["https:\/\/www.mzclp.de\/?page_id=6200"]}]},{"@type":"ImageObject","inLanguage":"de","@id":"https:\/\/www.mzclp.de\/?page_id=6200#primaryimage","url":"https:\/\/www.mzclp.de\/wp-content\/uploads\/2025\/06\/camera-2289125_1280-e1750685989731.jpg","contentUrl":"https:\/\/www.mzclp.de\/wp-content\/uploads\/2025\/06\/camera-2289125_1280-e1750685989731.jpg","width":905,"height":614},{"@type":"BreadcrumbList","@id":"https:\/\/www.mzclp.de\/?page_id=6200#breadcrumb","itemListElement":[{"@type":"ListItem","position":1,"name":"Startseite","item":"https:\/\/www.mzclp.de\/"},{"@type":"ListItem","position":2,"name":"Audiovisuelle Technik","item":"https:\/\/www.mzclp.de\/?page_id=1348"},{"@type":"ListItem","position":3,"name":"Videotechnik"}]},{"@type":"WebSite","@id":"https:\/\/www.mzclp.de\/#website","url":"https:\/\/www.mzclp.de\/","name":"Medienzentrum Cloppenburg","description":"Beratung - Medien - Technik","publisher":{"@id":"https:\/\/www.mzclp.de\/#organization"},"potentialAction":[{"@type":"SearchAction","target":{"@type":"EntryPoint","urlTemplate":"https:\/\/www.mzclp.de\/?s={search_term_string}"},"query-input":{"@type":"PropertyValueSpecification","valueRequired":true,"valueName":"search_term_string"}}],"inLanguage":"de"},{"@type":"Organization","@id":"https:\/\/www.mzclp.de\/#organization","name":"Medienzentrum Cloppenburg","url":"https:\/\/www.mzclp.de\/","logo":{"@type":"ImageObject","inLanguage":"de","@id":"https:\/\/www.mzclp.de\/#\/schema\/logo\/image\/","url":"https:\/\/www.mzclp.de\/wp-content\/uploads\/2020\/06\/cropped-lkclpmzclpf-1.png","contentUrl":"https:\/\/www.mzclp.de\/wp-content\/uploads\/2020\/06\/cropped-lkclpmzclpf-1.png","width":3195,"height":606,"caption":"Medienzentrum Cloppenburg"},"image":{"@id":"https:\/\/www.mzclp.de\/#\/schema\/logo\/image\/"}}]}},"_links":{"self":[{"href":"https:\/\/www.mzclp.de\/index.php?rest_route=\/wp\/v2\/pages\/6200","targetHints":{"allow":["GET"]}}],"collection":[{"href":"https:\/\/www.mzclp.de\/index.php?rest_route=\/wp\/v2\/pages"}],"about":[{"href":"https:\/\/www.mzclp.de\/index.php?rest_route=\/wp\/v2\/types\/page"}],"author":[{"embeddable":true,"href":"https:\/\/www.mzclp.de\/index.php?rest_route=\/wp\/v2\/users\/9"}],"replies":[{"embeddable":true,"href":"https:\/\/www.mzclp.de\/index.php?rest_route=%2Fwp%2Fv2%2Fcomments&post=6200"}],"version-history":[{"count":2,"href":"https:\/\/www.mzclp.de\/index.php?rest_route=\/wp\/v2\/pages\/6200\/revisions"}],"predecessor-version":[{"id":6251,"href":"https:\/\/www.mzclp.de\/index.php?rest_route=\/wp\/v2\/pages\/6200\/revisions\/6251"}],"up":[{"embeddable":true,"href":"https:\/\/www.mzclp.de\/index.php?rest_route=\/wp\/v2\/pages\/1348"}],"wp:featuredmedia":[{"embeddable":true,"href":"https:\/\/www.mzclp.de\/index.php?rest_route=\/wp\/v2\/media\/6202"}],"wp:attachment":[{"href":"https:\/\/www.mzclp.de\/index.php?rest_route=%2Fwp%2Fv2%2Fmedia&parent=6200"}],"curies":[{"name":"wp","href":"https:\/\/api.w.org\/{rel}","templated":true}]}}