{"id":6208,"date":"2025-06-25T13:59:18","date_gmt":"2025-06-25T11:59:18","guid":{"rendered":"https:\/\/www.mzclp.de\/?page_id=6208"},"modified":"2025-07-04T11:24:42","modified_gmt":"2025-07-04T09:24:42","slug":"lernroboter","status":"publish","type":"page","link":"https:\/\/www.mzclp.de\/?page_id=6208","title":{"rendered":"Lernroboter"},"content":{"rendered":"<p>Das Medienzentrum hat unterschiedliche Lernroboter im Verleih. So wird der Einstieg in das Coding ganz leicht! Die Systeme passen sich teilweise an die Entwicklung der Kinder und Jugendlichen an.<\/p>\n<h4>Schwerpunkt Kindertageseinrichtung<\/h4>\n<p>Mit dem Cubetto k\u00f6nnen schon die ganz Kleinen erste Programmiererfahrungen sammeln &#8211; ohne Tablet, ohne Handy, einfach nur mit haptischen Elementen in warmer Holzoptik. Eine Karte mit Symbolen aus robustem Stoff liegt bei. Sie k\u00f6nnen bis zu zehn Sets bei uns in einer mobilen Stofftasche ausleihen.<\/p>\n<h4><img loading=\"lazy\" decoding=\"async\" class=\"alignnone size-medium wp-image-6211\" src=\"https:\/\/www.mzclp.de\/wp-content\/uploads\/2025\/06\/cubetto-300x176.jpg\" alt=\"\" width=\"300\" height=\"176\" srcset=\"https:\/\/www.mzclp.de\/wp-content\/uploads\/2025\/06\/cubetto-300x176.jpg 300w, https:\/\/www.mzclp.de\/wp-content\/uploads\/2025\/06\/cubetto-768x449.jpg 768w, https:\/\/www.mzclp.de\/wp-content\/uploads\/2025\/06\/cubetto.jpg 800w\" sizes=\"auto, (max-width: 300px) 100vw, 300px\" \/><\/h4>\n<h4>Schwerpunkt Grundschule<\/h4>\n<p>Der Bluebot ist ein robuster Roboter, der direkt mit Tasten am Ger\u00e4t programmiert werden kann. So f\u00e4hrt der Bluebot dann \u00fcber verschiedene, teilweise frei gestaltbare Karten. Nat\u00fcrlich kann der Bluebot auch anspruchsvoller per Programmierleiste oder gar App gesteuert werden. Mit einer Haube kann der Bluebot zus\u00e4tzlich zeichnen. Sie k\u00f6nnen den Bluebot in einem Sechserset in einer leichten Stofftasche bei uns leihen. Es stehen insgesamt vier Sets (24 Roboter) zur Verf\u00fcgung.<\/p>\n<p><img loading=\"lazy\" decoding=\"async\" class=\"wp-image-6210 alignleft\" src=\"https:\/\/www.mzclp.de\/wp-content\/uploads\/2025\/06\/bluebot-300x300.jpg\" alt=\"\" width=\"168\" height=\"168\" srcset=\"https:\/\/www.mzclp.de\/wp-content\/uploads\/2025\/06\/bluebot-300x300.jpg 300w, https:\/\/www.mzclp.de\/wp-content\/uploads\/2025\/06\/bluebot-1024x1024.jpg 1024w, https:\/\/www.mzclp.de\/wp-content\/uploads\/2025\/06\/bluebot-150x150.jpg 150w, https:\/\/www.mzclp.de\/wp-content\/uploads\/2025\/06\/bluebot-768x768.jpg 768w, https:\/\/www.mzclp.de\/wp-content\/uploads\/2025\/06\/bluebot-1320x1320.jpg 1320w, https:\/\/www.mzclp.de\/wp-content\/uploads\/2025\/06\/bluebot.jpg 1500w\" sizes=\"auto, (max-width: 168px) 100vw, 168px\" \/><\/p>\n<h4><\/h4>\n<h4>Schwerpunkt weiterf\u00fchrende Schule<\/h4>\n<h6>Thymio<\/h6>\n<p>Thymio II ist ein kleiner Roboter, der es erlaubt, die Welt der Robotik zu entdecken und die Sprache der Roboter zu lernen. Mit Thymio werden die Programmierung und die Grundlagen der Robotik, unabh\u00e4ngig vom Alter, f\u00fcr alle zug\u00e4nglich. Der Roboter ist komplett \u00fcber Funk steuerbar. Einzig ein USB Stick muss in den Computer eingesteckt werden.<\/p>\n<p>Sie k\u00f6nnen demn\u00e4chst zwei Koffer mit jeweils f\u00fcnf Ger\u00e4ten bei uns entleihen.<\/p>\n<p><img loading=\"lazy\" decoding=\"async\" class=\"alignnone  wp-image-6227\" src=\"https:\/\/www.mzclp.de\/wp-content\/uploads\/2025\/06\/thymio_2018-300x198.jpg\" alt=\"\" width=\"227\" height=\"150\" srcset=\"https:\/\/www.mzclp.de\/wp-content\/uploads\/2025\/06\/thymio_2018-300x198.jpg 300w, https:\/\/www.mzclp.de\/wp-content\/uploads\/2025\/06\/thymio_2018-1024x677.jpg 1024w, https:\/\/www.mzclp.de\/wp-content\/uploads\/2025\/06\/thymio_2018-768x507.jpg 768w, https:\/\/www.mzclp.de\/wp-content\/uploads\/2025\/06\/thymio_2018-1320x872.jpg 1320w, https:\/\/www.mzclp.de\/wp-content\/uploads\/2025\/06\/thymio_2018.jpg 1500w\" sizes=\"auto, (max-width: 227px) 100vw, 227px\" \/><\/p>\n<p><a href=\"https:\/\/wiki.mzclp.de\/doku.php?id=robotik:thymio:start\">Weitere Information und Materialien in unserem Wiki.<\/a><br \/>\n<div class=\"tx-spacer clearfix\" style=\"height: 16px\"><\/div>\n<p style=\"text-align: right;\"><a class=\"tx-button\" href=\"https:\/\/www.mzclp.de\/?page_id=1348\" target=\"_self\" style=\"color: #ffffff; background-color: #f11303\">zur\u00fcck<\/a>\n","protected":false},"excerpt":{"rendered":"<p>Das Medienzentrum hat unterschiedliche Lernroboter im Verleih. So wird der Einstieg in das Coding ganz leicht! Die Systeme passen sich teilweise an die Entwicklung der Kinder und Jugendlichen an. Schwerpunkt Kindertageseinrichtung Mit<\/p>\n<a class=\"moretag noptoppad\" href=\"https:\/\/www.mzclp.de\/?page_id=6208\">Read More...<\/a>","protected":false},"author":9,"featured_media":6209,"parent":1348,"menu_order":0,"comment_status":"closed","ping_status":"closed","template":"","meta":{"_crdt_document":"","footnotes":""},"class_list":["post-6208","page","type-page","status-publish","has-post-thumbnail","hentry"],"yoast_head":"<!-- This site is optimized with the Yoast SEO plugin v27.4 - https:\/\/yoast.com\/product\/yoast-seo-wordpress\/ -->\n<title>Lernroboter - Medienzentrum Cloppenburg<\/title>\n<meta name=\"robots\" content=\"index, follow, max-snippet:-1, max-image-preview:large, max-video-preview:-1\" \/>\n<link rel=\"canonical\" href=\"https:\/\/www.mzclp.de\/?page_id=6208\" \/>\n<meta property=\"og:locale\" content=\"de_DE\" \/>\n<meta property=\"og:type\" content=\"article\" \/>\n<meta property=\"og:title\" content=\"Lernroboter - Medienzentrum Cloppenburg\" \/>\n<meta property=\"og:description\" content=\"Das Medienzentrum hat unterschiedliche Lernroboter im Verleih. So wird der Einstieg in das Coding ganz leicht! Die Systeme passen sich teilweise an die Entwicklung der Kinder und Jugendlichen an. Schwerpunkt Kindertageseinrichtung Mit\" \/>\n<meta property=\"og:url\" content=\"https:\/\/www.mzclp.de\/?page_id=6208\" \/>\n<meta property=\"og:site_name\" content=\"Medienzentrum Cloppenburg\" \/>\n<meta property=\"article:modified_time\" content=\"2025-07-04T09:24:42+00:00\" \/>\n<meta property=\"og:image\" content=\"https:\/\/www.mzclp.de\/wp-content\/uploads\/2025\/06\/robot-3178684_1280.jpg\" \/>\n\t<meta property=\"og:image:width\" content=\"1280\" \/>\n\t<meta property=\"og:image:height\" content=\"720\" \/>\n\t<meta property=\"og:image:type\" content=\"image\/jpeg\" \/>\n<meta name=\"twitter:card\" content=\"summary_large_image\" \/>\n<meta name=\"twitter:label1\" content=\"Gesch\u00e4tzte Lesezeit\" \/>\n\t<meta name=\"twitter:data1\" content=\"3\u00a0Minuten\" \/>\n<script type=\"application\/ld+json\" class=\"yoast-schema-graph\">{\"@context\":\"https:\\\/\\\/schema.org\",\"@graph\":[{\"@type\":\"WebPage\",\"@id\":\"https:\\\/\\\/www.mzclp.de\\\/?page_id=6208\",\"url\":\"https:\\\/\\\/www.mzclp.de\\\/?page_id=6208\",\"name\":\"Lernroboter - Medienzentrum Cloppenburg\",\"isPartOf\":{\"@id\":\"https:\\\/\\\/www.mzclp.de\\\/#website\"},\"primaryImageOfPage\":{\"@id\":\"https:\\\/\\\/www.mzclp.de\\\/?page_id=6208#primaryimage\"},\"image\":{\"@id\":\"https:\\\/\\\/www.mzclp.de\\\/?page_id=6208#primaryimage\"},\"thumbnailUrl\":\"https:\\\/\\\/www.mzclp.de\\\/wp-content\\\/uploads\\\/2025\\\/06\\\/robot-3178684_1280.jpg\",\"datePublished\":\"2025-06-25T11:59:18+00:00\",\"dateModified\":\"2025-07-04T09:24:42+00:00\",\"breadcrumb\":{\"@id\":\"https:\\\/\\\/www.mzclp.de\\\/?page_id=6208#breadcrumb\"},\"inLanguage\":\"de\",\"potentialAction\":[{\"@type\":\"ReadAction\",\"target\":[\"https:\\\/\\\/www.mzclp.de\\\/?page_id=6208\"]}]},{\"@type\":\"ImageObject\",\"inLanguage\":\"de\",\"@id\":\"https:\\\/\\\/www.mzclp.de\\\/?page_id=6208#primaryimage\",\"url\":\"https:\\\/\\\/www.mzclp.de\\\/wp-content\\\/uploads\\\/2025\\\/06\\\/robot-3178684_1280.jpg\",\"contentUrl\":\"https:\\\/\\\/www.mzclp.de\\\/wp-content\\\/uploads\\\/2025\\\/06\\\/robot-3178684_1280.jpg\",\"width\":1280,\"height\":720},{\"@type\":\"BreadcrumbList\",\"@id\":\"https:\\\/\\\/www.mzclp.de\\\/?page_id=6208#breadcrumb\",\"itemListElement\":[{\"@type\":\"ListItem\",\"position\":1,\"name\":\"Startseite\",\"item\":\"https:\\\/\\\/www.mzclp.de\\\/\"},{\"@type\":\"ListItem\",\"position\":2,\"name\":\"Audiovisuelle Technik\",\"item\":\"https:\\\/\\\/www.mzclp.de\\\/?page_id=1348\"},{\"@type\":\"ListItem\",\"position\":3,\"name\":\"Lernroboter\"}]},{\"@type\":\"WebSite\",\"@id\":\"https:\\\/\\\/www.mzclp.de\\\/#website\",\"url\":\"https:\\\/\\\/www.mzclp.de\\\/\",\"name\":\"Medienzentrum Cloppenburg\",\"description\":\"Beratung - Medien - Technik\",\"publisher\":{\"@id\":\"https:\\\/\\\/www.mzclp.de\\\/#organization\"},\"potentialAction\":[{\"@type\":\"SearchAction\",\"target\":{\"@type\":\"EntryPoint\",\"urlTemplate\":\"https:\\\/\\\/www.mzclp.de\\\/?s={search_term_string}\"},\"query-input\":{\"@type\":\"PropertyValueSpecification\",\"valueRequired\":true,\"valueName\":\"search_term_string\"}}],\"inLanguage\":\"de\"},{\"@type\":\"Organization\",\"@id\":\"https:\\\/\\\/www.mzclp.de\\\/#organization\",\"name\":\"Medienzentrum Cloppenburg\",\"url\":\"https:\\\/\\\/www.mzclp.de\\\/\",\"logo\":{\"@type\":\"ImageObject\",\"inLanguage\":\"de\",\"@id\":\"https:\\\/\\\/www.mzclp.de\\\/#\\\/schema\\\/logo\\\/image\\\/\",\"url\":\"https:\\\/\\\/www.mzclp.de\\\/wp-content\\\/uploads\\\/2020\\\/06\\\/cropped-lkclpmzclpf-1.png\",\"contentUrl\":\"https:\\\/\\\/www.mzclp.de\\\/wp-content\\\/uploads\\\/2020\\\/06\\\/cropped-lkclpmzclpf-1.png\",\"width\":3195,\"height\":606,\"caption\":\"Medienzentrum Cloppenburg\"},\"image\":{\"@id\":\"https:\\\/\\\/www.mzclp.de\\\/#\\\/schema\\\/logo\\\/image\\\/\"}}]}<\/script>\n<!-- \/ Yoast SEO plugin. -->","yoast_head_json":{"title":"Lernroboter - Medienzentrum Cloppenburg","robots":{"index":"index","follow":"follow","max-snippet":"max-snippet:-1","max-image-preview":"max-image-preview:large","max-video-preview":"max-video-preview:-1"},"canonical":"https:\/\/www.mzclp.de\/?page_id=6208","og_locale":"de_DE","og_type":"article","og_title":"Lernroboter - Medienzentrum Cloppenburg","og_description":"Das Medienzentrum hat unterschiedliche Lernroboter im Verleih. So wird der Einstieg in das Coding ganz leicht! Die Systeme passen sich teilweise an die Entwicklung der Kinder und Jugendlichen an. Schwerpunkt Kindertageseinrichtung Mit","og_url":"https:\/\/www.mzclp.de\/?page_id=6208","og_site_name":"Medienzentrum Cloppenburg","article_modified_time":"2025-07-04T09:24:42+00:00","og_image":[{"width":1280,"height":720,"url":"https:\/\/www.mzclp.de\/wp-content\/uploads\/2025\/06\/robot-3178684_1280.jpg","type":"image\/jpeg"}],"twitter_card":"summary_large_image","twitter_misc":{"Gesch\u00e4tzte Lesezeit":"3\u00a0Minuten"},"schema":{"@context":"https:\/\/schema.org","@graph":[{"@type":"WebPage","@id":"https:\/\/www.mzclp.de\/?page_id=6208","url":"https:\/\/www.mzclp.de\/?page_id=6208","name":"Lernroboter - Medienzentrum Cloppenburg","isPartOf":{"@id":"https:\/\/www.mzclp.de\/#website"},"primaryImageOfPage":{"@id":"https:\/\/www.mzclp.de\/?page_id=6208#primaryimage"},"image":{"@id":"https:\/\/www.mzclp.de\/?page_id=6208#primaryimage"},"thumbnailUrl":"https:\/\/www.mzclp.de\/wp-content\/uploads\/2025\/06\/robot-3178684_1280.jpg","datePublished":"2025-06-25T11:59:18+00:00","dateModified":"2025-07-04T09:24:42+00:00","breadcrumb":{"@id":"https:\/\/www.mzclp.de\/?page_id=6208#breadcrumb"},"inLanguage":"de","potentialAction":[{"@type":"ReadAction","target":["https:\/\/www.mzclp.de\/?page_id=6208"]}]},{"@type":"ImageObject","inLanguage":"de","@id":"https:\/\/www.mzclp.de\/?page_id=6208#primaryimage","url":"https:\/\/www.mzclp.de\/wp-content\/uploads\/2025\/06\/robot-3178684_1280.jpg","contentUrl":"https:\/\/www.mzclp.de\/wp-content\/uploads\/2025\/06\/robot-3178684_1280.jpg","width":1280,"height":720},{"@type":"BreadcrumbList","@id":"https:\/\/www.mzclp.de\/?page_id=6208#breadcrumb","itemListElement":[{"@type":"ListItem","position":1,"name":"Startseite","item":"https:\/\/www.mzclp.de\/"},{"@type":"ListItem","position":2,"name":"Audiovisuelle Technik","item":"https:\/\/www.mzclp.de\/?page_id=1348"},{"@type":"ListItem","position":3,"name":"Lernroboter"}]},{"@type":"WebSite","@id":"https:\/\/www.mzclp.de\/#website","url":"https:\/\/www.mzclp.de\/","name":"Medienzentrum Cloppenburg","description":"Beratung - Medien - Technik","publisher":{"@id":"https:\/\/www.mzclp.de\/#organization"},"potentialAction":[{"@type":"SearchAction","target":{"@type":"EntryPoint","urlTemplate":"https:\/\/www.mzclp.de\/?s={search_term_string}"},"query-input":{"@type":"PropertyValueSpecification","valueRequired":true,"valueName":"search_term_string"}}],"inLanguage":"de"},{"@type":"Organization","@id":"https:\/\/www.mzclp.de\/#organization","name":"Medienzentrum Cloppenburg","url":"https:\/\/www.mzclp.de\/","logo":{"@type":"ImageObject","inLanguage":"de","@id":"https:\/\/www.mzclp.de\/#\/schema\/logo\/image\/","url":"https:\/\/www.mzclp.de\/wp-content\/uploads\/2020\/06\/cropped-lkclpmzclpf-1.png","contentUrl":"https:\/\/www.mzclp.de\/wp-content\/uploads\/2020\/06\/cropped-lkclpmzclpf-1.png","width":3195,"height":606,"caption":"Medienzentrum Cloppenburg"},"image":{"@id":"https:\/\/www.mzclp.de\/#\/schema\/logo\/image\/"}}]}},"_links":{"self":[{"href":"https:\/\/www.mzclp.de\/index.php?rest_route=\/wp\/v2\/pages\/6208","targetHints":{"allow":["GET"]}}],"collection":[{"href":"https:\/\/www.mzclp.de\/index.php?rest_route=\/wp\/v2\/pages"}],"about":[{"href":"https:\/\/www.mzclp.de\/index.php?rest_route=\/wp\/v2\/types\/page"}],"author":[{"embeddable":true,"href":"https:\/\/www.mzclp.de\/index.php?rest_route=\/wp\/v2\/users\/9"}],"replies":[{"embeddable":true,"href":"https:\/\/www.mzclp.de\/index.php?rest_route=%2Fwp%2Fv2%2Fcomments&post=6208"}],"version-history":[{"count":4,"href":"https:\/\/www.mzclp.de\/index.php?rest_route=\/wp\/v2\/pages\/6208\/revisions"}],"predecessor-version":[{"id":6280,"href":"https:\/\/www.mzclp.de\/index.php?rest_route=\/wp\/v2\/pages\/6208\/revisions\/6280"}],"up":[{"embeddable":true,"href":"https:\/\/www.mzclp.de\/index.php?rest_route=\/wp\/v2\/pages\/1348"}],"wp:featuredmedia":[{"embeddable":true,"href":"https:\/\/www.mzclp.de\/index.php?rest_route=\/wp\/v2\/media\/6209"}],"wp:attachment":[{"href":"https:\/\/www.mzclp.de\/index.php?rest_route=%2Fwp%2Fv2%2Fmedia&parent=6208"}],"curies":[{"name":"wp","href":"https:\/\/api.w.org\/{rel}","templated":true}]}}