{"id":6262,"date":"2025-07-04T09:52:04","date_gmt":"2025-07-04T07:52:04","guid":{"rendered":"https:\/\/www.mzclp.de\/?page_id=6262"},"modified":"2025-07-04T09:59:09","modified_gmt":"2025-07-04T07:59:09","slug":"praesentationen","status":"publish","type":"page","link":"https:\/\/www.mzclp.de\/?page_id=6262","title":{"rendered":"Pr\u00e4sentationen"},"content":{"rendered":"<h5>Pr\u00e4sentationen<\/h5>\n<p>Wir bieten Ihnen verschiedene Videoprojektoren f\u00fcr Ihre Pr\u00e4sentationen an. Im Verleih sind unter anderem Kurzdistanzprojektoren und Projektoren mit integriertem DVD-Player. Au\u00dferdem haben wir sehr lichtstarke Laserprojektoren im Angebot.<\/p>\n<p>Als Projektionsfl\u00e4che haben wir Leinw\u00e4nde in verschiedenen Gr\u00f6\u00dfen im Angebot. Von der mobilen Scherenleinwand \u00fcber die Outdoor-Leinwand bis hin zur Rahmenleinwand sind verschiedene Leinw\u00e4nde verf\u00fcgbar. Unsere mobilen Leinw\u00e4nde sind in den Formaten 4:3 und 16:9 sowie in den Gr\u00f6\u00dfen 90cm x 120cm, 150cm x 200cm, 135cm x 180cm, 180cm x 102cm und 200cm x 113cm erh\u00e4ltlich. Rahmenleinw\u00e4nde zum Aufbauen sind in den Formaten 4:3, 16:9 und 16:10 in den Gr\u00f6\u00dfen 305cm x 172cm (wahlweise mit Auflicht- oder Durchlichttuch), 427cm x 320cm, 518cm x 335cm oder als Outdoor-Leinwand mit 310cm x 174cm verf\u00fcgbar. Bitte beachten Sie, dass f\u00fcr den Transport der gro\u00dfen Leinw\u00e4nde zumindest ein PKW-Kombi oder ein \u00e4hnliches Fahrzeug erforderlich ist.<\/p>\n<p>Ein Schattentheater mit den Ma\u00dfen 450cm x 270cm und ein Paravent sind ebenfalls im Verleih erh\u00e4ltlich. Au\u00dferdem k\u00f6nnen Sie bei uns Dekotraversen mit einer Breite von 6 m und B\u00fchnenmolton als Hintergrund oder einen StarSky-LED-Hintergrund ausleihen. F\u00fcr Video- oder Fotoaufnahmen bieten wir einen 3 x 6 m gro\u00dfen Greenscreen in den Farben Wei\u00df, Schwarz und Gr\u00fcn sowie einen weiteren Greenscreenkoffer mit Beleuchtung und T\u00fcchern zur Ausleihe an.<\/p>\n<div class=\"tx-spacer clearfix\" style=\"height: 16px\"><\/div>\n<p style=\"text-align: right;\"><a class=\"tx-button\" href=\"https:\/\/www.mzclp.de\/?page_id=1348\" target=\"_self\" style=\"color: #ffffff; background-color: #f11303\">zur\u00fcck<\/a>\n","protected":false},"excerpt":{"rendered":"<p>Pr\u00e4sentationen Wir bieten Ihnen verschiedene Videoprojektoren f\u00fcr Ihre Pr\u00e4sentationen an. Im Verleih sind unter anderem Kurzdistanzprojektoren und Projektoren mit integriertem DVD-Player. Au\u00dferdem haben wir sehr lichtstarke Laserprojektoren im Angebot. Als Projektionsfl\u00e4che haben<\/p>\n<a class=\"moretag noptoppad\" href=\"https:\/\/www.mzclp.de\/?page_id=6262\">Read More...<\/a>","protected":false},"author":2,"featured_media":6264,"parent":1348,"menu_order":0,"comment_status":"closed","ping_status":"closed","template":"","meta":{"_crdt_document":"","footnotes":""},"class_list":["post-6262","page","type-page","status-publish","has-post-thumbnail","hentry"],"yoast_head":"<!-- This site is optimized with the Yoast SEO plugin v27.4 - https:\/\/yoast.com\/product\/yoast-seo-wordpress\/ -->\n<title>Pr\u00e4sentationen - Medienzentrum Cloppenburg<\/title>\n<meta name=\"robots\" content=\"index, follow, max-snippet:-1, max-image-preview:large, max-video-preview:-1\" \/>\n<link rel=\"canonical\" href=\"https:\/\/www.mzclp.de\/?page_id=6262\" \/>\n<meta property=\"og:locale\" content=\"de_DE\" \/>\n<meta property=\"og:type\" content=\"article\" \/>\n<meta property=\"og:title\" content=\"Pr\u00e4sentationen - Medienzentrum Cloppenburg\" \/>\n<meta property=\"og:description\" content=\"Pr\u00e4sentationen Wir bieten Ihnen verschiedene Videoprojektoren f\u00fcr Ihre Pr\u00e4sentationen an. Im Verleih sind unter anderem Kurzdistanzprojektoren und Projektoren mit integriertem DVD-Player. Au\u00dferdem haben wir sehr lichtstarke Laserprojektoren im Angebot. Als Projektionsfl\u00e4che haben\" \/>\n<meta property=\"og:url\" content=\"https:\/\/www.mzclp.de\/?page_id=6262\" \/>\n<meta property=\"og:site_name\" content=\"Medienzentrum Cloppenburg\" \/>\n<meta property=\"article:modified_time\" content=\"2025-07-04T07:59:09+00:00\" \/>\n<meta property=\"og:image\" content=\"https:\/\/www.mzclp.de\/wp-content\/uploads\/2025\/07\/conference-room-338563_1280.jpg\" \/>\n\t<meta property=\"og:image:width\" content=\"1280\" \/>\n\t<meta property=\"og:image:height\" content=\"850\" \/>\n\t<meta property=\"og:image:type\" content=\"image\/jpeg\" \/>\n<meta name=\"twitter:card\" content=\"summary_large_image\" \/>\n<meta name=\"twitter:label1\" content=\"Gesch\u00e4tzte Lesezeit\" \/>\n\t<meta name=\"twitter:data1\" content=\"2\u00a0Minuten\" \/>\n<script type=\"application\/ld+json\" class=\"yoast-schema-graph\">{\"@context\":\"https:\\\/\\\/schema.org\",\"@graph\":[{\"@type\":\"WebPage\",\"@id\":\"https:\\\/\\\/www.mzclp.de\\\/?page_id=6262\",\"url\":\"https:\\\/\\\/www.mzclp.de\\\/?page_id=6262\",\"name\":\"Pr\u00e4sentationen - Medienzentrum Cloppenburg\",\"isPartOf\":{\"@id\":\"https:\\\/\\\/www.mzclp.de\\\/#website\"},\"primaryImageOfPage\":{\"@id\":\"https:\\\/\\\/www.mzclp.de\\\/?page_id=6262#primaryimage\"},\"image\":{\"@id\":\"https:\\\/\\\/www.mzclp.de\\\/?page_id=6262#primaryimage\"},\"thumbnailUrl\":\"https:\\\/\\\/www.mzclp.de\\\/wp-content\\\/uploads\\\/2025\\\/07\\\/conference-room-338563_1280.jpg\",\"datePublished\":\"2025-07-04T07:52:04+00:00\",\"dateModified\":\"2025-07-04T07:59:09+00:00\",\"breadcrumb\":{\"@id\":\"https:\\\/\\\/www.mzclp.de\\\/?page_id=6262#breadcrumb\"},\"inLanguage\":\"de\",\"potentialAction\":[{\"@type\":\"ReadAction\",\"target\":[\"https:\\\/\\\/www.mzclp.de\\\/?page_id=6262\"]}]},{\"@type\":\"ImageObject\",\"inLanguage\":\"de\",\"@id\":\"https:\\\/\\\/www.mzclp.de\\\/?page_id=6262#primaryimage\",\"url\":\"https:\\\/\\\/www.mzclp.de\\\/wp-content\\\/uploads\\\/2025\\\/07\\\/conference-room-338563_1280.jpg\",\"contentUrl\":\"https:\\\/\\\/www.mzclp.de\\\/wp-content\\\/uploads\\\/2025\\\/07\\\/conference-room-338563_1280.jpg\",\"width\":1280,\"height\":850},{\"@type\":\"BreadcrumbList\",\"@id\":\"https:\\\/\\\/www.mzclp.de\\\/?page_id=6262#breadcrumb\",\"itemListElement\":[{\"@type\":\"ListItem\",\"position\":1,\"name\":\"Startseite\",\"item\":\"https:\\\/\\\/www.mzclp.de\\\/\"},{\"@type\":\"ListItem\",\"position\":2,\"name\":\"Audiovisuelle Technik\",\"item\":\"https:\\\/\\\/www.mzclp.de\\\/?page_id=1348\"},{\"@type\":\"ListItem\",\"position\":3,\"name\":\"Pr\u00e4sentationen\"}]},{\"@type\":\"WebSite\",\"@id\":\"https:\\\/\\\/www.mzclp.de\\\/#website\",\"url\":\"https:\\\/\\\/www.mzclp.de\\\/\",\"name\":\"Medienzentrum Cloppenburg\",\"description\":\"Beratung - Medien - Technik\",\"publisher\":{\"@id\":\"https:\\\/\\\/www.mzclp.de\\\/#organization\"},\"potentialAction\":[{\"@type\":\"SearchAction\",\"target\":{\"@type\":\"EntryPoint\",\"urlTemplate\":\"https:\\\/\\\/www.mzclp.de\\\/?s={search_term_string}\"},\"query-input\":{\"@type\":\"PropertyValueSpecification\",\"valueRequired\":true,\"valueName\":\"search_term_string\"}}],\"inLanguage\":\"de\"},{\"@type\":\"Organization\",\"@id\":\"https:\\\/\\\/www.mzclp.de\\\/#organization\",\"name\":\"Medienzentrum Cloppenburg\",\"url\":\"https:\\\/\\\/www.mzclp.de\\\/\",\"logo\":{\"@type\":\"ImageObject\",\"inLanguage\":\"de\",\"@id\":\"https:\\\/\\\/www.mzclp.de\\\/#\\\/schema\\\/logo\\\/image\\\/\",\"url\":\"https:\\\/\\\/www.mzclp.de\\\/wp-content\\\/uploads\\\/2020\\\/06\\\/cropped-lkclpmzclpf-1.png\",\"contentUrl\":\"https:\\\/\\\/www.mzclp.de\\\/wp-content\\\/uploads\\\/2020\\\/06\\\/cropped-lkclpmzclpf-1.png\",\"width\":3195,\"height\":606,\"caption\":\"Medienzentrum Cloppenburg\"},\"image\":{\"@id\":\"https:\\\/\\\/www.mzclp.de\\\/#\\\/schema\\\/logo\\\/image\\\/\"}}]}<\/script>\n<!-- \/ Yoast SEO plugin. -->","yoast_head_json":{"title":"Pr\u00e4sentationen - Medienzentrum Cloppenburg","robots":{"index":"index","follow":"follow","max-snippet":"max-snippet:-1","max-image-preview":"max-image-preview:large","max-video-preview":"max-video-preview:-1"},"canonical":"https:\/\/www.mzclp.de\/?page_id=6262","og_locale":"de_DE","og_type":"article","og_title":"Pr\u00e4sentationen - Medienzentrum Cloppenburg","og_description":"Pr\u00e4sentationen Wir bieten Ihnen verschiedene Videoprojektoren f\u00fcr Ihre Pr\u00e4sentationen an. Im Verleih sind unter anderem Kurzdistanzprojektoren und Projektoren mit integriertem DVD-Player. Au\u00dferdem haben wir sehr lichtstarke Laserprojektoren im Angebot. Als Projektionsfl\u00e4che haben","og_url":"https:\/\/www.mzclp.de\/?page_id=6262","og_site_name":"Medienzentrum Cloppenburg","article_modified_time":"2025-07-04T07:59:09+00:00","og_image":[{"width":1280,"height":850,"url":"https:\/\/www.mzclp.de\/wp-content\/uploads\/2025\/07\/conference-room-338563_1280.jpg","type":"image\/jpeg"}],"twitter_card":"summary_large_image","twitter_misc":{"Gesch\u00e4tzte Lesezeit":"2\u00a0Minuten"},"schema":{"@context":"https:\/\/schema.org","@graph":[{"@type":"WebPage","@id":"https:\/\/www.mzclp.de\/?page_id=6262","url":"https:\/\/www.mzclp.de\/?page_id=6262","name":"Pr\u00e4sentationen - Medienzentrum Cloppenburg","isPartOf":{"@id":"https:\/\/www.mzclp.de\/#website"},"primaryImageOfPage":{"@id":"https:\/\/www.mzclp.de\/?page_id=6262#primaryimage"},"image":{"@id":"https:\/\/www.mzclp.de\/?page_id=6262#primaryimage"},"thumbnailUrl":"https:\/\/www.mzclp.de\/wp-content\/uploads\/2025\/07\/conference-room-338563_1280.jpg","datePublished":"2025-07-04T07:52:04+00:00","dateModified":"2025-07-04T07:59:09+00:00","breadcrumb":{"@id":"https:\/\/www.mzclp.de\/?page_id=6262#breadcrumb"},"inLanguage":"de","potentialAction":[{"@type":"ReadAction","target":["https:\/\/www.mzclp.de\/?page_id=6262"]}]},{"@type":"ImageObject","inLanguage":"de","@id":"https:\/\/www.mzclp.de\/?page_id=6262#primaryimage","url":"https:\/\/www.mzclp.de\/wp-content\/uploads\/2025\/07\/conference-room-338563_1280.jpg","contentUrl":"https:\/\/www.mzclp.de\/wp-content\/uploads\/2025\/07\/conference-room-338563_1280.jpg","width":1280,"height":850},{"@type":"BreadcrumbList","@id":"https:\/\/www.mzclp.de\/?page_id=6262#breadcrumb","itemListElement":[{"@type":"ListItem","position":1,"name":"Startseite","item":"https:\/\/www.mzclp.de\/"},{"@type":"ListItem","position":2,"name":"Audiovisuelle Technik","item":"https:\/\/www.mzclp.de\/?page_id=1348"},{"@type":"ListItem","position":3,"name":"Pr\u00e4sentationen"}]},{"@type":"WebSite","@id":"https:\/\/www.mzclp.de\/#website","url":"https:\/\/www.mzclp.de\/","name":"Medienzentrum Cloppenburg","description":"Beratung - Medien - Technik","publisher":{"@id":"https:\/\/www.mzclp.de\/#organization"},"potentialAction":[{"@type":"SearchAction","target":{"@type":"EntryPoint","urlTemplate":"https:\/\/www.mzclp.de\/?s={search_term_string}"},"query-input":{"@type":"PropertyValueSpecification","valueRequired":true,"valueName":"search_term_string"}}],"inLanguage":"de"},{"@type":"Organization","@id":"https:\/\/www.mzclp.de\/#organization","name":"Medienzentrum Cloppenburg","url":"https:\/\/www.mzclp.de\/","logo":{"@type":"ImageObject","inLanguage":"de","@id":"https:\/\/www.mzclp.de\/#\/schema\/logo\/image\/","url":"https:\/\/www.mzclp.de\/wp-content\/uploads\/2020\/06\/cropped-lkclpmzclpf-1.png","contentUrl":"https:\/\/www.mzclp.de\/wp-content\/uploads\/2020\/06\/cropped-lkclpmzclpf-1.png","width":3195,"height":606,"caption":"Medienzentrum Cloppenburg"},"image":{"@id":"https:\/\/www.mzclp.de\/#\/schema\/logo\/image\/"}}]}},"_links":{"self":[{"href":"https:\/\/www.mzclp.de\/index.php?rest_route=\/wp\/v2\/pages\/6262","targetHints":{"allow":["GET"]}}],"collection":[{"href":"https:\/\/www.mzclp.de\/index.php?rest_route=\/wp\/v2\/pages"}],"about":[{"href":"https:\/\/www.mzclp.de\/index.php?rest_route=\/wp\/v2\/types\/page"}],"author":[{"embeddable":true,"href":"https:\/\/www.mzclp.de\/index.php?rest_route=\/wp\/v2\/users\/2"}],"replies":[{"embeddable":true,"href":"https:\/\/www.mzclp.de\/index.php?rest_route=%2Fwp%2Fv2%2Fcomments&post=6262"}],"version-history":[{"count":4,"href":"https:\/\/www.mzclp.de\/index.php?rest_route=\/wp\/v2\/pages\/6262\/revisions"}],"predecessor-version":[{"id":6268,"href":"https:\/\/www.mzclp.de\/index.php?rest_route=\/wp\/v2\/pages\/6262\/revisions\/6268"}],"up":[{"embeddable":true,"href":"https:\/\/www.mzclp.de\/index.php?rest_route=\/wp\/v2\/pages\/1348"}],"wp:featuredmedia":[{"embeddable":true,"href":"https:\/\/www.mzclp.de\/index.php?rest_route=\/wp\/v2\/media\/6264"}],"wp:attachment":[{"href":"https:\/\/www.mzclp.de\/index.php?rest_route=%2Fwp%2Fv2%2Fmedia&parent=6262"}],"curies":[{"name":"wp","href":"https:\/\/api.w.org\/{rel}","templated":true}]}}