{"id":6269,"date":"2025-07-04T10:05:46","date_gmt":"2025-07-04T08:05:46","guid":{"rendered":"https:\/\/www.mzclp.de\/?page_id=6269"},"modified":"2025-07-04T11:30:41","modified_gmt":"2025-07-04T09:30:41","slug":"sonstiges","status":"publish","type":"page","link":"https:\/\/www.mzclp.de\/?page_id=6269","title":{"rendered":"Sonstiges"},"content":{"rendered":"<h5>Sonstiges<\/h5>\n<p>Wir haben einen Angebotsbereich den wir unter \u201eMedienp\u00e4dagogik\u201c eingeordnet haben. In diesem Bereich halten wir Lernkoffer bzw. Werkzeuge vor, die im Bildungsbereich eingesetzt werden, um Kindern spielerisch Programmierung und Technik n\u00e4herzubringen. Hier gibt es z.B. <span style=\"color: #0000ff;\"><a style=\"color: #0000ff;\" href=\"https:\/\/b-bot.de\/\" target=\"_blank\" rel=\"noopener\">Blue-Bot Koffer<\/a><\/span>, <span style=\"color: #0000ff;\"><a style=\"color: #0000ff;\" href=\"https:\/\/ozobot-deutschland.de\/ozobot-evo\/\" target=\"_blank\" rel=\"noopener\">Ozobots<\/a><\/span>, Cubetto Playsets, Edison Roboter V3, Thymio II, Makey Makey Classroom Kits, <span style=\"color: #0000ff;\"><a style=\"color: #0000ff;\" href=\"https:\/\/calliope.cc\/calliope-mini\/calliope-mini-3\" target=\"_blank\" rel=\"noopener\">Calliope mini 3.0<\/a><\/span>, Oculus Quest 64 GB VR-Brillen. Auch dieser Verleihbereich wird st\u00e4ndig erweitert. Machen Sie uns gerne weitere Vorschl\u00e4ge f\u00fcr eine Erweiterung in diesem Bereich. Unser Medienp\u00e4dagogischer Berater Herr Maik Riecken steht Ihnen gerne mit Rat und Tat zur Seite. Vereinbaren Sie doch einen Termin mit <a href=\"mailto:riecken@nibis.de\"><span style=\"color: #0000ff;\">Herrn Riecken<\/span><\/a> um N\u00e4heres zu erfahren.<\/p>\n<div class=\"tx-spacer clearfix\" style=\"height: 16px\"><\/div>\n<p style=\"text-align: right;\"><a class=\"tx-button\" href=\"https:\/\/www.mzclp.de\/?page_id=1348\" target=\"_self\" style=\"color: #ffffff; background-color: #f11303\">zur\u00fcck<\/a>\n","protected":false},"excerpt":{"rendered":"<p>Sonstiges Wir haben einen Angebotsbereich den wir unter \u201eMedienp\u00e4dagogik\u201c eingeordnet haben. In diesem Bereich halten wir Lernkoffer bzw. Werkzeuge vor, die im Bildungsbereich eingesetzt werden, um Kindern spielerisch Programmierung und Technik n\u00e4herzubringen.<\/p>\n<a class=\"moretag noptoppad\" href=\"https:\/\/www.mzclp.de\/?page_id=6269\">Read More...<\/a>","protected":false},"author":2,"featured_media":6270,"parent":1348,"menu_order":0,"comment_status":"closed","ping_status":"closed","template":"","meta":{"_crdt_document":"","footnotes":""},"class_list":["post-6269","page","type-page","status-publish","has-post-thumbnail","hentry"],"yoast_head":"<!-- This site is optimized with the Yoast SEO plugin v27.4 - https:\/\/yoast.com\/product\/yoast-seo-wordpress\/ -->\n<title>Sonstiges - Medienzentrum Cloppenburg<\/title>\n<meta name=\"robots\" content=\"index, follow, max-snippet:-1, max-image-preview:large, max-video-preview:-1\" \/>\n<link rel=\"canonical\" href=\"https:\/\/www.mzclp.de\/?page_id=6269\" \/>\n<meta property=\"og:locale\" content=\"de_DE\" \/>\n<meta property=\"og:type\" content=\"article\" \/>\n<meta property=\"og:title\" content=\"Sonstiges - Medienzentrum Cloppenburg\" \/>\n<meta property=\"og:description\" content=\"Sonstiges Wir haben einen Angebotsbereich den wir unter \u201eMedienp\u00e4dagogik\u201c eingeordnet haben. In diesem Bereich halten wir Lernkoffer bzw. Werkzeuge vor, die im Bildungsbereich eingesetzt werden, um Kindern spielerisch Programmierung und Technik n\u00e4herzubringen.\" \/>\n<meta property=\"og:url\" content=\"https:\/\/www.mzclp.de\/?page_id=6269\" \/>\n<meta property=\"og:site_name\" content=\"Medienzentrum Cloppenburg\" \/>\n<meta property=\"article:modified_time\" content=\"2025-07-04T09:30:41+00:00\" \/>\n<meta property=\"og:image\" content=\"https:\/\/www.mzclp.de\/wp-content\/uploads\/2025\/07\/Sketchnote_Geschichte_Begriff_V2.jpg\" \/>\n\t<meta property=\"og:image:width\" content=\"960\" \/>\n\t<meta property=\"og:image:height\" content=\"666\" \/>\n\t<meta property=\"og:image:type\" content=\"image\/jpeg\" \/>\n<meta name=\"twitter:card\" content=\"summary_large_image\" \/>\n<meta name=\"twitter:label1\" content=\"Gesch\u00e4tzte Lesezeit\" \/>\n\t<meta name=\"twitter:data1\" content=\"1\u00a0Minute\" \/>\n<script type=\"application\/ld+json\" class=\"yoast-schema-graph\">{\"@context\":\"https:\\\/\\\/schema.org\",\"@graph\":[{\"@type\":\"WebPage\",\"@id\":\"https:\\\/\\\/www.mzclp.de\\\/?page_id=6269\",\"url\":\"https:\\\/\\\/www.mzclp.de\\\/?page_id=6269\",\"name\":\"Sonstiges - Medienzentrum Cloppenburg\",\"isPartOf\":{\"@id\":\"https:\\\/\\\/www.mzclp.de\\\/#website\"},\"primaryImageOfPage\":{\"@id\":\"https:\\\/\\\/www.mzclp.de\\\/?page_id=6269#primaryimage\"},\"image\":{\"@id\":\"https:\\\/\\\/www.mzclp.de\\\/?page_id=6269#primaryimage\"},\"thumbnailUrl\":\"https:\\\/\\\/www.mzclp.de\\\/wp-content\\\/uploads\\\/2025\\\/07\\\/Sketchnote_Geschichte_Begriff_V2.jpg\",\"datePublished\":\"2025-07-04T08:05:46+00:00\",\"dateModified\":\"2025-07-04T09:30:41+00:00\",\"breadcrumb\":{\"@id\":\"https:\\\/\\\/www.mzclp.de\\\/?page_id=6269#breadcrumb\"},\"inLanguage\":\"de\",\"potentialAction\":[{\"@type\":\"ReadAction\",\"target\":[\"https:\\\/\\\/www.mzclp.de\\\/?page_id=6269\"]}]},{\"@type\":\"ImageObject\",\"inLanguage\":\"de\",\"@id\":\"https:\\\/\\\/www.mzclp.de\\\/?page_id=6269#primaryimage\",\"url\":\"https:\\\/\\\/www.mzclp.de\\\/wp-content\\\/uploads\\\/2025\\\/07\\\/Sketchnote_Geschichte_Begriff_V2.jpg\",\"contentUrl\":\"https:\\\/\\\/www.mzclp.de\\\/wp-content\\\/uploads\\\/2025\\\/07\\\/Sketchnote_Geschichte_Begriff_V2.jpg\",\"width\":960,\"height\":666},{\"@type\":\"BreadcrumbList\",\"@id\":\"https:\\\/\\\/www.mzclp.de\\\/?page_id=6269#breadcrumb\",\"itemListElement\":[{\"@type\":\"ListItem\",\"position\":1,\"name\":\"Startseite\",\"item\":\"https:\\\/\\\/www.mzclp.de\\\/\"},{\"@type\":\"ListItem\",\"position\":2,\"name\":\"Audiovisuelle Technik\",\"item\":\"https:\\\/\\\/www.mzclp.de\\\/?page_id=1348\"},{\"@type\":\"ListItem\",\"position\":3,\"name\":\"Sonstiges\"}]},{\"@type\":\"WebSite\",\"@id\":\"https:\\\/\\\/www.mzclp.de\\\/#website\",\"url\":\"https:\\\/\\\/www.mzclp.de\\\/\",\"name\":\"Medienzentrum Cloppenburg\",\"description\":\"Beratung - Medien - Technik\",\"publisher\":{\"@id\":\"https:\\\/\\\/www.mzclp.de\\\/#organization\"},\"potentialAction\":[{\"@type\":\"SearchAction\",\"target\":{\"@type\":\"EntryPoint\",\"urlTemplate\":\"https:\\\/\\\/www.mzclp.de\\\/?s={search_term_string}\"},\"query-input\":{\"@type\":\"PropertyValueSpecification\",\"valueRequired\":true,\"valueName\":\"search_term_string\"}}],\"inLanguage\":\"de\"},{\"@type\":\"Organization\",\"@id\":\"https:\\\/\\\/www.mzclp.de\\\/#organization\",\"name\":\"Medienzentrum Cloppenburg\",\"url\":\"https:\\\/\\\/www.mzclp.de\\\/\",\"logo\":{\"@type\":\"ImageObject\",\"inLanguage\":\"de\",\"@id\":\"https:\\\/\\\/www.mzclp.de\\\/#\\\/schema\\\/logo\\\/image\\\/\",\"url\":\"https:\\\/\\\/www.mzclp.de\\\/wp-content\\\/uploads\\\/2020\\\/06\\\/cropped-lkclpmzclpf-1.png\",\"contentUrl\":\"https:\\\/\\\/www.mzclp.de\\\/wp-content\\\/uploads\\\/2020\\\/06\\\/cropped-lkclpmzclpf-1.png\",\"width\":3195,\"height\":606,\"caption\":\"Medienzentrum Cloppenburg\"},\"image\":{\"@id\":\"https:\\\/\\\/www.mzclp.de\\\/#\\\/schema\\\/logo\\\/image\\\/\"}}]}<\/script>\n<!-- \/ Yoast SEO plugin. -->","yoast_head_json":{"title":"Sonstiges - Medienzentrum Cloppenburg","robots":{"index":"index","follow":"follow","max-snippet":"max-snippet:-1","max-image-preview":"max-image-preview:large","max-video-preview":"max-video-preview:-1"},"canonical":"https:\/\/www.mzclp.de\/?page_id=6269","og_locale":"de_DE","og_type":"article","og_title":"Sonstiges - Medienzentrum Cloppenburg","og_description":"Sonstiges Wir haben einen Angebotsbereich den wir unter \u201eMedienp\u00e4dagogik\u201c eingeordnet haben. In diesem Bereich halten wir Lernkoffer bzw. Werkzeuge vor, die im Bildungsbereich eingesetzt werden, um Kindern spielerisch Programmierung und Technik n\u00e4herzubringen.","og_url":"https:\/\/www.mzclp.de\/?page_id=6269","og_site_name":"Medienzentrum Cloppenburg","article_modified_time":"2025-07-04T09:30:41+00:00","og_image":[{"width":960,"height":666,"url":"https:\/\/www.mzclp.de\/wp-content\/uploads\/2025\/07\/Sketchnote_Geschichte_Begriff_V2.jpg","type":"image\/jpeg"}],"twitter_card":"summary_large_image","twitter_misc":{"Gesch\u00e4tzte Lesezeit":"1\u00a0Minute"},"schema":{"@context":"https:\/\/schema.org","@graph":[{"@type":"WebPage","@id":"https:\/\/www.mzclp.de\/?page_id=6269","url":"https:\/\/www.mzclp.de\/?page_id=6269","name":"Sonstiges - Medienzentrum Cloppenburg","isPartOf":{"@id":"https:\/\/www.mzclp.de\/#website"},"primaryImageOfPage":{"@id":"https:\/\/www.mzclp.de\/?page_id=6269#primaryimage"},"image":{"@id":"https:\/\/www.mzclp.de\/?page_id=6269#primaryimage"},"thumbnailUrl":"https:\/\/www.mzclp.de\/wp-content\/uploads\/2025\/07\/Sketchnote_Geschichte_Begriff_V2.jpg","datePublished":"2025-07-04T08:05:46+00:00","dateModified":"2025-07-04T09:30:41+00:00","breadcrumb":{"@id":"https:\/\/www.mzclp.de\/?page_id=6269#breadcrumb"},"inLanguage":"de","potentialAction":[{"@type":"ReadAction","target":["https:\/\/www.mzclp.de\/?page_id=6269"]}]},{"@type":"ImageObject","inLanguage":"de","@id":"https:\/\/www.mzclp.de\/?page_id=6269#primaryimage","url":"https:\/\/www.mzclp.de\/wp-content\/uploads\/2025\/07\/Sketchnote_Geschichte_Begriff_V2.jpg","contentUrl":"https:\/\/www.mzclp.de\/wp-content\/uploads\/2025\/07\/Sketchnote_Geschichte_Begriff_V2.jpg","width":960,"height":666},{"@type":"BreadcrumbList","@id":"https:\/\/www.mzclp.de\/?page_id=6269#breadcrumb","itemListElement":[{"@type":"ListItem","position":1,"name":"Startseite","item":"https:\/\/www.mzclp.de\/"},{"@type":"ListItem","position":2,"name":"Audiovisuelle Technik","item":"https:\/\/www.mzclp.de\/?page_id=1348"},{"@type":"ListItem","position":3,"name":"Sonstiges"}]},{"@type":"WebSite","@id":"https:\/\/www.mzclp.de\/#website","url":"https:\/\/www.mzclp.de\/","name":"Medienzentrum Cloppenburg","description":"Beratung - Medien - Technik","publisher":{"@id":"https:\/\/www.mzclp.de\/#organization"},"potentialAction":[{"@type":"SearchAction","target":{"@type":"EntryPoint","urlTemplate":"https:\/\/www.mzclp.de\/?s={search_term_string}"},"query-input":{"@type":"PropertyValueSpecification","valueRequired":true,"valueName":"search_term_string"}}],"inLanguage":"de"},{"@type":"Organization","@id":"https:\/\/www.mzclp.de\/#organization","name":"Medienzentrum Cloppenburg","url":"https:\/\/www.mzclp.de\/","logo":{"@type":"ImageObject","inLanguage":"de","@id":"https:\/\/www.mzclp.de\/#\/schema\/logo\/image\/","url":"https:\/\/www.mzclp.de\/wp-content\/uploads\/2020\/06\/cropped-lkclpmzclpf-1.png","contentUrl":"https:\/\/www.mzclp.de\/wp-content\/uploads\/2020\/06\/cropped-lkclpmzclpf-1.png","width":3195,"height":606,"caption":"Medienzentrum Cloppenburg"},"image":{"@id":"https:\/\/www.mzclp.de\/#\/schema\/logo\/image\/"}}]}},"_links":{"self":[{"href":"https:\/\/www.mzclp.de\/index.php?rest_route=\/wp\/v2\/pages\/6269","targetHints":{"allow":["GET"]}}],"collection":[{"href":"https:\/\/www.mzclp.de\/index.php?rest_route=\/wp\/v2\/pages"}],"about":[{"href":"https:\/\/www.mzclp.de\/index.php?rest_route=\/wp\/v2\/types\/page"}],"author":[{"embeddable":true,"href":"https:\/\/www.mzclp.de\/index.php?rest_route=\/wp\/v2\/users\/2"}],"replies":[{"embeddable":true,"href":"https:\/\/www.mzclp.de\/index.php?rest_route=%2Fwp%2Fv2%2Fcomments&post=6269"}],"version-history":[{"count":8,"href":"https:\/\/www.mzclp.de\/index.php?rest_route=\/wp\/v2\/pages\/6269\/revisions"}],"predecessor-version":[{"id":6282,"href":"https:\/\/www.mzclp.de\/index.php?rest_route=\/wp\/v2\/pages\/6269\/revisions\/6282"}],"up":[{"embeddable":true,"href":"https:\/\/www.mzclp.de\/index.php?rest_route=\/wp\/v2\/pages\/1348"}],"wp:featuredmedia":[{"embeddable":true,"href":"https:\/\/www.mzclp.de\/index.php?rest_route=\/wp\/v2\/media\/6270"}],"wp:attachment":[{"href":"https:\/\/www.mzclp.de\/index.php?rest_route=%2Fwp%2Fv2%2Fmedia&parent=6269"}],"curies":[{"name":"wp","href":"https:\/\/api.w.org\/{rel}","templated":true}]}}