{"id":6439,"date":"2026-04-22T09:18:59","date_gmt":"2026-04-22T07:18:59","guid":{"rendered":"https:\/\/www.mzclp.de\/?page_id=6439"},"modified":"2026-04-22T15:43:19","modified_gmt":"2026-04-22T13:43:19","slug":"nlm-medienkompetenz-an-der-grundschule","status":"publish","type":"page","link":"https:\/\/www.mzclp.de\/?page_id=6439","title":{"rendered":"NLM &#8211; \u201eMedienkompetenz an der Grundschule\u201c"},"content":{"rendered":"<p style=\"text-align: left;\"><div class=\"tx-row \">\n<div class=\"tx-column tx-column-size-1-3\">\n<img loading=\"lazy\" decoding=\"async\" class=\"\" src=\"https:\/\/www.mzclp.de\/wp-content\/uploads\/2026\/04\/logo_nlm.png\" alt=\"\" width=\"300\" height=\"302\" \/><\/div>\n<div class=\"tx-column tx-column-size-2-3\"><\/div><strong>\u201eMedienkompetenz an der Grundschule\u201c<\/strong><br \/>\nAb sofort k\u00f6nnen sich Lehrkr\u00e4fte in Niedersachsen f\u00fcr die Fortbildungsreihe \u201eMedienkompetenz an der Grundschule\u201c anmelden. Der Bedarf an Medienkompetenz im Kontext der Grundschulen steigt stetig. Vor diesem Hintergrund bietet die Nieders\u00e4chsische Landesmedienanstalt (NLM) in Kooperation mit dem Nieders\u00e4chsischen Kultusministerium und dem Landesinstitut f\u00fcr schulische Qualit\u00e4tsentwicklung (NLQ) eine praxisorientierte Fortbildungsreihe zur St\u00e4rkung von Medienkompetenz im Grundschulbereich an.<\/p>\n<p>Die Fortbildung qualifiziert Lehrkr\u00e4fte, digitale Medien sicher und p\u00e4dagogisch sinnvoll im Unterricht einzusetzen und richtet sich vor allem an jene, die noch wenig Erfahrung mit digitalen Medien haben. Ziel ist es, die Lehrkr\u00e4fte gezielt dabei zu unterst\u00fctzen, Medienkompetenz nachhaltig im Unterricht zu verankern.<\/p>\n<p>Die Anmeldung f\u00fcr die Fortbildungsreihe ist ab heute bis zum 1. Juni 2026 \u00fcber die Website der NLM m\u00f6glich. Die Fortbildung ist modular aufgebaut und umfasst medienp\u00e4dagogische Bausteine wie \u201eMediale Lebenswelten von Kindern\u201c und \u201eChancen und Risiken des Internets\u201c, aber auch medienpraktische Bausteine rund um Fotografie, Audioarbeit und Filmprojekte im Unterricht. Erg\u00e4nzend werden Themen wie der Einsatz von Tablets, Online-Medien und Apps im Unterricht behandelt. Die teilnehmenden Schulen k\u00f6nnen jeweils zwei Lehrkr\u00e4fte entsenden, um das Gelernte direkt in der Schule wirksam werden zu lassen.<\/p>\n<p>Mit dieser Initiative wird die p\u00e4dagogische Begleitung von Sch\u00fcler*innen im Umgang mit digitalen Medien systematisch gest\u00e4rkt. Die Fortbildungen sind kostenfrei und tragen dazu bei, medienp\u00e4dagogisches Denken als festen Bestandteil des Grundschulalltags zu etablieren. Die NLM leistet damit gemeinsam mit ihren Projektpartnern einen wichtigen Beitrag zur nachhaltigen Verankerung von Medienkompetenz im Schulalltag.<br \/>\n<\/div>\n<h3>Ausschreibung f\u00fcr die Fortbildungsreihen im Schuljahr 2026\/2027<\/h3>\n<div id=\"c8229\" class=\"cont-ds frame frame-default frame-type-textpic 0\">\n<div class=\"ce-textpic ce-right ce-intext\">\n<div class=\"ce-bodytext\">\n<p>Die Projekttr\u00e4ger schreiben f\u00fcr das Schuljahr 2026\/2027 erneut die medienp\u00e4dagogische Qualifizierung &#8222;Medienkompetenz an der Grundschule&#8220; f\u00fcr Lehrer*innen an Grundschulen aus. Sie werden zehn Fortbildungsgruppen mit maximal bis zu 14 Teilnehmer*innen einrichten.<\/p>\n<p><strong>Anmeldung<\/strong><br \/>\nBitte lesen Sie sich die Hinweise zur Fortbildungsorganisation und den Teilnahmevoraussetzungen\u00a0vor einer Anmeldung gr\u00fcndlich durch. Die Anmeldung\u00a0<span style=\"color: #ff0000;\"><strong>ist verbindlich<\/strong><\/span>. Eine Anmeldung erfolgt <span style=\"color: #ff0000;\"><strong>ausschlie\u00dflich<\/strong><\/span> \u00fcber das Online-Anmeldeformular der NLM. Lehrkr\u00e4fte k\u00f6nnen sich ab <span style=\"color: #ff0000;\"><strong>sofort bis zum 1. Juni 2026<\/strong> <strong>anmelden<\/strong><\/span> unter: <strong><span style=\"color: #0000ff;\"><a style=\"color: #0000ff;\" href=\"https:\/\/www.nlm.de\/grundschulen\" target=\"_blank\" rel=\"noopener\">https:\/\/www.nlm.de\/grundschulen<\/a><\/span><\/strong><\/p>\n<p>Weitere Informationen zu den Angeboten werden dort fortlaufend aktualisiert.<br \/>\nDie Fortbildungen erfolgen in Kooperation mit dem Medienzentrum, einer Schule oder einem B\u00fcrgersender der jeweiligen Region.<\/p>\n<h3>Links &amp; Informationen<\/h3>\n<a class=\"tx-button\" href=\"https:\/\/www.nlm.de\/fileadmin\/dateien\/medienkompetenz\/Meko_GS_final.png\" target=\"_blank\" style=\"color: #FFFFFF; background-color: #f11303\">Download Ausschreibungsflyer<\/a>\n<div class=\"tx-spacer clearfix\" style=\"height: 32px\"><\/div>\n<p style=\"text-align: right;\"><a class=\"tx-button\" href=\"https:\/\/www.mzclp.de\/?page_id=2088\" target=\"_self\" style=\"color: #ffffff; background-color: #f11303\">zur\u00fcck<\/a>\n<\/div>\n<\/div>\n<\/div>\n","protected":false},"excerpt":{"rendered":"<p>Ausschreibung f\u00fcr die Fortbildungsreihen im Schuljahr 2026\/2027 Die Projekttr\u00e4ger schreiben f\u00fcr das Schuljahr 2026\/2027 erneut die medienp\u00e4dagogische Qualifizierung &#8222;Medienkompetenz an der Grundschule&#8220; f\u00fcr Lehrer*innen an Grundschulen aus. Sie werden zehn Fortbildungsgruppen mit<\/p>\n<a class=\"moretag noptoppad\" href=\"https:\/\/www.mzclp.de\/?page_id=6439\">Read More...<\/a>","protected":false},"author":2,"featured_media":0,"parent":0,"menu_order":0,"comment_status":"closed","ping_status":"closed","template":"","meta":{"_crdt_document":"","footnotes":""},"class_list":["post-6439","page","type-page","status-publish","hentry"],"yoast_head":"<!-- This site is optimized with the Yoast SEO plugin v27.4 - https:\/\/yoast.com\/product\/yoast-seo-wordpress\/ -->\n<title>NLM - \u201eMedienkompetenz an der Grundschule\u201c - Medienzentrum Cloppenburg<\/title>\n<meta name=\"robots\" content=\"index, follow, max-snippet:-1, max-image-preview:large, max-video-preview:-1\" \/>\n<link rel=\"canonical\" href=\"https:\/\/www.mzclp.de\/?page_id=6439\" \/>\n<meta property=\"og:locale\" content=\"de_DE\" \/>\n<meta property=\"og:type\" content=\"article\" \/>\n<meta property=\"og:title\" content=\"NLM - \u201eMedienkompetenz an der Grundschule\u201c - Medienzentrum Cloppenburg\" \/>\n<meta property=\"og:description\" content=\"Ausschreibung f\u00fcr die Fortbildungsreihen im Schuljahr 2026\/2027 Die Projekttr\u00e4ger schreiben f\u00fcr das Schuljahr 2026\/2027 erneut die medienp\u00e4dagogische Qualifizierung &#8222;Medienkompetenz an der Grundschule&#8220; f\u00fcr Lehrer*innen an Grundschulen aus. Sie werden zehn Fortbildungsgruppen mit\" \/>\n<meta property=\"og:url\" content=\"https:\/\/www.mzclp.de\/?page_id=6439\" \/>\n<meta property=\"og:site_name\" content=\"Medienzentrum Cloppenburg\" \/>\n<meta property=\"article:modified_time\" content=\"2026-04-22T13:43:19+00:00\" \/>\n<meta property=\"og:image\" content=\"https:\/\/www.mzclp.de\/wp-content\/uploads\/2026\/04\/logo_nlm.png\" \/>\n<meta name=\"twitter:card\" content=\"summary_large_image\" \/>\n<meta name=\"twitter:label1\" content=\"Gesch\u00e4tzte Lesezeit\" \/>\n\t<meta name=\"twitter:data1\" content=\"3\u00a0Minuten\" \/>\n<script type=\"application\/ld+json\" class=\"yoast-schema-graph\">{\"@context\":\"https:\\\/\\\/schema.org\",\"@graph\":[{\"@type\":\"WebPage\",\"@id\":\"https:\\\/\\\/www.mzclp.de\\\/?page_id=6439\",\"url\":\"https:\\\/\\\/www.mzclp.de\\\/?page_id=6439\",\"name\":\"NLM - \u201eMedienkompetenz an der Grundschule\u201c - Medienzentrum Cloppenburg\",\"isPartOf\":{\"@id\":\"https:\\\/\\\/www.mzclp.de\\\/#website\"},\"primaryImageOfPage\":{\"@id\":\"https:\\\/\\\/www.mzclp.de\\\/?page_id=6439#primaryimage\"},\"image\":{\"@id\":\"https:\\\/\\\/www.mzclp.de\\\/?page_id=6439#primaryimage\"},\"thumbnailUrl\":\"https:\\\/\\\/www.mzclp.de\\\/wp-content\\\/uploads\\\/2026\\\/04\\\/logo_nlm.png\",\"datePublished\":\"2026-04-22T07:18:59+00:00\",\"dateModified\":\"2026-04-22T13:43:19+00:00\",\"breadcrumb\":{\"@id\":\"https:\\\/\\\/www.mzclp.de\\\/?page_id=6439#breadcrumb\"},\"inLanguage\":\"de\",\"potentialAction\":[{\"@type\":\"ReadAction\",\"target\":[\"https:\\\/\\\/www.mzclp.de\\\/?page_id=6439\"]}]},{\"@type\":\"ImageObject\",\"inLanguage\":\"de\",\"@id\":\"https:\\\/\\\/www.mzclp.de\\\/?page_id=6439#primaryimage\",\"url\":\"https:\\\/\\\/www.mzclp.de\\\/wp-content\\\/uploads\\\/2026\\\/04\\\/logo_nlm.png\",\"contentUrl\":\"https:\\\/\\\/www.mzclp.de\\\/wp-content\\\/uploads\\\/2026\\\/04\\\/logo_nlm.png\",\"width\":400,\"height\":300},{\"@type\":\"BreadcrumbList\",\"@id\":\"https:\\\/\\\/www.mzclp.de\\\/?page_id=6439#breadcrumb\",\"itemListElement\":[{\"@type\":\"ListItem\",\"position\":1,\"name\":\"Startseite\",\"item\":\"https:\\\/\\\/www.mzclp.de\\\/\"},{\"@type\":\"ListItem\",\"position\":2,\"name\":\"NLM &#8211; \u201eMedienkompetenz an der Grundschule\u201c\"}]},{\"@type\":\"WebSite\",\"@id\":\"https:\\\/\\\/www.mzclp.de\\\/#website\",\"url\":\"https:\\\/\\\/www.mzclp.de\\\/\",\"name\":\"Medienzentrum Cloppenburg\",\"description\":\"Beratung - Medien - Technik\",\"publisher\":{\"@id\":\"https:\\\/\\\/www.mzclp.de\\\/#organization\"},\"potentialAction\":[{\"@type\":\"SearchAction\",\"target\":{\"@type\":\"EntryPoint\",\"urlTemplate\":\"https:\\\/\\\/www.mzclp.de\\\/?s={search_term_string}\"},\"query-input\":{\"@type\":\"PropertyValueSpecification\",\"valueRequired\":true,\"valueName\":\"search_term_string\"}}],\"inLanguage\":\"de\"},{\"@type\":\"Organization\",\"@id\":\"https:\\\/\\\/www.mzclp.de\\\/#organization\",\"name\":\"Medienzentrum Cloppenburg\",\"url\":\"https:\\\/\\\/www.mzclp.de\\\/\",\"logo\":{\"@type\":\"ImageObject\",\"inLanguage\":\"de\",\"@id\":\"https:\\\/\\\/www.mzclp.de\\\/#\\\/schema\\\/logo\\\/image\\\/\",\"url\":\"https:\\\/\\\/www.mzclp.de\\\/wp-content\\\/uploads\\\/2020\\\/06\\\/cropped-lkclpmzclpf-1.png\",\"contentUrl\":\"https:\\\/\\\/www.mzclp.de\\\/wp-content\\\/uploads\\\/2020\\\/06\\\/cropped-lkclpmzclpf-1.png\",\"width\":3195,\"height\":606,\"caption\":\"Medienzentrum Cloppenburg\"},\"image\":{\"@id\":\"https:\\\/\\\/www.mzclp.de\\\/#\\\/schema\\\/logo\\\/image\\\/\"}}]}<\/script>\n<!-- \/ Yoast SEO plugin. -->","yoast_head_json":{"title":"NLM - \u201eMedienkompetenz an der Grundschule\u201c - Medienzentrum Cloppenburg","robots":{"index":"index","follow":"follow","max-snippet":"max-snippet:-1","max-image-preview":"max-image-preview:large","max-video-preview":"max-video-preview:-1"},"canonical":"https:\/\/www.mzclp.de\/?page_id=6439","og_locale":"de_DE","og_type":"article","og_title":"NLM - \u201eMedienkompetenz an der Grundschule\u201c - Medienzentrum Cloppenburg","og_description":"Ausschreibung f\u00fcr die Fortbildungsreihen im Schuljahr 2026\/2027 Die Projekttr\u00e4ger schreiben f\u00fcr das Schuljahr 2026\/2027 erneut die medienp\u00e4dagogische Qualifizierung &#8222;Medienkompetenz an der Grundschule&#8220; f\u00fcr Lehrer*innen an Grundschulen aus. Sie werden zehn Fortbildungsgruppen mit","og_url":"https:\/\/www.mzclp.de\/?page_id=6439","og_site_name":"Medienzentrum Cloppenburg","article_modified_time":"2026-04-22T13:43:19+00:00","og_image":[{"url":"https:\/\/www.mzclp.de\/wp-content\/uploads\/2026\/04\/logo_nlm.png","type":"","width":"","height":""}],"twitter_card":"summary_large_image","twitter_misc":{"Gesch\u00e4tzte Lesezeit":"3\u00a0Minuten"},"schema":{"@context":"https:\/\/schema.org","@graph":[{"@type":"WebPage","@id":"https:\/\/www.mzclp.de\/?page_id=6439","url":"https:\/\/www.mzclp.de\/?page_id=6439","name":"NLM - \u201eMedienkompetenz an der Grundschule\u201c - Medienzentrum Cloppenburg","isPartOf":{"@id":"https:\/\/www.mzclp.de\/#website"},"primaryImageOfPage":{"@id":"https:\/\/www.mzclp.de\/?page_id=6439#primaryimage"},"image":{"@id":"https:\/\/www.mzclp.de\/?page_id=6439#primaryimage"},"thumbnailUrl":"https:\/\/www.mzclp.de\/wp-content\/uploads\/2026\/04\/logo_nlm.png","datePublished":"2026-04-22T07:18:59+00:00","dateModified":"2026-04-22T13:43:19+00:00","breadcrumb":{"@id":"https:\/\/www.mzclp.de\/?page_id=6439#breadcrumb"},"inLanguage":"de","potentialAction":[{"@type":"ReadAction","target":["https:\/\/www.mzclp.de\/?page_id=6439"]}]},{"@type":"ImageObject","inLanguage":"de","@id":"https:\/\/www.mzclp.de\/?page_id=6439#primaryimage","url":"https:\/\/www.mzclp.de\/wp-content\/uploads\/2026\/04\/logo_nlm.png","contentUrl":"https:\/\/www.mzclp.de\/wp-content\/uploads\/2026\/04\/logo_nlm.png","width":400,"height":300},{"@type":"BreadcrumbList","@id":"https:\/\/www.mzclp.de\/?page_id=6439#breadcrumb","itemListElement":[{"@type":"ListItem","position":1,"name":"Startseite","item":"https:\/\/www.mzclp.de\/"},{"@type":"ListItem","position":2,"name":"NLM &#8211; \u201eMedienkompetenz an der Grundschule\u201c"}]},{"@type":"WebSite","@id":"https:\/\/www.mzclp.de\/#website","url":"https:\/\/www.mzclp.de\/","name":"Medienzentrum Cloppenburg","description":"Beratung - Medien - Technik","publisher":{"@id":"https:\/\/www.mzclp.de\/#organization"},"potentialAction":[{"@type":"SearchAction","target":{"@type":"EntryPoint","urlTemplate":"https:\/\/www.mzclp.de\/?s={search_term_string}"},"query-input":{"@type":"PropertyValueSpecification","valueRequired":true,"valueName":"search_term_string"}}],"inLanguage":"de"},{"@type":"Organization","@id":"https:\/\/www.mzclp.de\/#organization","name":"Medienzentrum Cloppenburg","url":"https:\/\/www.mzclp.de\/","logo":{"@type":"ImageObject","inLanguage":"de","@id":"https:\/\/www.mzclp.de\/#\/schema\/logo\/image\/","url":"https:\/\/www.mzclp.de\/wp-content\/uploads\/2020\/06\/cropped-lkclpmzclpf-1.png","contentUrl":"https:\/\/www.mzclp.de\/wp-content\/uploads\/2020\/06\/cropped-lkclpmzclpf-1.png","width":3195,"height":606,"caption":"Medienzentrum Cloppenburg"},"image":{"@id":"https:\/\/www.mzclp.de\/#\/schema\/logo\/image\/"}}]}},"_links":{"self":[{"href":"https:\/\/www.mzclp.de\/index.php?rest_route=\/wp\/v2\/pages\/6439","targetHints":{"allow":["GET"]}}],"collection":[{"href":"https:\/\/www.mzclp.de\/index.php?rest_route=\/wp\/v2\/pages"}],"about":[{"href":"https:\/\/www.mzclp.de\/index.php?rest_route=\/wp\/v2\/types\/page"}],"author":[{"embeddable":true,"href":"https:\/\/www.mzclp.de\/index.php?rest_route=\/wp\/v2\/users\/2"}],"replies":[{"embeddable":true,"href":"https:\/\/www.mzclp.de\/index.php?rest_route=%2Fwp%2Fv2%2Fcomments&post=6439"}],"version-history":[{"count":10,"href":"https:\/\/www.mzclp.de\/index.php?rest_route=\/wp\/v2\/pages\/6439\/revisions"}],"predecessor-version":[{"id":6461,"href":"https:\/\/www.mzclp.de\/index.php?rest_route=\/wp\/v2\/pages\/6439\/revisions\/6461"}],"wp:attachment":[{"href":"https:\/\/www.mzclp.de\/index.php?rest_route=%2Fwp%2Fv2%2Fmedia&parent=6439"}],"curies":[{"name":"wp","href":"https:\/\/api.w.org\/{rel}","templated":true}]}}